	{"id":4014,"date":"2021-04-27T14:46:29","date_gmt":"2021-04-27T12:46:29","guid":{"rendered":"https:\/\/mib.sk\/?page_id=4014"},"modified":"2025-06-20T10:02:09","modified_gmt":"2025-06-20T08:02:09","slug":"uzemne-planovanie","status":"publish","type":"page","link":"https:\/\/mib.sk\/en\/organizacna-struktura\/uzemne-planovanie\/","title":{"rendered":"Spatial Planning Section"},"content":{"rendered":"\n<h4 class=\"wp-block-heading\">The Spatial Planning Section is responsible for planning the city&#8217;s spatial development. It prepares the city&#8217;s master plan and its updates and works on the development of spatial planning methodologies for the specific needs of the city. The department also works on urban studies and collaborates on other conceptual and strategic materials of the city.&nbsp;&nbsp;<\/h4>\n\n\n\n<p>It regularly monitors and evaluates the condition of the area or the state of individual functional systems.\u202f&nbsp;<\/p>\n\n\n\n<p>It produces spatial data for the spatial planning area in the geographical information system.\u202fIn cooperation with the Municipality&#8217;s departments, this department prepares a spatial-analytical foundation with the working title atlas5000 Bratislava, which would make data from various areas available to users in a transparent way.\u202f\u202f&nbsp;<\/p>\n\n\n\n<p>It also provides consultancy activities on specifications, processed spatial planning documents and documentation processed by other entities for the metropolitan area and the adjacent region, including the preparation of opinions on these specifications and documents.&nbsp;&nbsp;<\/p>\n\n\n\n<p>The department monitors and evaluates the intentions of state and EU policy in the field of spatial planning and regional economic and social development. It also monitors legislation in the field of spatial planning.\u202f&nbsp;<\/p>\n\n\n\n<p><strong>Employees of this section are listed individually under their departments.<\/strong><\/p>\n\n\n    <div class=\"person-big-block\">\r\n        \r\n        <div class=\"container\">\r\n            <div class=\"row\">\r\n\r\n                \r\n                                    <div class=\"col-lg-6 static\">\r\n                        <div class=\"person\">\r\n                            <div class=\"person-info\">\r\n                                                                    <div class=\"person-img\">\r\n                                        <img decoding=\"async\" width=\"260\" height=\"260\" src=\"https:\/\/mib.sk\/wp-content\/uploads\/2024\/04\/karin_toto-260x260.jpg\" class=\"attachment-person_260x260 size-person_260x260\" alt=\"\" srcset=\"https:\/\/mib.sk\/wp-content\/uploads\/2024\/04\/karin_toto-260x260.jpg 260w, https:\/\/mib.sk\/wp-content\/uploads\/2024\/04\/karin_toto-300x300.jpg 300w, https:\/\/mib.sk\/wp-content\/uploads\/2024\/04\/karin_toto-1024x1024.jpg 1024w, https:\/\/mib.sk\/wp-content\/uploads\/2024\/04\/karin_toto-150x150.jpg 150w, https:\/\/mib.sk\/wp-content\/uploads\/2024\/04\/karin_toto-768x768.jpg 768w, https:\/\/mib.sk\/wp-content\/uploads\/2024\/04\/karin_toto-1536x1536.jpg 1536w, https:\/\/mib.sk\/wp-content\/uploads\/2024\/04\/karin_toto-2048x2048.jpg 2048w, https:\/\/mib.sk\/wp-content\/uploads\/2024\/04\/karin_toto-270x270.jpg 270w, https:\/\/mib.sk\/wp-content\/uploads\/2024\/04\/karin_toto-305x305.jpg 305w, https:\/\/mib.sk\/wp-content\/uploads\/2024\/04\/karin_toto-400x400.jpg 400w, https:\/\/mib.sk\/wp-content\/uploads\/2024\/04\/karin_toto-180x180.jpg 180w, https:\/\/mib.sk\/wp-content\/uploads\/2024\/04\/karin_toto-280x280.jpg 280w, https:\/\/mib.sk\/wp-content\/uploads\/2024\/04\/karin_toto-635x635.jpg 635w, https:\/\/mib.sk\/wp-content\/uploads\/2024\/04\/karin_toto-740x740.jpg 740w, https:\/\/mib.sk\/wp-content\/uploads\/2024\/04\/karin_toto-370x370.jpg 370w\" sizes=\"(max-width: 260px) 100vw, 260px\" \/>                                    <\/div>\r\n                                                                <div class=\"person-meta\">\r\n                                                                            <h4>Ing. arch. Karin Lexmann<\/h4>\r\n                                                                                                                <div class=\"position\">Authorized director of the Spatial Planning Section<\/div>\r\n                                                                                                                <a href=\"mailto:karin.lexmann@mib.sk\">karin.lexmann@mib.sk<\/a>\r\n                                                                        \r\n                                                                        \r\n                                <\/div>\r\n                            <\/div>\r\n                            <div class=\"person-desc\">\r\n                                                                                            <\/div>\r\n                        <\/div>\r\n                    <\/div>\r\n                            <\/div>\r\n        <\/div>\r\n    <\/div>\r\n","protected":false},"excerpt":{"rendered":"<p>The Spatial Planning Section is responsible for planning the city&#8217;s spatial development. It prepares the city&#8217;s master plan and its updates and works on the development of spatial planning methodologies for the specific needs of the city. The department also works on urban studies and collaborates on other conceptual and strategic materials of the city.&nbsp;&nbsp;&#8230;<\/p>\n","protected":false},"author":7,"featured_media":0,"parent":3959,"menu_order":0,"comment_status":"closed","ping_status":"closed","template":"organisation.php","meta":{"_acf_changed":false,"inline_featured_image":false,"footnotes":""},"class_list":["post-4014","page","type-page","status-publish","hentry"],"acf":[],"yoast_head":"<!-- This site is optimized with the Yoast SEO plugin v23.4 - https:\/\/yoast.com\/wordpress\/plugins\/seo\/ -->\n<title>Spatial Planning Section - Metropolitn\u00fd in\u0161tit\u00fat Bratislavy<\/title>\n<meta name=\"robots\" content=\"index, follow, max-snippet:-1, max-image-preview:large, max-video-preview:-1\" \/>\n<link rel=\"canonical\" href=\"https:\/\/mib.sk\/en\/organizacna-struktura\/uzemne-planovanie\/\" \/>\n<meta property=\"og:locale\" content=\"en_US\" \/>\n<meta property=\"og:type\" content=\"article\" \/>\n<meta property=\"og:title\" content=\"Spatial Planning Section - Metropolitn\u00fd in\u0161tit\u00fat Bratislavy\" \/>\n<meta property=\"og:description\" content=\"The Spatial Planning Section is responsible for planning the city&#8217;s spatial development. It prepares the city&#8217;s master plan and its updates and works on the development of spatial planning methodologies for the specific needs of the city. The department also works on urban studies and collaborates on other conceptual and strategic materials of the city.&nbsp;&nbsp;...\" \/>\n<meta property=\"og:url\" content=\"https:\/\/mib.sk\/en\/organizacna-struktura\/uzemne-planovanie\/\" \/>\n<meta property=\"og:site_name\" content=\"Metropolitn\u00fd in\u0161tit\u00fat Bratislavy\" \/>\n<meta property=\"article:modified_time\" content=\"2025-06-20T08:02:09+00:00\" \/>\n<meta name=\"twitter:card\" content=\"summary_large_image\" \/>\n<meta name=\"twitter:label1\" content=\"Est. reading time\" \/>\n\t<meta name=\"twitter:data1\" content=\"2 minutes\" \/>\n<script type=\"application\/ld+json\" class=\"yoast-schema-graph\">{\"@context\":\"https:\/\/schema.org\",\"@graph\":[{\"@type\":\"WebPage\",\"@id\":\"https:\/\/mib.sk\/en\/organizacna-struktura\/uzemne-planovanie\/\",\"url\":\"https:\/\/mib.sk\/en\/organizacna-struktura\/uzemne-planovanie\/\",\"name\":\"Spatial Planning Section - Metropolitn\u00fd in\u0161tit\u00fat Bratislavy\",\"isPartOf\":{\"@id\":\"https:\/\/mib.sk\/#website\"},\"datePublished\":\"2021-04-27T12:46:29+00:00\",\"dateModified\":\"2025-06-20T08:02:09+00:00\",\"breadcrumb\":{\"@id\":\"https:\/\/mib.sk\/en\/organizacna-struktura\/uzemne-planovanie\/#breadcrumb\"},\"inLanguage\":\"en-US\",\"potentialAction\":[{\"@type\":\"ReadAction\",\"target\":[\"https:\/\/mib.sk\/en\/organizacna-struktura\/uzemne-planovanie\/\"]}]},{\"@type\":\"BreadcrumbList\",\"@id\":\"https:\/\/mib.sk\/en\/organizacna-struktura\/uzemne-planovanie\/#breadcrumb\",\"itemListElement\":[{\"@type\":\"ListItem\",\"position\":1,\"name\":\"Home\",\"item\":\"https:\/\/mib.sk\/en\/\"},{\"@type\":\"ListItem\",\"position\":2,\"name\":\"Organizational structure\",\"item\":\"https:\/\/mib.sk\/en\/organizacna-struktura\/\"},{\"@type\":\"ListItem\",\"position\":3,\"name\":\"Spatial Planning Section\"}]},{\"@type\":\"WebSite\",\"@id\":\"https:\/\/mib.sk\/#website\",\"url\":\"https:\/\/mib.sk\/\",\"name\":\"Metropolitn\u00fd in\u0161tit\u00fat Bratislavy\",\"description\":\"\",\"potentialAction\":[{\"@type\":\"SearchAction\",\"target\":{\"@type\":\"EntryPoint\",\"urlTemplate\":\"https:\/\/mib.sk\/?s={search_term_string}\"},\"query-input\":{\"@type\":\"PropertyValueSpecification\",\"valueRequired\":true,\"valueName\":\"search_term_string\"}}],\"inLanguage\":\"en-US\"}]}<\/script>\n<!-- \/ Yoast SEO plugin. -->","yoast_head_json":{"title":"Spatial Planning Section - Metropolitn\u00fd in\u0161tit\u00fat Bratislavy","robots":{"index":"index","follow":"follow","max-snippet":"max-snippet:-1","max-image-preview":"max-image-preview:large","max-video-preview":"max-video-preview:-1"},"canonical":"https:\/\/mib.sk\/en\/organizacna-struktura\/uzemne-planovanie\/","og_locale":"en_US","og_type":"article","og_title":"Spatial Planning Section - Metropolitn\u00fd in\u0161tit\u00fat Bratislavy","og_description":"The Spatial Planning Section is responsible for planning the city&#8217;s spatial development. It prepares the city&#8217;s master plan and its updates and works on the development of spatial planning methodologies for the specific needs of the city. The department also works on urban studies and collaborates on other conceptual and strategic materials of the city.&nbsp;&nbsp;...","og_url":"https:\/\/mib.sk\/en\/organizacna-struktura\/uzemne-planovanie\/","og_site_name":"Metropolitn\u00fd in\u0161tit\u00fat Bratislavy","article_modified_time":"2025-06-20T08:02:09+00:00","twitter_card":"summary_large_image","twitter_misc":{"Est. reading time":"2 minutes"},"schema":{"@context":"https:\/\/schema.org","@graph":[{"@type":"WebPage","@id":"https:\/\/mib.sk\/en\/organizacna-struktura\/uzemne-planovanie\/","url":"https:\/\/mib.sk\/en\/organizacna-struktura\/uzemne-planovanie\/","name":"Spatial Planning Section - Metropolitn\u00fd in\u0161tit\u00fat Bratislavy","isPartOf":{"@id":"https:\/\/mib.sk\/#website"},"datePublished":"2021-04-27T12:46:29+00:00","dateModified":"2025-06-20T08:02:09+00:00","breadcrumb":{"@id":"https:\/\/mib.sk\/en\/organizacna-struktura\/uzemne-planovanie\/#breadcrumb"},"inLanguage":"en-US","potentialAction":[{"@type":"ReadAction","target":["https:\/\/mib.sk\/en\/organizacna-struktura\/uzemne-planovanie\/"]}]},{"@type":"BreadcrumbList","@id":"https:\/\/mib.sk\/en\/organizacna-struktura\/uzemne-planovanie\/#breadcrumb","itemListElement":[{"@type":"ListItem","position":1,"name":"Home","item":"https:\/\/mib.sk\/en\/"},{"@type":"ListItem","position":2,"name":"Organizational structure","item":"https:\/\/mib.sk\/en\/organizacna-struktura\/"},{"@type":"ListItem","position":3,"name":"Spatial Planning Section"}]},{"@type":"WebSite","@id":"https:\/\/mib.sk\/#website","url":"https:\/\/mib.sk\/","name":"Metropolitn\u00fd in\u0161tit\u00fat Bratislavy","description":"","potentialAction":[{"@type":"SearchAction","target":{"@type":"EntryPoint","urlTemplate":"https:\/\/mib.sk\/?s={search_term_string}"},"query-input":{"@type":"PropertyValueSpecification","valueRequired":true,"valueName":"search_term_string"}}],"inLanguage":"en-US"}]}},"_links":{"self":[{"href":"https:\/\/mib.sk\/en\/wp-json\/wp\/v2\/pages\/4014"}],"collection":[{"href":"https:\/\/mib.sk\/en\/wp-json\/wp\/v2\/pages"}],"about":[{"href":"https:\/\/mib.sk\/en\/wp-json\/wp\/v2\/types\/page"}],"author":[{"embeddable":true,"href":"https:\/\/mib.sk\/en\/wp-json\/wp\/v2\/users\/7"}],"replies":[{"embeddable":true,"href":"https:\/\/mib.sk\/en\/wp-json\/wp\/v2\/comments?post=4014"}],"version-history":[{"count":27,"href":"https:\/\/mib.sk\/en\/wp-json\/wp\/v2\/pages\/4014\/revisions"}],"predecessor-version":[{"id":27983,"href":"https:\/\/mib.sk\/en\/wp-json\/wp\/v2\/pages\/4014\/revisions\/27983"}],"up":[{"embeddable":true,"href":"https:\/\/mib.sk\/en\/wp-json\/wp\/v2\/pages\/3959"}],"wp:attachment":[{"href":"https:\/\/mib.sk\/en\/wp-json\/wp\/v2\/media?parent=4014"}],"curies":[{"name":"wp","href":"https:\/\/api.w.org\/{rel}","templated":true}]}}