	{"id":3959,"date":"2021-04-27T13:51:14","date_gmt":"2021-04-27T11:51:14","guid":{"rendered":"https:\/\/mib.sk\/?page_id=3959"},"modified":"2024-10-20T16:22:19","modified_gmt":"2024-10-20T14:22:19","slug":"organizacna-struktura","status":"publish","type":"page","link":"https:\/\/mib.sk\/en\/organizacna-struktura\/","title":{"rendered":"Organizational structure"},"content":{"rendered":"    <div class=\"page-organizacna-struktura-container\">\r\n        <div class=\"container\">\r\n            <div class=\"organizacna-struktura-w\">\r\n                <div class=\"organizacna-struktura-flex\">\r\n                                            <div class=\"org-element with-dropdown\">\r\n                          <div class=\"org-element-i\"> \r\n                            \t\t\t\t\t\t      <a href=\"https:\/\/mib.sk\/en\/organizacna-struktura\/kancelaria-riaditela\/\" target=\"\" class=\"pagesplitter-page os-page\">Director\u2019s office<span class=\"action-status\">+<\/span><\/a>                         \r\n                                \r\n                                            <div class=\"dd-element\">\r\n                          <div class=\"dd-element-i\">\r\n                                                     \r\n                                \r\n\t\t\t\t\t\t <div class=\"dd-element-item\"><a href=\"https:\/\/mib.sk\/en\/organizacna-struktura\/kancelaria-riaditela\/\" target=\"\" class=\"os-subpage\">Director\u2019s office<\/a><\/div>\r\n\t\t\t\t\t\t\r\n\t\t\t\t\t                                \r\n                                \r\n\t\t\t\t\t\t <div class=\"dd-element-item\"><a href=\"https:\/\/mib.sk\/en\/organizacna-struktura\/kancelaria-riaditela\/communication-department\/\" target=\"\" class=\"os-subpage\">Communication Department<\/a><\/div>\r\n\t\t\t\t\t\t\r\n\t\t\t\t\t                          <\/div>\r\n                        <\/div>\r\n                                              <\/div>\r\n                        <\/div> <!-- org-element -->                       \r\n                                            <div class=\"org-element with-dropdown\">\r\n                          <div class=\"org-element-i\"> \r\n                            \t\t\t\t\t\t      <a href=\"https:\/\/mib.sk\/en\/organizacna-struktura\/uzemne-planovanie\/\" target=\"\" class=\"pagesplitter-page os-page\">Spatial Planning Section<span class=\"action-status\">+<\/span><\/a>                         \r\n                                \r\n                                            <div class=\"dd-element\">\r\n                          <div class=\"dd-element-i\">\r\n                                                     \r\n                                \r\n\t\t\t\t\t\t <div class=\"dd-element-item\"><a href=\"https:\/\/mib.sk\/en\/organizacna-struktura\/uzemne-planovanie\/\" target=\"\" class=\"os-subpage\">Spatial Planning Section<\/a><\/div>\r\n\t\t\t\t\t\t\r\n\t\t\t\t\t                                \r\n                                \r\n\t\t\t\t\t\t <div class=\"dd-element-item\"><a href=\"https:\/\/mib.sk\/en\/organizacna-struktura\/uzemne-planovanie\/department-of-spatial-concepts-and-analyses\/\" target=\"\" class=\"os-subpage\">Department of Spatial Concepts and Analyses<\/a><\/div>\r\n\t\t\t\t\t\t\r\n\t\t\t\t\t                                \r\n                                \r\n\t\t\t\t\t\t <div class=\"dd-element-item\"><a href=\"https:\/\/mib.sk\/en\/organizacna-struktura\/uzemne-planovanie\/data-and-gis\/\" target=\"\" class=\"os-subpage\">Data and GIS<\/a><\/div>\r\n\t\t\t\t\t\t\r\n\t\t\t\t\t                                \r\n                                \r\n\t\t\t\t\t\t <div class=\"dd-element-item\"><a href=\"https:\/\/mib.sk\/en\/organizacna-struktura\/uzemne-planovanie\/department-of-metropolitan-planning\/\" target=\"\" class=\"os-subpage\">Department of Metropolitan Planning<\/a><\/div>\r\n\t\t\t\t\t\t\r\n\t\t\t\t\t                                \r\n                                \r\n\t\t\t\t\t\t <div class=\"dd-element-item\"><a href=\"https:\/\/mib.sk\/en\/organizacna-struktura\/uzemne-planovanie\/department-of-changes-and-supplements\/\" target=\"\" class=\"os-subpage\">Department of Changes and Supplements<\/a><\/div>\r\n\t\t\t\t\t\t\r\n\t\t\t\t\t                          <\/div>\r\n                        <\/div>\r\n                                              <\/div>\r\n                        <\/div> <!-- org-element -->                       \r\n                                            <div class=\"org-element \">\r\n                          <div class=\"org-element-i\"> \r\n                                \r\n\t\t\t\t\t\t      <a href=\"https:\/\/mib.sk\/en\/organizacna-struktura\/urban-studies-and-participation-section\/\" target=\"\" class=\"pagesplitter-page os-page\" >Urban Studies and Participation Section<\/a>\r\n                                \r\n                                              <\/div>\r\n                        <\/div> <!-- org-element -->                       \r\n                                            <div class=\"org-element \">\r\n                          <div class=\"org-element-i\"> \r\n                                \r\n\t\t\t\t\t\t      <a href=\"https:\/\/mib.sk\/en\/organizacna-struktura\/verejne-priestory\/\" target=\"\" class=\"pagesplitter-page os-page\" >Public Space Concepts Section<\/a>\r\n                                \r\n                                              <\/div>\r\n                        <\/div> <!-- org-element -->                       \r\n                                            <div class=\"org-element with-dropdown\">\r\n                          <div class=\"org-element-i\"> \r\n                            \t\t\t\t\t\t      <a href=\"https:\/\/mib.sk\/en\/organizacna-struktura\/urban-spaces-development-section\/\" target=\"\" class=\"pagesplitter-page os-page\">Urban Spaces Development Section<span class=\"action-status\">+<\/span><\/a>                         \r\n                                \r\n                                            <div class=\"dd-element\">\r\n                          <div class=\"dd-element-i\">\r\n                                                     \r\n                                \r\n\t\t\t\t\t\t <div class=\"dd-element-item\"><a href=\"https:\/\/mib.sk\/en\/organizacna-struktura\/urban-spaces-development-section\/\" target=\"\" class=\"os-subpage\">Urban Spaces Development Section<\/a><\/div>\r\n\t\t\t\t\t\t\r\n\t\t\t\t\t                                \r\n                                \r\n\t\t\t\t\t\t <div class=\"dd-element-item\"><a href=\"https:\/\/mib.sk\/en\/organizacna-struktura\/urban-spaces-development-section\/city-buildings-department\/\" target=\"\" class=\"os-subpage\">City Buildings Department<\/a><\/div>\r\n\t\t\t\t\t\t\r\n\t\t\t\t\t                                \r\n                                \r\n\t\t\t\t\t\t <div class=\"dd-element-item\"><a href=\"https:\/\/mib.sk\/en\/organizacna-struktura\/urban-spaces-development-section\/department-of-landscape-design-and-public-spaces\/\" target=\"\" class=\"os-subpage\">Department of Landscape Design and Public Spaces<\/a><\/div>\r\n\t\t\t\t\t\t\r\n\t\t\t\t\t                          <\/div>\r\n                        <\/div>\r\n                                              <\/div>\r\n                        <\/div> <!-- org-element -->                       \r\n                                    <\/div>\r\n\r\n            <\/div>\r\n        <\/div>\r\n    <\/div>\r\n","protected":false},"excerpt":{"rendered":"","protected":false},"author":7,"featured_media":0,"parent":0,"menu_order":0,"comment_status":"closed","ping_status":"closed","template":"","meta":{"_acf_changed":false,"inline_featured_image":false,"footnotes":""},"class_list":["post-3959","page","type-page","status-publish","hentry"],"acf":[],"yoast_head":"<!-- This site is optimized with the Yoast SEO plugin v23.4 - https:\/\/yoast.com\/wordpress\/plugins\/seo\/ -->\n<title>Organizational structure - Metropolitn\u00fd in\u0161tit\u00fat Bratislavy<\/title>\n<meta name=\"robots\" content=\"index, follow, max-snippet:-1, max-image-preview:large, max-video-preview:-1\" \/>\n<link rel=\"canonical\" href=\"https:\/\/mib.sk\/en\/organizacna-struktura\/\" \/>\n<meta property=\"og:locale\" content=\"en_US\" \/>\n<meta property=\"og:type\" content=\"article\" \/>\n<meta property=\"og:title\" content=\"Organizational structure - Metropolitn\u00fd in\u0161tit\u00fat Bratislavy\" \/>\n<meta property=\"og:url\" content=\"https:\/\/mib.sk\/en\/organizacna-struktura\/\" \/>\n<meta property=\"og:site_name\" content=\"Metropolitn\u00fd in\u0161tit\u00fat Bratislavy\" \/>\n<meta property=\"article:modified_time\" content=\"2024-10-20T14:22:19+00:00\" \/>\n<meta name=\"twitter:card\" content=\"summary_large_image\" \/>\n<script type=\"application\/ld+json\" class=\"yoast-schema-graph\">{\"@context\":\"https:\/\/schema.org\",\"@graph\":[{\"@type\":\"WebPage\",\"@id\":\"https:\/\/mib.sk\/en\/organizacna-struktura\/\",\"url\":\"https:\/\/mib.sk\/en\/organizacna-struktura\/\",\"name\":\"Organizational structure - Metropolitn\u00fd in\u0161tit\u00fat Bratislavy\",\"isPartOf\":{\"@id\":\"https:\/\/mib.sk\/#website\"},\"datePublished\":\"2021-04-27T11:51:14+00:00\",\"dateModified\":\"2024-10-20T14:22:19+00:00\",\"breadcrumb\":{\"@id\":\"https:\/\/mib.sk\/en\/organizacna-struktura\/#breadcrumb\"},\"inLanguage\":\"en-US\",\"potentialAction\":[{\"@type\":\"ReadAction\",\"target\":[\"https:\/\/mib.sk\/en\/organizacna-struktura\/\"]}]},{\"@type\":\"BreadcrumbList\",\"@id\":\"https:\/\/mib.sk\/en\/organizacna-struktura\/#breadcrumb\",\"itemListElement\":[{\"@type\":\"ListItem\",\"position\":1,\"name\":\"Home\",\"item\":\"https:\/\/mib.sk\/en\/\"},{\"@type\":\"ListItem\",\"position\":2,\"name\":\"Organizational structure\"}]},{\"@type\":\"WebSite\",\"@id\":\"https:\/\/mib.sk\/#website\",\"url\":\"https:\/\/mib.sk\/\",\"name\":\"Metropolitn\u00fd in\u0161tit\u00fat Bratislavy\",\"description\":\"\",\"potentialAction\":[{\"@type\":\"SearchAction\",\"target\":{\"@type\":\"EntryPoint\",\"urlTemplate\":\"https:\/\/mib.sk\/?s={search_term_string}\"},\"query-input\":{\"@type\":\"PropertyValueSpecification\",\"valueRequired\":true,\"valueName\":\"search_term_string\"}}],\"inLanguage\":\"en-US\"}]}<\/script>\n<!-- \/ Yoast SEO plugin. -->","yoast_head_json":{"title":"Organizational structure - Metropolitn\u00fd in\u0161tit\u00fat Bratislavy","robots":{"index":"index","follow":"follow","max-snippet":"max-snippet:-1","max-image-preview":"max-image-preview:large","max-video-preview":"max-video-preview:-1"},"canonical":"https:\/\/mib.sk\/en\/organizacna-struktura\/","og_locale":"en_US","og_type":"article","og_title":"Organizational structure - Metropolitn\u00fd in\u0161tit\u00fat Bratislavy","og_url":"https:\/\/mib.sk\/en\/organizacna-struktura\/","og_site_name":"Metropolitn\u00fd in\u0161tit\u00fat Bratislavy","article_modified_time":"2024-10-20T14:22:19+00:00","twitter_card":"summary_large_image","schema":{"@context":"https:\/\/schema.org","@graph":[{"@type":"WebPage","@id":"https:\/\/mib.sk\/en\/organizacna-struktura\/","url":"https:\/\/mib.sk\/en\/organizacna-struktura\/","name":"Organizational structure - Metropolitn\u00fd in\u0161tit\u00fat Bratislavy","isPartOf":{"@id":"https:\/\/mib.sk\/#website"},"datePublished":"2021-04-27T11:51:14+00:00","dateModified":"2024-10-20T14:22:19+00:00","breadcrumb":{"@id":"https:\/\/mib.sk\/en\/organizacna-struktura\/#breadcrumb"},"inLanguage":"en-US","potentialAction":[{"@type":"ReadAction","target":["https:\/\/mib.sk\/en\/organizacna-struktura\/"]}]},{"@type":"BreadcrumbList","@id":"https:\/\/mib.sk\/en\/organizacna-struktura\/#breadcrumb","itemListElement":[{"@type":"ListItem","position":1,"name":"Home","item":"https:\/\/mib.sk\/en\/"},{"@type":"ListItem","position":2,"name":"Organizational structure"}]},{"@type":"WebSite","@id":"https:\/\/mib.sk\/#website","url":"https:\/\/mib.sk\/","name":"Metropolitn\u00fd in\u0161tit\u00fat Bratislavy","description":"","potentialAction":[{"@type":"SearchAction","target":{"@type":"EntryPoint","urlTemplate":"https:\/\/mib.sk\/?s={search_term_string}"},"query-input":{"@type":"PropertyValueSpecification","valueRequired":true,"valueName":"search_term_string"}}],"inLanguage":"en-US"}]}},"_links":{"self":[{"href":"https:\/\/mib.sk\/en\/wp-json\/wp\/v2\/pages\/3959"}],"collection":[{"href":"https:\/\/mib.sk\/en\/wp-json\/wp\/v2\/pages"}],"about":[{"href":"https:\/\/mib.sk\/en\/wp-json\/wp\/v2\/types\/page"}],"author":[{"embeddable":true,"href":"https:\/\/mib.sk\/en\/wp-json\/wp\/v2\/users\/7"}],"replies":[{"embeddable":true,"href":"https:\/\/mib.sk\/en\/wp-json\/wp\/v2\/comments?post=3959"}],"version-history":[{"count":22,"href":"https:\/\/mib.sk\/en\/wp-json\/wp\/v2\/pages\/3959\/revisions"}],"predecessor-version":[{"id":25634,"href":"https:\/\/mib.sk\/en\/wp-json\/wp\/v2\/pages\/3959\/revisions\/25634"}],"wp:attachment":[{"href":"https:\/\/mib.sk\/en\/wp-json\/wp\/v2\/media?parent=3959"}],"curies":[{"name":"wp","href":"https:\/\/api.w.org\/{rel}","templated":true}]}}