	{"id":3957,"date":"2021-04-27T13:47:50","date_gmt":"2021-04-27T11:47:50","guid":{"rendered":"https:\/\/mib.sk\/?page_id=3957"},"modified":"2024-09-19T16:42:46","modified_gmt":"2024-09-19T14:42:46","slug":"logo-to-download","status":"publish","type":"page","link":"https:\/\/mib.sk\/en\/o-nas\/logo-to-download\/","title":{"rendered":"Logo to download"},"content":{"rendered":"\n<p>Official logo of The Metropolitan Institute of Bratislava. Open for usage for partner projects. <\/p>\n\n\n\n<p>Provided logos are in .png format<\/p>\n\n\n    <div class=\"document-block-container max-width\">\r\n        <div class=\"container\">\r\n            <h4>Documents for download:<\/h4>\r\n            <div class=\"row\">\r\n                                    <div class=\"col-md-6\">\r\n                        <div class=\"document-block\">\r\n                            <a target=\"_blank\" href=\"https:\/\/mib.sk\/wp-content\/uploads\/2020\/07\/MIB_Logo-01.png\" class=\"document-block-background\">\r\n                                <img decoding=\"async\" src=\"https:\/\/mib.sk\/wp-content\/themes\/mib\/img\/file.svg\" alt=\"\">\r\n                            <\/a>\r\n                            <div class=\"document-block-text\">\r\n                                <a href=\"https:\/\/mib.sk\/wp-content\/uploads\/2020\/07\/MIB_Logo-01.png\" target=\"_blank\">MIB_Logo_black<\/a>\r\n                            <\/div>\r\n                        <\/div>\r\n                    <\/div>\r\n                                    <div class=\"col-md-6\">\r\n                        <div class=\"document-block\">\r\n                            <a target=\"_blank\" href=\"https:\/\/mib.sk\/wp-content\/uploads\/2020\/07\/MIB_Logo-02.png\" class=\"document-block-background\">\r\n                                <img decoding=\"async\" src=\"https:\/\/mib.sk\/wp-content\/themes\/mib\/img\/file.svg\" alt=\"\">\r\n                            <\/a>\r\n                            <div class=\"document-block-text\">\r\n                                <a href=\"https:\/\/mib.sk\/wp-content\/uploads\/2020\/07\/MIB_Logo-02.png\" target=\"_blank\">MIB_Logo_white<\/a>\r\n                            <\/div>\r\n                        <\/div>\r\n                    <\/div>\r\n                                    <div class=\"col-md-6\">\r\n                        <div class=\"document-block\">\r\n                            <a target=\"_blank\" href=\"https:\/\/mib.sk\/wp-content\/uploads\/2024\/09\/MIB_Logo-blue.png\" class=\"document-block-background\">\r\n                                <img decoding=\"async\" src=\"https:\/\/mib.sk\/wp-content\/themes\/mib\/img\/file.svg\" alt=\"\">\r\n                            <\/a>\r\n                            <div class=\"document-block-text\">\r\n                                <a href=\"https:\/\/mib.sk\/wp-content\/uploads\/2024\/09\/MIB_Logo-blue.png\" target=\"_blank\">MIB_Logo-blue<\/a>\r\n                            <\/div>\r\n                        <\/div>\r\n                    <\/div>\r\n                            <\/div>\r\n        <\/div>\r\n    <\/div>\r\n\n\n\n<p>Official logo of our Mesto pre deti (City for Children) project. Open for usage for partner projects.<\/p>\n\n\n\n<p>Provided logos are in .png format<\/p>\n\n\n    <div class=\"document-block-container max-width\">\r\n        <div class=\"container\">\r\n            <h4>Documents for download:<\/h4>\r\n            <div class=\"row\">\r\n                                    <div class=\"col-md-6\">\r\n                        <div class=\"document-block\">\r\n                            <a target=\"_blank\" href=\"https:\/\/mib.sk\/wp-content\/uploads\/2024\/05\/MPD_logo-black.png\" class=\"document-block-background\">\r\n                                <img decoding=\"async\" src=\"https:\/\/mib.sk\/wp-content\/themes\/mib\/img\/file.svg\" alt=\"\">\r\n                            <\/a>\r\n                            <div class=\"document-block-text\">\r\n                                <a href=\"https:\/\/mib.sk\/wp-content\/uploads\/2024\/05\/MPD_logo-black.png\" target=\"_blank\">MPD_logo black<\/a>\r\n                            <\/div>\r\n                        <\/div>\r\n                    <\/div>\r\n                                    <div class=\"col-md-6\">\r\n                        <div class=\"document-block\">\r\n                            <a target=\"_blank\" href=\"https:\/\/mib.sk\/wp-content\/uploads\/2024\/05\/MPD_logo-white.png\" class=\"document-block-background\">\r\n                                <img decoding=\"async\" src=\"https:\/\/mib.sk\/wp-content\/themes\/mib\/img\/file.svg\" alt=\"\">\r\n                            <\/a>\r\n                            <div class=\"document-block-text\">\r\n                                <a href=\"https:\/\/mib.sk\/wp-content\/uploads\/2024\/05\/MPD_logo-white.png\" target=\"_blank\">MPD_logo white<\/a>\r\n                            <\/div>\r\n                        <\/div>\r\n                    <\/div>\r\n                            <\/div>\r\n        <\/div>\r\n    <\/div>\r\n","protected":false},"excerpt":{"rendered":"<p>Official logo of The Metropolitan Institute of Bratislava. Open for usage for partner projects. Provided logos are in .png format Official logo of our Mesto pre deti (City for Children) project. Open for usage for partner projects. Provided logos are in .png format<\/p>\n","protected":false},"author":7,"featured_media":0,"parent":3948,"menu_order":0,"comment_status":"closed","ping_status":"closed","template":"about.php","meta":{"_acf_changed":false,"inline_featured_image":false,"footnotes":""},"class_list":["post-3957","page","type-page","status-publish","hentry"],"acf":[],"yoast_head":"<!-- This site is optimized with the Yoast SEO plugin v23.4 - https:\/\/yoast.com\/wordpress\/plugins\/seo\/ -->\n<title>Logo to download - Metropolitn\u00fd in\u0161tit\u00fat Bratislavy<\/title>\n<meta name=\"robots\" content=\"index, follow, max-snippet:-1, max-image-preview:large, max-video-preview:-1\" \/>\n<link rel=\"canonical\" href=\"https:\/\/mib.sk\/en\/o-nas\/logo-to-download\/\" \/>\n<meta property=\"og:locale\" content=\"en_US\" \/>\n<meta property=\"og:type\" content=\"article\" \/>\n<meta property=\"og:title\" content=\"Logo to download - Metropolitn\u00fd in\u0161tit\u00fat Bratislavy\" \/>\n<meta property=\"og:description\" content=\"Official logo of The Metropolitan Institute of Bratislava. Open for usage for partner projects. Provided logos are in .png format Official logo of our Mesto pre deti (City for Children) project. Open for usage for partner projects. Provided logos are in .png format\" \/>\n<meta property=\"og:url\" content=\"https:\/\/mib.sk\/en\/o-nas\/logo-to-download\/\" \/>\n<meta property=\"og:site_name\" content=\"Metropolitn\u00fd in\u0161tit\u00fat Bratislavy\" \/>\n<meta property=\"article:modified_time\" content=\"2024-09-19T14:42:46+00:00\" \/>\n<meta name=\"twitter:card\" content=\"summary_large_image\" \/>\n<meta name=\"twitter:label1\" content=\"Est. reading time\" \/>\n\t<meta name=\"twitter:data1\" content=\"1 minute\" \/>\n<script type=\"application\/ld+json\" class=\"yoast-schema-graph\">{\"@context\":\"https:\/\/schema.org\",\"@graph\":[{\"@type\":\"WebPage\",\"@id\":\"https:\/\/mib.sk\/en\/o-nas\/logo-to-download\/\",\"url\":\"https:\/\/mib.sk\/en\/o-nas\/logo-to-download\/\",\"name\":\"Logo to download - Metropolitn\u00fd in\u0161tit\u00fat Bratislavy\",\"isPartOf\":{\"@id\":\"https:\/\/mib.sk\/#website\"},\"datePublished\":\"2021-04-27T11:47:50+00:00\",\"dateModified\":\"2024-09-19T14:42:46+00:00\",\"breadcrumb\":{\"@id\":\"https:\/\/mib.sk\/en\/o-nas\/logo-to-download\/#breadcrumb\"},\"inLanguage\":\"en-US\",\"potentialAction\":[{\"@type\":\"ReadAction\",\"target\":[\"https:\/\/mib.sk\/en\/o-nas\/logo-to-download\/\"]}]},{\"@type\":\"BreadcrumbList\",\"@id\":\"https:\/\/mib.sk\/en\/o-nas\/logo-to-download\/#breadcrumb\",\"itemListElement\":[{\"@type\":\"ListItem\",\"position\":1,\"name\":\"Home\",\"item\":\"https:\/\/mib.sk\/en\/\"},{\"@type\":\"ListItem\",\"position\":2,\"name\":\"About us\",\"item\":\"https:\/\/mib.sk\/en\/o-nas\/\"},{\"@type\":\"ListItem\",\"position\":3,\"name\":\"Logo to download\"}]},{\"@type\":\"WebSite\",\"@id\":\"https:\/\/mib.sk\/#website\",\"url\":\"https:\/\/mib.sk\/\",\"name\":\"Metropolitn\u00fd in\u0161tit\u00fat Bratislavy\",\"description\":\"\",\"potentialAction\":[{\"@type\":\"SearchAction\",\"target\":{\"@type\":\"EntryPoint\",\"urlTemplate\":\"https:\/\/mib.sk\/?s={search_term_string}\"},\"query-input\":{\"@type\":\"PropertyValueSpecification\",\"valueRequired\":true,\"valueName\":\"search_term_string\"}}],\"inLanguage\":\"en-US\"}]}<\/script>\n<!-- \/ Yoast SEO plugin. -->","yoast_head_json":{"title":"Logo to download - Metropolitn\u00fd in\u0161tit\u00fat Bratislavy","robots":{"index":"index","follow":"follow","max-snippet":"max-snippet:-1","max-image-preview":"max-image-preview:large","max-video-preview":"max-video-preview:-1"},"canonical":"https:\/\/mib.sk\/en\/o-nas\/logo-to-download\/","og_locale":"en_US","og_type":"article","og_title":"Logo to download - Metropolitn\u00fd in\u0161tit\u00fat Bratislavy","og_description":"Official logo of The Metropolitan Institute of Bratislava. Open for usage for partner projects. Provided logos are in .png format Official logo of our Mesto pre deti (City for Children) project. Open for usage for partner projects. Provided logos are in .png format","og_url":"https:\/\/mib.sk\/en\/o-nas\/logo-to-download\/","og_site_name":"Metropolitn\u00fd in\u0161tit\u00fat Bratislavy","article_modified_time":"2024-09-19T14:42:46+00:00","twitter_card":"summary_large_image","twitter_misc":{"Est. reading time":"1 minute"},"schema":{"@context":"https:\/\/schema.org","@graph":[{"@type":"WebPage","@id":"https:\/\/mib.sk\/en\/o-nas\/logo-to-download\/","url":"https:\/\/mib.sk\/en\/o-nas\/logo-to-download\/","name":"Logo to download - Metropolitn\u00fd in\u0161tit\u00fat Bratislavy","isPartOf":{"@id":"https:\/\/mib.sk\/#website"},"datePublished":"2021-04-27T11:47:50+00:00","dateModified":"2024-09-19T14:42:46+00:00","breadcrumb":{"@id":"https:\/\/mib.sk\/en\/o-nas\/logo-to-download\/#breadcrumb"},"inLanguage":"en-US","potentialAction":[{"@type":"ReadAction","target":["https:\/\/mib.sk\/en\/o-nas\/logo-to-download\/"]}]},{"@type":"BreadcrumbList","@id":"https:\/\/mib.sk\/en\/o-nas\/logo-to-download\/#breadcrumb","itemListElement":[{"@type":"ListItem","position":1,"name":"Home","item":"https:\/\/mib.sk\/en\/"},{"@type":"ListItem","position":2,"name":"About us","item":"https:\/\/mib.sk\/en\/o-nas\/"},{"@type":"ListItem","position":3,"name":"Logo to download"}]},{"@type":"WebSite","@id":"https:\/\/mib.sk\/#website","url":"https:\/\/mib.sk\/","name":"Metropolitn\u00fd in\u0161tit\u00fat Bratislavy","description":"","potentialAction":[{"@type":"SearchAction","target":{"@type":"EntryPoint","urlTemplate":"https:\/\/mib.sk\/?s={search_term_string}"},"query-input":{"@type":"PropertyValueSpecification","valueRequired":true,"valueName":"search_term_string"}}],"inLanguage":"en-US"}]}},"_links":{"self":[{"href":"https:\/\/mib.sk\/en\/wp-json\/wp\/v2\/pages\/3957"}],"collection":[{"href":"https:\/\/mib.sk\/en\/wp-json\/wp\/v2\/pages"}],"about":[{"href":"https:\/\/mib.sk\/en\/wp-json\/wp\/v2\/types\/page"}],"author":[{"embeddable":true,"href":"https:\/\/mib.sk\/en\/wp-json\/wp\/v2\/users\/7"}],"replies":[{"embeddable":true,"href":"https:\/\/mib.sk\/en\/wp-json\/wp\/v2\/comments?post=3957"}],"version-history":[{"count":15,"href":"https:\/\/mib.sk\/en\/wp-json\/wp\/v2\/pages\/3957\/revisions"}],"predecessor-version":[{"id":25433,"href":"https:\/\/mib.sk\/en\/wp-json\/wp\/v2\/pages\/3957\/revisions\/25433"}],"up":[{"embeddable":true,"href":"https:\/\/mib.sk\/en\/wp-json\/wp\/v2\/pages\/3948"}],"wp:attachment":[{"href":"https:\/\/mib.sk\/en\/wp-json\/wp\/v2\/media?parent=3957"}],"curies":[{"name":"wp","href":"https:\/\/api.w.org\/{rel}","templated":true}]}}