	{"id":3948,"date":"2021-04-27T13:43:38","date_gmt":"2021-04-27T11:43:38","guid":{"rendered":"https:\/\/mib.sk\/?page_id=3948"},"modified":"2024-10-20T16:19:50","modified_gmt":"2024-10-20T14:19:50","slug":"o-nas","status":"publish","type":"page","link":"https:\/\/mib.sk\/en\/o-nas\/","title":{"rendered":"About us"},"content":{"rendered":"\n<div class=\"wp-block-columns is-layout-flex wp-container-core-columns-is-layout-1 wp-block-columns-is-layout-flex\">\n<div class=\"wp-block-column is-vertically-aligned-center is-layout-flow wp-block-column-is-layout-flow\">\n<h2 class=\"wp-block-heading\">About The Metropolitan Institute of Bratislava<\/h2>\n\n\n\n<p>The Metropolitan Institute of Bratislava (MIB) is a conceptual institute in the field of architecture, urban planning, participation and strategic planning. It is made up of a team of experts and professionals in the fields of architecture, urban planning and city development, who plan for growth and development so that both the quality of life and the quality of public space rise.&nbsp;<\/p>\n\n\n\n<p>MIB&#8217;s goal is to promote quality architecture and functional solutions that reflect the needs of Bratislava&#8217;s inhabitants in urban projects and plans, also in the face of social and environmental changes. <\/p>\n\n\n\n<p>MIB is a contributory organisation of Bratislava.&nbsp;&nbsp;<\/p>\n<\/div>\n\n\n\n<div class=\"wp-block-column is-layout-flow wp-block-column-is-layout-flow\"><div class=\"wp-block-image\">\n<figure class=\"aligncenter size-full\"><img decoding=\"async\" width=\"870\" height=\"1024\" src=\"https:\/\/mib.sk\/wp-content\/uploads\/2022\/04\/web-title-1.png\" alt=\"\" class=\"wp-image-10379\" srcset=\"https:\/\/mib.sk\/wp-content\/uploads\/2022\/04\/web-title-1.png 870w, https:\/\/mib.sk\/wp-content\/uploads\/2022\/04\/web-title-1-255x300.png 255w, https:\/\/mib.sk\/wp-content\/uploads\/2022\/04\/web-title-1-768x904.png 768w, https:\/\/mib.sk\/wp-content\/uploads\/2022\/04\/web-title-1-229x270.png 229w, https:\/\/mib.sk\/wp-content\/uploads\/2022\/04\/web-title-1-259x305.png 259w, https:\/\/mib.sk\/wp-content\/uploads\/2022\/04\/web-title-1-340x400.png 340w, https:\/\/mib.sk\/wp-content\/uploads\/2022\/04\/web-title-1-153x180.png 153w, https:\/\/mib.sk\/wp-content\/uploads\/2022\/04\/web-title-1-238x280.png 238w, https:\/\/mib.sk\/wp-content\/uploads\/2022\/04\/web-title-1-540x635.png 540w, https:\/\/mib.sk\/wp-content\/uploads\/2022\/04\/web-title-1-629x740.png 629w, https:\/\/mib.sk\/wp-content\/uploads\/2022\/04\/web-title-1-221x260.png 221w\" sizes=\"(max-width: 870px) 100vw, 870px\" \/><\/figure><\/div><\/div>\n<\/div>\n\n\n\n<div style=\"height:30px\" aria-hidden=\"true\" class=\"wp-block-spacer\"><\/div>\n\n\n\n<div class=\"wp-block-columns are-vertically-aligned-center reverse-mobile is-layout-flex wp-container-core-columns-is-layout-2 wp-block-columns-is-layout-flex\">\n<div class=\"wp-block-column is-vertically-aligned-center is-layout-flow wp-block-column-is-layout-flow\" style=\"flex-basis:50%\">\n<h2 class=\"wp-block-heading\">Our Mission<\/h2>\n<\/div>\n\n\n\n<div class=\"wp-block-column is-layout-flow wp-block-column-is-layout-flow\" style=\"flex-basis:50%\"><\/div>\n<\/div>\n\n\n\n<div style=\"height:30px\" aria-hidden=\"true\" class=\"wp-block-spacer\"><\/div>\n\n\n    <div class=\"icon-block-container\">\r\n        <div class=\"container\">\r\n                        <div class=\"row\">\r\n                                    <div class=\"col-lg-6\">\r\n                        <div class=\"icon-block\">\r\n                            <div class=\"icon-background\">\r\n                                <img decoding=\"async\" src=\"https:\/\/mib.sk\/wp-content\/uploads\/2020\/07\/obcania.png\" alt=\"\">\r\n                            <\/div>\r\n                            <div class=\"icon-block-text\">\r\n                                <h4>Public interest <\/h4>\r\n                                <p>We promote principles that have the needs of all in mind when creating public space; we are representatives of the public interest of the city. <\/p>\r\n                            <\/div>\r\n                        <\/div>\r\n                    <\/div>\r\n                                    <div class=\"col-lg-6\">\r\n                        <div class=\"icon-block\">\r\n                            <div class=\"icon-background\">\r\n                                <img decoding=\"async\" src=\"https:\/\/mib.sk\/wp-content\/uploads\/2020\/07\/architektura.png\" alt=\"\">\r\n                            <\/div>\r\n                            <div class=\"icon-block-text\">\r\n                                <h4>Quality planning, public space and architecture <\/h4>\r\n                                <p>Bratislava needs quality urban planning, architecture and public space, and we will deliver this through good tenders and clearly defined terms of reference. <\/p>\r\n                            <\/div>\r\n                        <\/div>\r\n                    <\/div>\r\n                                    <div class=\"col-lg-6\">\r\n                        <div class=\"icon-block\">\r\n                            <div class=\"icon-background\">\r\n                                <img decoding=\"async\" src=\"https:\/\/mib.sk\/wp-content\/uploads\/2020\/07\/motodika.png\" alt=\"\">\r\n                            <\/div>\r\n                            <div class=\"icon-block-text\">\r\n                                <h4>Setting standards <\/h4>\r\n                                <p>We are setting standards for the creation of public spaces, we want to create a united Bratislava that is guided by a clear plan on how to proceed when building new spaces or renovating old ones. <\/p>\r\n                            <\/div>\r\n                        <\/div>\r\n                    <\/div>\r\n                                    <div class=\"col-lg-6\">\r\n                        <div class=\"icon-block\">\r\n                            <div class=\"icon-background\">\r\n                                <img decoding=\"async\" src=\"https:\/\/mib.sk\/wp-content\/uploads\/2020\/07\/inovacie.png\" alt=\"\">\r\n                            <\/div>\r\n                            <div class=\"icon-block-text\">\r\n                                <h4>Openness and conceptuality <\/h4>\r\n                                <p>We want to communicate openly what the future shape of the city should look like. That&#8217;s why we involve residents or other local parties in the dialogue. <\/p>\r\n                            <\/div>\r\n                        <\/div>\r\n                    <\/div>\r\n                            <\/div>\r\n        <\/div>\r\n    <\/div>\r\n\n\n\n<h2 class=\"wp-block-heading has-text-align-center\">Organizational Structure&nbsp;<\/h2>\n\n\n    <div class=\"page-organizacna-struktura-container\">\r\n        <div class=\"container\">\r\n            <div class=\"organizacna-struktura-w\">\r\n                <div class=\"organizacna-struktura-flex\">\r\n                                            <div class=\"org-element with-dropdown\">\r\n                          <div class=\"org-element-i\"> \r\n                            \t\t\t\t\t\t      <a href=\"https:\/\/mib.sk\/en\/organizacna-struktura\/kancelaria-riaditela\/\" target=\"\" class=\"pagesplitter-page os-page\">Director\u2019s office<span class=\"action-status\">+<\/span><\/a>                         \r\n                                \r\n                                            <div class=\"dd-element\">\r\n                          <div class=\"dd-element-i\">\r\n                                                     \r\n                                \r\n\t\t\t\t\t\t <div class=\"dd-element-item\"><a href=\"https:\/\/mib.sk\/en\/organizacna-struktura\/kancelaria-riaditela\/\" target=\"\" class=\"os-subpage\">Director\u2019s office<\/a><\/div>\r\n\t\t\t\t\t\t\r\n\t\t\t\t\t                                \r\n                                \r\n\t\t\t\t\t\t <div class=\"dd-element-item\"><a href=\"https:\/\/mib.sk\/en\/organizacna-struktura\/kancelaria-riaditela\/communication-department\/\" target=\"\" class=\"os-subpage\">Communication Department<\/a><\/div>\r\n\t\t\t\t\t\t\r\n\t\t\t\t\t                          <\/div>\r\n                        <\/div>\r\n                                              <\/div>\r\n                        <\/div> <!-- org-element -->                       \r\n                                            <div class=\"org-element with-dropdown\">\r\n                          <div class=\"org-element-i\"> \r\n                            \t\t\t\t\t\t      <a href=\"https:\/\/mib.sk\/en\/organizacna-struktura\/uzemne-planovanie\/\" target=\"\" class=\"pagesplitter-page os-page\">Spatial Planning Section<span class=\"action-status\">+<\/span><\/a>                         \r\n                                \r\n                                            <div class=\"dd-element\">\r\n                          <div class=\"dd-element-i\">\r\n                                                     \r\n                                \r\n\t\t\t\t\t\t <div class=\"dd-element-item\"><a href=\"https:\/\/mib.sk\/en\/organizacna-struktura\/uzemne-planovanie\/\" target=\"\" class=\"os-subpage\">Spatial Planning Section<\/a><\/div>\r\n\t\t\t\t\t\t\r\n\t\t\t\t\t                                \r\n                                \r\n\t\t\t\t\t\t <div class=\"dd-element-item\"><a href=\"https:\/\/mib.sk\/en\/organizacna-struktura\/uzemne-planovanie\/data-and-gis\/\" target=\"\" class=\"os-subpage\">Data and GIS<\/a><\/div>\r\n\t\t\t\t\t\t\r\n\t\t\t\t\t                                \r\n                                \r\n\t\t\t\t\t\t <div class=\"dd-element-item\"><a href=\"https:\/\/mib.sk\/en\/organizacna-struktura\/uzemne-planovanie\/department-of-metropolitan-planning\/\" target=\"\" class=\"os-subpage\">Department of Metropolitan Planning<\/a><\/div>\r\n\t\t\t\t\t\t\r\n\t\t\t\t\t                                \r\n                                \r\n\t\t\t\t\t\t <div class=\"dd-element-item\"><a href=\"https:\/\/mib.sk\/en\/organizacna-struktura\/uzemne-planovanie\/department-of-changes-and-supplements\/\" target=\"\" class=\"os-subpage\">Department of Changes and Supplements<\/a><\/div>\r\n\t\t\t\t\t\t\r\n\t\t\t\t\t                          <\/div>\r\n                        <\/div>\r\n                                              <\/div>\r\n                        <\/div> <!-- org-element -->                       \r\n                                            <div class=\"org-element \">\r\n                          <div class=\"org-element-i\"> \r\n                                \r\n\t\t\t\t\t\t      <a href=\"https:\/\/mib.sk\/en\/organizacna-struktura\/urban-studies-and-participation-section\/\" target=\"\" class=\"pagesplitter-page os-page\" >Urban Studies and Participation Section<\/a>\r\n                                \r\n                                              <\/div>\r\n                        <\/div> <!-- org-element -->                       \r\n                                            <div class=\"org-element \">\r\n                          <div class=\"org-element-i\"> \r\n                                \r\n\t\t\t\t\t\t      <a href=\"https:\/\/mib.sk\/en\/organizacna-struktura\/public-space-concepts-section\/\" target=\"\" class=\"pagesplitter-page os-page\" >Public Space Concepts Section<\/a>\r\n                                \r\n                                              <\/div>\r\n                        <\/div> <!-- org-element -->                       \r\n                                            <div class=\"org-element with-dropdown\">\r\n                          <div class=\"org-element-i\"> \r\n                            \t\t\t\t\t\t      <a href=\"https:\/\/mib.sk\/en\/organizacna-struktura\/sekcia-tvorby-mestskych-priestorov\/\" target=\"\" class=\"pagesplitter-page os-page\">Urban Spaces Development Section<span class=\"action-status\">+<\/span><\/a>                         \r\n                                \r\n                                            <div class=\"dd-element\">\r\n                          <div class=\"dd-element-i\">\r\n                                                     \r\n                                \r\n\t\t\t\t\t\t <div class=\"dd-element-item\"><a href=\"https:\/\/mib.sk\/en\/organizacna-struktura\/urban-spaces-development-section\/\" target=\"\" class=\"os-subpage\">Urban Spaces Development Section<\/a><\/div>\r\n\t\t\t\t\t\t\r\n\t\t\t\t\t                                \r\n                                \r\n\t\t\t\t\t\t <div class=\"dd-element-item\"><a href=\"https:\/\/mib.sk\/en\/organizacna-struktura\/urban-spaces-development-section\/city-buildings-department\/\" target=\"\" class=\"os-subpage\">City Buildings Department<\/a><\/div>\r\n\t\t\t\t\t\t\r\n\t\t\t\t\t                                \r\n                                \r\n\t\t\t\t\t\t <div class=\"dd-element-item\"><a href=\"https:\/\/mib.sk\/en\/organizacna-struktura\/urban-spaces-development-section\/department-of-landscape-design-and-public-spaces\/\" target=\"\" class=\"os-subpage\">Department of Landscape Design and Public Spaces<\/a><\/div>\r\n\t\t\t\t\t\t\r\n\t\t\t\t\t                          <\/div>\r\n                        <\/div>\r\n                                              <\/div>\r\n                        <\/div> <!-- org-element -->                       \r\n                                    <\/div>\r\n\r\n            <\/div>\r\n        <\/div>\r\n    <\/div>\r\n\n\n\n<div style=\"height:50px\" aria-hidden=\"true\" class=\"wp-block-spacer\"><\/div>\n\n\n\n<h2 class=\"wp-block-heading\">Our statement to gender equality<\/h2>\n\n\n\n<p>Gender equality is a fundamental human right, and a necessary foundation for a sustainable, resilient and peaceful world in which people live in harmony with nature. The objective of gender equality is to ensure a society in which women, men, boys, girls and people of other gender minorities, have access to the same opportunities, rights and obligations in all spheres of life. <\/p>\n\n\n\n<p>Metropolitan Institute of Bratislava considers gender equality essential to achieve sustainable and inclusive conservation as well as human wellbeing.<\/p>\n","protected":false},"excerpt":{"rendered":"<p>About The Metropolitan Institute of Bratislava The Metropolitan Institute of Bratislava (MIB) is a conceptual institute in the field of architecture, urban planning, participation and strategic planning. It is made up of a team of experts and professionals in the fields of architecture, urban planning and city development, who plan for growth and development so&#8230;<\/p>\n","protected":false},"author":7,"featured_media":0,"parent":0,"menu_order":0,"comment_status":"closed","ping_status":"closed","template":"front-page.php","meta":{"_acf_changed":false,"inline_featured_image":false,"footnotes":""},"class_list":["post-3948","page","type-page","status-publish","hentry"],"acf":[],"yoast_head":"<!-- This site is optimized with the Yoast SEO plugin v23.4 - https:\/\/yoast.com\/wordpress\/plugins\/seo\/ -->\n<title>About us - Metropolitn\u00fd in\u0161tit\u00fat Bratislavy<\/title>\n<meta name=\"robots\" content=\"index, follow, max-snippet:-1, max-image-preview:large, max-video-preview:-1\" \/>\n<link rel=\"canonical\" href=\"https:\/\/mib.sk\/en\/o-nas\/\" \/>\n<meta property=\"og:locale\" content=\"en_US\" \/>\n<meta property=\"og:type\" content=\"article\" \/>\n<meta property=\"og:title\" content=\"About us - Metropolitn\u00fd in\u0161tit\u00fat Bratislavy\" \/>\n<meta property=\"og:description\" content=\"About The Metropolitan Institute of Bratislava The Metropolitan Institute of Bratislava (MIB) is a conceptual institute in the field of architecture, urban planning, participation and strategic planning. It is made up of a team of experts and professionals in the fields of architecture, urban planning and city development, who plan for growth and development so...\" \/>\n<meta property=\"og:url\" content=\"https:\/\/mib.sk\/en\/o-nas\/\" \/>\n<meta property=\"og:site_name\" content=\"Metropolitn\u00fd in\u0161tit\u00fat Bratislavy\" \/>\n<meta property=\"article:modified_time\" content=\"2024-10-20T14:19:50+00:00\" \/>\n<meta property=\"og:image\" content=\"https:\/\/mib.sk\/wp-content\/uploads\/2022\/04\/web-title-1.png\" \/>\n<meta name=\"twitter:card\" content=\"summary_large_image\" \/>\n<meta name=\"twitter:label1\" content=\"Est. reading time\" \/>\n\t<meta name=\"twitter:data1\" content=\"2 minutes\" \/>\n<script type=\"application\/ld+json\" class=\"yoast-schema-graph\">{\"@context\":\"https:\/\/schema.org\",\"@graph\":[{\"@type\":\"WebPage\",\"@id\":\"https:\/\/mib.sk\/en\/o-nas\/\",\"url\":\"https:\/\/mib.sk\/en\/o-nas\/\",\"name\":\"About us - Metropolitn\u00fd in\u0161tit\u00fat Bratislavy\",\"isPartOf\":{\"@id\":\"https:\/\/mib.sk\/#website\"},\"primaryImageOfPage\":{\"@id\":\"https:\/\/mib.sk\/en\/o-nas\/#primaryimage\"},\"image\":{\"@id\":\"https:\/\/mib.sk\/en\/o-nas\/#primaryimage\"},\"thumbnailUrl\":\"https:\/\/mib.sk\/wp-content\/uploads\/2022\/04\/web-title-1.png\",\"datePublished\":\"2021-04-27T11:43:38+00:00\",\"dateModified\":\"2024-10-20T14:19:50+00:00\",\"breadcrumb\":{\"@id\":\"https:\/\/mib.sk\/en\/o-nas\/#breadcrumb\"},\"inLanguage\":\"en-US\",\"potentialAction\":[{\"@type\":\"ReadAction\",\"target\":[\"https:\/\/mib.sk\/en\/o-nas\/\"]}]},{\"@type\":\"ImageObject\",\"inLanguage\":\"en-US\",\"@id\":\"https:\/\/mib.sk\/en\/o-nas\/#primaryimage\",\"url\":\"https:\/\/mib.sk\/wp-content\/uploads\/2022\/04\/web-title-1.png\",\"contentUrl\":\"https:\/\/mib.sk\/wp-content\/uploads\/2022\/04\/web-title-1.png\"},{\"@type\":\"BreadcrumbList\",\"@id\":\"https:\/\/mib.sk\/en\/o-nas\/#breadcrumb\",\"itemListElement\":[{\"@type\":\"ListItem\",\"position\":1,\"name\":\"Home\",\"item\":\"https:\/\/mib.sk\/en\/\"},{\"@type\":\"ListItem\",\"position\":2,\"name\":\"About us\"}]},{\"@type\":\"WebSite\",\"@id\":\"https:\/\/mib.sk\/#website\",\"url\":\"https:\/\/mib.sk\/\",\"name\":\"Metropolitn\u00fd in\u0161tit\u00fat Bratislavy\",\"description\":\"\",\"potentialAction\":[{\"@type\":\"SearchAction\",\"target\":{\"@type\":\"EntryPoint\",\"urlTemplate\":\"https:\/\/mib.sk\/?s={search_term_string}\"},\"query-input\":{\"@type\":\"PropertyValueSpecification\",\"valueRequired\":true,\"valueName\":\"search_term_string\"}}],\"inLanguage\":\"en-US\"}]}<\/script>\n<!-- \/ Yoast SEO plugin. -->","yoast_head_json":{"title":"About us - Metropolitn\u00fd in\u0161tit\u00fat Bratislavy","robots":{"index":"index","follow":"follow","max-snippet":"max-snippet:-1","max-image-preview":"max-image-preview:large","max-video-preview":"max-video-preview:-1"},"canonical":"https:\/\/mib.sk\/en\/o-nas\/","og_locale":"en_US","og_type":"article","og_title":"About us - Metropolitn\u00fd in\u0161tit\u00fat Bratislavy","og_description":"About The Metropolitan Institute of Bratislava The Metropolitan Institute of Bratislava (MIB) is a conceptual institute in the field of architecture, urban planning, participation and strategic planning. It is made up of a team of experts and professionals in the fields of architecture, urban planning and city development, who plan for growth and development so...","og_url":"https:\/\/mib.sk\/en\/o-nas\/","og_site_name":"Metropolitn\u00fd in\u0161tit\u00fat Bratislavy","article_modified_time":"2024-10-20T14:19:50+00:00","og_image":[{"url":"https:\/\/mib.sk\/wp-content\/uploads\/2022\/04\/web-title-1.png"}],"twitter_card":"summary_large_image","twitter_misc":{"Est. reading time":"2 minutes"},"schema":{"@context":"https:\/\/schema.org","@graph":[{"@type":"WebPage","@id":"https:\/\/mib.sk\/en\/o-nas\/","url":"https:\/\/mib.sk\/en\/o-nas\/","name":"About us - Metropolitn\u00fd in\u0161tit\u00fat Bratislavy","isPartOf":{"@id":"https:\/\/mib.sk\/#website"},"primaryImageOfPage":{"@id":"https:\/\/mib.sk\/en\/o-nas\/#primaryimage"},"image":{"@id":"https:\/\/mib.sk\/en\/o-nas\/#primaryimage"},"thumbnailUrl":"https:\/\/mib.sk\/wp-content\/uploads\/2022\/04\/web-title-1.png","datePublished":"2021-04-27T11:43:38+00:00","dateModified":"2024-10-20T14:19:50+00:00","breadcrumb":{"@id":"https:\/\/mib.sk\/en\/o-nas\/#breadcrumb"},"inLanguage":"en-US","potentialAction":[{"@type":"ReadAction","target":["https:\/\/mib.sk\/en\/o-nas\/"]}]},{"@type":"ImageObject","inLanguage":"en-US","@id":"https:\/\/mib.sk\/en\/o-nas\/#primaryimage","url":"https:\/\/mib.sk\/wp-content\/uploads\/2022\/04\/web-title-1.png","contentUrl":"https:\/\/mib.sk\/wp-content\/uploads\/2022\/04\/web-title-1.png"},{"@type":"BreadcrumbList","@id":"https:\/\/mib.sk\/en\/o-nas\/#breadcrumb","itemListElement":[{"@type":"ListItem","position":1,"name":"Home","item":"https:\/\/mib.sk\/en\/"},{"@type":"ListItem","position":2,"name":"About us"}]},{"@type":"WebSite","@id":"https:\/\/mib.sk\/#website","url":"https:\/\/mib.sk\/","name":"Metropolitn\u00fd in\u0161tit\u00fat Bratislavy","description":"","potentialAction":[{"@type":"SearchAction","target":{"@type":"EntryPoint","urlTemplate":"https:\/\/mib.sk\/?s={search_term_string}"},"query-input":{"@type":"PropertyValueSpecification","valueRequired":true,"valueName":"search_term_string"}}],"inLanguage":"en-US"}]}},"_links":{"self":[{"href":"https:\/\/mib.sk\/en\/wp-json\/wp\/v2\/pages\/3948"}],"collection":[{"href":"https:\/\/mib.sk\/en\/wp-json\/wp\/v2\/pages"}],"about":[{"href":"https:\/\/mib.sk\/en\/wp-json\/wp\/v2\/types\/page"}],"author":[{"embeddable":true,"href":"https:\/\/mib.sk\/en\/wp-json\/wp\/v2\/users\/7"}],"replies":[{"embeddable":true,"href":"https:\/\/mib.sk\/en\/wp-json\/wp\/v2\/comments?post=3948"}],"version-history":[{"count":30,"href":"https:\/\/mib.sk\/en\/wp-json\/wp\/v2\/pages\/3948\/revisions"}],"predecessor-version":[{"id":30959,"href":"https:\/\/mib.sk\/en\/wp-json\/wp\/v2\/pages\/3948\/revisions\/30959"}],"wp:attachment":[{"href":"https:\/\/mib.sk\/en\/wp-json\/wp\/v2\/media?parent=3948"}],"curies":[{"name":"wp","href":"https:\/\/api.w.org\/{rel}","templated":true}]}}