	{"id":25624,"date":"2024-10-20T16:14:16","date_gmt":"2024-10-20T14:14:16","guid":{"rendered":"https:\/\/mib.sk\/?page_id=25624"},"modified":"2026-02-13T13:58:24","modified_gmt":"2026-02-13T12:58:24","slug":"department-of-landscape-design-and-public-spaces","status":"publish","type":"page","link":"https:\/\/mib.sk\/en\/organizacna-struktura\/urban-spaces-development-section\/department-of-landscape-design-and-public-spaces\/","title":{"rendered":"Department of Landscape Design and Public Spaces"},"content":{"rendered":"    <div class=\"person-big-block\">\r\n        \r\n        <div class=\"container\">\r\n            <div class=\"row\">\r\n\r\n                \r\n                                    <div class=\"col-lg-6 static\">\r\n                        <div class=\"person\">\r\n                            <div class=\"person-info\">\r\n                                                                    <div class=\"person-img\">\r\n                                        <img decoding=\"async\" width=\"251\" height=\"260\" src=\"https:\/\/mib.sk\/wp-content\/uploads\/2020\/07\/DSCF1626-2-scaled-e1681215250668-251x260.jpg\" class=\"attachment-person_260x260 size-person_260x260\" alt=\"\" srcset=\"https:\/\/mib.sk\/wp-content\/uploads\/2020\/07\/DSCF1626-2-scaled-e1681215250668-251x260.jpg 251w, https:\/\/mib.sk\/wp-content\/uploads\/2020\/07\/DSCF1626-2-scaled-e1681215250668-290x300.jpg 290w, https:\/\/mib.sk\/wp-content\/uploads\/2020\/07\/DSCF1626-2-scaled-e1681215250668-261x270.jpg 261w, https:\/\/mib.sk\/wp-content\/uploads\/2020\/07\/DSCF1626-2-scaled-e1681215250668-295x305.jpg 295w, https:\/\/mib.sk\/wp-content\/uploads\/2020\/07\/DSCF1626-2-scaled-e1681215250668-387x400.jpg 387w, https:\/\/mib.sk\/wp-content\/uploads\/2020\/07\/DSCF1626-2-scaled-e1681215250668-174x180.jpg 174w, https:\/\/mib.sk\/wp-content\/uploads\/2020\/07\/DSCF1626-2-scaled-e1681215250668-271x280.jpg 271w, https:\/\/mib.sk\/wp-content\/uploads\/2020\/07\/DSCF1626-2-scaled-e1681215250668-614x635.jpg 614w, https:\/\/mib.sk\/wp-content\/uploads\/2020\/07\/DSCF1626-2-scaled-e1681215250668-370x383.jpg 370w, https:\/\/mib.sk\/wp-content\/uploads\/2020\/07\/DSCF1626-2-scaled-e1681215250668.jpg 667w\" sizes=\"(max-width: 251px) 100vw, 251px\" \/>                                    <\/div>\r\n                                                                <div class=\"person-meta\">\r\n                                                                            <h4>Ing. Ivan Stankoci, PhD. <\/h4>\r\n                                                                                                                <div class=\"position\">Head of Department of Landscape Design and Public Spaces<\/div>\r\n                                                                                                                <a href=\"mailto:ivan.stankoci@mib.sk\">ivan.stankoci@mib.sk<\/a>\r\n                                                                        \r\n                                                                        \r\n                                <\/div>\r\n                            <\/div>\r\n                            <div class=\"person-desc\">\r\n                                                                                            <\/div>\r\n                        <\/div>\r\n                    <\/div>\r\n                                    <div class=\"col-lg-6 static\">\r\n                        <div class=\"person\">\r\n                            <div class=\"person-info\">\r\n                                                                    <div class=\"person-img\">\r\n                                        <img decoding=\"async\" width=\"260\" height=\"260\" src=\"https:\/\/mib.sk\/wp-content\/uploads\/2025\/04\/Anna-Banhegyi-260x260.jpeg\" class=\"attachment-person_260x260 size-person_260x260\" alt=\"\" srcset=\"https:\/\/mib.sk\/wp-content\/uploads\/2025\/04\/Anna-Banhegyi-260x260.jpeg 260w, https:\/\/mib.sk\/wp-content\/uploads\/2025\/04\/Anna-Banhegyi-300x300.jpeg 300w, https:\/\/mib.sk\/wp-content\/uploads\/2025\/04\/Anna-Banhegyi-1024x1024.jpeg 1024w, https:\/\/mib.sk\/wp-content\/uploads\/2025\/04\/Anna-Banhegyi-150x150.jpeg 150w, https:\/\/mib.sk\/wp-content\/uploads\/2025\/04\/Anna-Banhegyi-768x768.jpeg 768w, https:\/\/mib.sk\/wp-content\/uploads\/2025\/04\/Anna-Banhegyi-1000x1000.jpeg 1000w, https:\/\/mib.sk\/wp-content\/uploads\/2025\/04\/Anna-Banhegyi-270x270.jpeg 270w, https:\/\/mib.sk\/wp-content\/uploads\/2025\/04\/Anna-Banhegyi-305x305.jpeg 305w, https:\/\/mib.sk\/wp-content\/uploads\/2025\/04\/Anna-Banhegyi-400x400.jpeg 400w, https:\/\/mib.sk\/wp-content\/uploads\/2025\/04\/Anna-Banhegyi-180x180.jpeg 180w, https:\/\/mib.sk\/wp-content\/uploads\/2025\/04\/Anna-Banhegyi-280x280.jpeg 280w, https:\/\/mib.sk\/wp-content\/uploads\/2025\/04\/Anna-Banhegyi-635x635.jpeg 635w, https:\/\/mib.sk\/wp-content\/uploads\/2025\/04\/Anna-Banhegyi-740x740.jpeg 740w, https:\/\/mib.sk\/wp-content\/uploads\/2025\/04\/Anna-Banhegyi-370x370.jpeg 370w, https:\/\/mib.sk\/wp-content\/uploads\/2025\/04\/Anna-Banhegyi.jpeg 1056w\" sizes=\"(max-width: 260px) 100vw, 260px\" \/>                                    <\/div>\r\n                                                                <div class=\"person-meta\">\r\n                                                                            <h4>Ing. arch. Anna B\u00e1nhegyi<\/h4>\r\n                                                                                                                <div class=\"position\">Landscape Architect<\/div>\r\n                                                                                                                <a href=\"mailto:anna.banhegyi@mib.sk\">anna.banhegyi@mib.sk<\/a>\r\n                                                                        \r\n                                                                        \r\n                                <\/div>\r\n                            <\/div>\r\n                            <div class=\"person-desc\">\r\n                                                                                            <\/div>\r\n                        <\/div>\r\n                    <\/div>\r\n                                    <div class=\"col-lg-6 static\">\r\n                        <div class=\"person\">\r\n                            <div class=\"person-info\">\r\n                                                                    <div class=\"person-img\">\r\n                                        <img decoding=\"async\" width=\"180\" height=\"180\" src=\"https:\/\/mib.sk\/wp-content\/uploads\/2025\/06\/anon-260x260-1-180x180-1.png\" class=\"attachment-person_260x260 size-person_260x260\" alt=\"\" srcset=\"https:\/\/mib.sk\/wp-content\/uploads\/2025\/06\/anon-260x260-1-180x180-1.png 180w, https:\/\/mib.sk\/wp-content\/uploads\/2025\/06\/anon-260x260-1-180x180-1-150x150.png 150w\" sizes=\"(max-width: 180px) 100vw, 180px\" \/>                                    <\/div>\r\n                                                                <div class=\"person-meta\">\r\n                                                                            <h4>Ing. Lenka Paul\u00edkov\u00e1<\/h4>\r\n                                                                                                                <div class=\"position\">Landscape Engineer<\/div>\r\n                                                                                                                <a href=\"mailto:lenka.paulikova@mib.sk\">lenka.paulikova@mib.sk<\/a>\r\n                                                                        \r\n                                                                        \r\n                                <\/div>\r\n                            <\/div>\r\n                            <div class=\"person-desc\">\r\n                                                                                            <\/div>\r\n                        <\/div>\r\n                    <\/div>\r\n                                    <div class=\"col-lg-6 static\">\r\n                        <div class=\"person\">\r\n                            <div class=\"person-info\">\r\n                                                                    <div class=\"person-img\">\r\n                                        <img decoding=\"async\" width=\"180\" height=\"180\" src=\"https:\/\/mib.sk\/wp-content\/uploads\/2025\/06\/anon-260x260-1-180x180-1.png\" class=\"attachment-person_260x260 size-person_260x260\" alt=\"\" srcset=\"https:\/\/mib.sk\/wp-content\/uploads\/2025\/06\/anon-260x260-1-180x180-1.png 180w, https:\/\/mib.sk\/wp-content\/uploads\/2025\/06\/anon-260x260-1-180x180-1-150x150.png 150w\" sizes=\"(max-width: 180px) 100vw, 180px\" \/>                                    <\/div>\r\n                                                                <div class=\"person-meta\">\r\n                                                                            <h4>Ing. Miriam Za\u0165ovi\u010dov\u00e1<\/h4>\r\n                                                                                                                <div class=\"position\">Junior Landscape Architect<\/div>\r\n                                                                                                            \r\n                                                                        \r\n                                <\/div>\r\n                            <\/div>\r\n                            <div class=\"person-desc\">\r\n                                                                                            <\/div>\r\n                        <\/div>\r\n                    <\/div>\r\n                            <\/div>\r\n        <\/div>\r\n    <\/div>\r\n","protected":false},"excerpt":{"rendered":"","protected":false},"author":7,"featured_media":0,"parent":22809,"menu_order":0,"comment_status":"closed","ping_status":"closed","template":"","meta":{"_acf_changed":false,"inline_featured_image":false,"footnotes":""},"class_list":["post-25624","page","type-page","status-publish","hentry"],"acf":[],"yoast_head":"<!-- This site is optimized with the Yoast SEO plugin v23.4 - https:\/\/yoast.com\/wordpress\/plugins\/seo\/ -->\n<title>Department of Landscape Design and Public Spaces - Metropolitn\u00fd in\u0161tit\u00fat Bratislavy<\/title>\n<meta name=\"robots\" content=\"index, follow, max-snippet:-1, max-image-preview:large, max-video-preview:-1\" \/>\n<link rel=\"canonical\" href=\"https:\/\/mib.sk\/en\/organizacna-struktura\/urban-spaces-development-section\/department-of-landscape-design-and-public-spaces\/\" \/>\n<meta property=\"og:locale\" content=\"en_US\" \/>\n<meta property=\"og:type\" content=\"article\" \/>\n<meta property=\"og:title\" content=\"Department of Landscape Design and Public Spaces - Metropolitn\u00fd in\u0161tit\u00fat Bratislavy\" \/>\n<meta property=\"og:url\" content=\"https:\/\/mib.sk\/en\/organizacna-struktura\/urban-spaces-development-section\/department-of-landscape-design-and-public-spaces\/\" \/>\n<meta property=\"og:site_name\" content=\"Metropolitn\u00fd in\u0161tit\u00fat Bratislavy\" \/>\n<meta property=\"article:modified_time\" content=\"2026-02-13T12:58:24+00:00\" \/>\n<meta name=\"twitter:card\" content=\"summary_large_image\" \/>\n<script type=\"application\/ld+json\" class=\"yoast-schema-graph\">{\"@context\":\"https:\/\/schema.org\",\"@graph\":[{\"@type\":\"WebPage\",\"@id\":\"https:\/\/mib.sk\/en\/organizacna-struktura\/urban-spaces-development-section\/department-of-landscape-design-and-public-spaces\/\",\"url\":\"https:\/\/mib.sk\/en\/organizacna-struktura\/urban-spaces-development-section\/department-of-landscape-design-and-public-spaces\/\",\"name\":\"Department of Landscape Design and Public Spaces - Metropolitn\u00fd in\u0161tit\u00fat Bratislavy\",\"isPartOf\":{\"@id\":\"https:\/\/mib.sk\/#website\"},\"datePublished\":\"2024-10-20T14:14:16+00:00\",\"dateModified\":\"2026-02-13T12:58:24+00:00\",\"breadcrumb\":{\"@id\":\"https:\/\/mib.sk\/en\/organizacna-struktura\/urban-spaces-development-section\/department-of-landscape-design-and-public-spaces\/#breadcrumb\"},\"inLanguage\":\"en-US\",\"potentialAction\":[{\"@type\":\"ReadAction\",\"target\":[\"https:\/\/mib.sk\/en\/organizacna-struktura\/urban-spaces-development-section\/department-of-landscape-design-and-public-spaces\/\"]}]},{\"@type\":\"BreadcrumbList\",\"@id\":\"https:\/\/mib.sk\/en\/organizacna-struktura\/urban-spaces-development-section\/department-of-landscape-design-and-public-spaces\/#breadcrumb\",\"itemListElement\":[{\"@type\":\"ListItem\",\"position\":1,\"name\":\"Home\",\"item\":\"https:\/\/mib.sk\/en\/\"},{\"@type\":\"ListItem\",\"position\":2,\"name\":\"Organizational structure\",\"item\":\"https:\/\/mib.sk\/en\/organizacna-struktura\/\"},{\"@type\":\"ListItem\",\"position\":3,\"name\":\"Urban Spaces Development Section\",\"item\":\"https:\/\/mib.sk\/en\/organizacna-struktura\/urban-spaces-development-section\/\"},{\"@type\":\"ListItem\",\"position\":4,\"name\":\"Department of Landscape Design and Public Spaces\"}]},{\"@type\":\"WebSite\",\"@id\":\"https:\/\/mib.sk\/#website\",\"url\":\"https:\/\/mib.sk\/\",\"name\":\"Metropolitn\u00fd in\u0161tit\u00fat Bratislavy\",\"description\":\"\",\"potentialAction\":[{\"@type\":\"SearchAction\",\"target\":{\"@type\":\"EntryPoint\",\"urlTemplate\":\"https:\/\/mib.sk\/?s={search_term_string}\"},\"query-input\":{\"@type\":\"PropertyValueSpecification\",\"valueRequired\":true,\"valueName\":\"search_term_string\"}}],\"inLanguage\":\"en-US\"}]}<\/script>\n<!-- \/ Yoast SEO plugin. -->","yoast_head_json":{"title":"Department of Landscape Design and Public Spaces - Metropolitn\u00fd in\u0161tit\u00fat Bratislavy","robots":{"index":"index","follow":"follow","max-snippet":"max-snippet:-1","max-image-preview":"max-image-preview:large","max-video-preview":"max-video-preview:-1"},"canonical":"https:\/\/mib.sk\/en\/organizacna-struktura\/urban-spaces-development-section\/department-of-landscape-design-and-public-spaces\/","og_locale":"en_US","og_type":"article","og_title":"Department of Landscape Design and Public Spaces - Metropolitn\u00fd in\u0161tit\u00fat Bratislavy","og_url":"https:\/\/mib.sk\/en\/organizacna-struktura\/urban-spaces-development-section\/department-of-landscape-design-and-public-spaces\/","og_site_name":"Metropolitn\u00fd in\u0161tit\u00fat Bratislavy","article_modified_time":"2026-02-13T12:58:24+00:00","twitter_card":"summary_large_image","schema":{"@context":"https:\/\/schema.org","@graph":[{"@type":"WebPage","@id":"https:\/\/mib.sk\/en\/organizacna-struktura\/urban-spaces-development-section\/department-of-landscape-design-and-public-spaces\/","url":"https:\/\/mib.sk\/en\/organizacna-struktura\/urban-spaces-development-section\/department-of-landscape-design-and-public-spaces\/","name":"Department of Landscape Design and Public Spaces - Metropolitn\u00fd in\u0161tit\u00fat Bratislavy","isPartOf":{"@id":"https:\/\/mib.sk\/#website"},"datePublished":"2024-10-20T14:14:16+00:00","dateModified":"2026-02-13T12:58:24+00:00","breadcrumb":{"@id":"https:\/\/mib.sk\/en\/organizacna-struktura\/urban-spaces-development-section\/department-of-landscape-design-and-public-spaces\/#breadcrumb"},"inLanguage":"en-US","potentialAction":[{"@type":"ReadAction","target":["https:\/\/mib.sk\/en\/organizacna-struktura\/urban-spaces-development-section\/department-of-landscape-design-and-public-spaces\/"]}]},{"@type":"BreadcrumbList","@id":"https:\/\/mib.sk\/en\/organizacna-struktura\/urban-spaces-development-section\/department-of-landscape-design-and-public-spaces\/#breadcrumb","itemListElement":[{"@type":"ListItem","position":1,"name":"Home","item":"https:\/\/mib.sk\/en\/"},{"@type":"ListItem","position":2,"name":"Organizational structure","item":"https:\/\/mib.sk\/en\/organizacna-struktura\/"},{"@type":"ListItem","position":3,"name":"Urban Spaces Development Section","item":"https:\/\/mib.sk\/en\/organizacna-struktura\/urban-spaces-development-section\/"},{"@type":"ListItem","position":4,"name":"Department of Landscape Design and Public Spaces"}]},{"@type":"WebSite","@id":"https:\/\/mib.sk\/#website","url":"https:\/\/mib.sk\/","name":"Metropolitn\u00fd in\u0161tit\u00fat Bratislavy","description":"","potentialAction":[{"@type":"SearchAction","target":{"@type":"EntryPoint","urlTemplate":"https:\/\/mib.sk\/?s={search_term_string}"},"query-input":{"@type":"PropertyValueSpecification","valueRequired":true,"valueName":"search_term_string"}}],"inLanguage":"en-US"}]}},"_links":{"self":[{"href":"https:\/\/mib.sk\/en\/wp-json\/wp\/v2\/pages\/25624"}],"collection":[{"href":"https:\/\/mib.sk\/en\/wp-json\/wp\/v2\/pages"}],"about":[{"href":"https:\/\/mib.sk\/en\/wp-json\/wp\/v2\/types\/page"}],"author":[{"embeddable":true,"href":"https:\/\/mib.sk\/en\/wp-json\/wp\/v2\/users\/7"}],"replies":[{"embeddable":true,"href":"https:\/\/mib.sk\/en\/wp-json\/wp\/v2\/comments?post=25624"}],"version-history":[{"count":5,"href":"https:\/\/mib.sk\/en\/wp-json\/wp\/v2\/pages\/25624\/revisions"}],"predecessor-version":[{"id":30958,"href":"https:\/\/mib.sk\/en\/wp-json\/wp\/v2\/pages\/25624\/revisions\/30958"}],"up":[{"embeddable":true,"href":"https:\/\/mib.sk\/en\/wp-json\/wp\/v2\/pages\/22809"}],"wp:attachment":[{"href":"https:\/\/mib.sk\/en\/wp-json\/wp\/v2\/media?parent=25624"}],"curies":[{"name":"wp","href":"https:\/\/api.w.org\/{rel}","templated":true}]}}