	{"id":25621,"date":"2024-10-20T16:12:16","date_gmt":"2024-10-20T14:12:16","guid":{"rendered":"https:\/\/mib.sk\/?page_id=25621"},"modified":"2026-02-13T13:56:48","modified_gmt":"2026-02-13T12:56:48","slug":"city-buildings-department","status":"publish","type":"page","link":"https:\/\/mib.sk\/en\/organizacna-struktura\/urban-spaces-development-section\/city-buildings-department\/","title":{"rendered":"City Buildings Department"},"content":{"rendered":"    <div class=\"person-big-block\">\r\n        \r\n        <div class=\"container\">\r\n            <div class=\"row\">\r\n\r\n                \r\n                                    <div class=\"col-lg-6 static\">\r\n                        <div class=\"person\">\r\n                            <div class=\"person-info\">\r\n                                                                    <div class=\"person-img\">\r\n                                        <img decoding=\"async\" width=\"180\" height=\"180\" src=\"https:\/\/mib.sk\/wp-content\/uploads\/2025\/06\/anon-260x260-1-180x180-1.png\" class=\"attachment-person_260x260 size-person_260x260\" alt=\"\" srcset=\"https:\/\/mib.sk\/wp-content\/uploads\/2025\/06\/anon-260x260-1-180x180-1.png 180w, https:\/\/mib.sk\/wp-content\/uploads\/2025\/06\/anon-260x260-1-180x180-1-150x150.png 150w\" sizes=\"(max-width: 180px) 100vw, 180px\" \/>                                    <\/div>\r\n                                                                <div class=\"person-meta\">\r\n                                                                            <h4>Petra Marko, MA Arch ARB<\/h4>\r\n                                                                                                                <div class=\"position\">Entrusted Head of the Department<\/div>\r\n                                                                                                                <a href=\"mailto:petra.marko@mib.sk\">petra.marko@mib.sk<\/a>\r\n                                                                        \r\n                                                                        \r\n                                <\/div>\r\n                            <\/div>\r\n                            <div class=\"person-desc\">\r\n                                                                                            <\/div>\r\n                        <\/div>\r\n                    <\/div>\r\n                                    <div class=\"col-lg-6 static\">\r\n                        <div class=\"person\">\r\n                            <div class=\"person-info\">\r\n                                                                    <div class=\"person-img\">\r\n                                        <img decoding=\"async\" width=\"180\" height=\"180\" src=\"https:\/\/mib.sk\/wp-content\/uploads\/2025\/06\/anon-260x260-1-180x180-1.png\" class=\"attachment-person_260x260 size-person_260x260\" alt=\"\" srcset=\"https:\/\/mib.sk\/wp-content\/uploads\/2025\/06\/anon-260x260-1-180x180-1.png 180w, https:\/\/mib.sk\/wp-content\/uploads\/2025\/06\/anon-260x260-1-180x180-1-150x150.png 150w\" sizes=\"(max-width: 180px) 100vw, 180px\" \/>                                    <\/div>\r\n                                                                <div class=\"person-meta\">\r\n                                                                            <h4>Ing. arch. Bohdan Holl\u00fd<\/h4>\r\n                                                                                                                <div class=\"position\">Project Manager<\/div>\r\n                                                                                                                <a href=\"mailto:bohdan.holly@mib.sk\">bohdan.holly@mib.sk<\/a>\r\n                                                                        \r\n                                                                        \r\n                                <\/div>\r\n                            <\/div>\r\n                            <div class=\"person-desc\">\r\n                                                                                            <\/div>\r\n                        <\/div>\r\n                    <\/div>\r\n                            <\/div>\r\n        <\/div>\r\n    <\/div>\r\n","protected":false},"excerpt":{"rendered":"","protected":false},"author":7,"featured_media":0,"parent":22809,"menu_order":0,"comment_status":"closed","ping_status":"closed","template":"","meta":{"_acf_changed":false,"inline_featured_image":false,"footnotes":""},"class_list":["post-25621","page","type-page","status-publish","hentry"],"acf":[],"yoast_head":"<!-- This site is optimized with the Yoast SEO plugin v23.4 - https:\/\/yoast.com\/wordpress\/plugins\/seo\/ -->\n<title>City Buildings Department - Metropolitn\u00fd in\u0161tit\u00fat Bratislavy<\/title>\n<meta name=\"robots\" content=\"index, follow, max-snippet:-1, max-image-preview:large, max-video-preview:-1\" \/>\n<link rel=\"canonical\" href=\"https:\/\/mib.sk\/en\/organizacna-struktura\/urban-spaces-development-section\/city-buildings-department\/\" \/>\n<meta property=\"og:locale\" content=\"en_US\" \/>\n<meta property=\"og:type\" content=\"article\" \/>\n<meta property=\"og:title\" content=\"City Buildings Department - Metropolitn\u00fd in\u0161tit\u00fat Bratislavy\" \/>\n<meta property=\"og:url\" content=\"https:\/\/mib.sk\/en\/organizacna-struktura\/urban-spaces-development-section\/city-buildings-department\/\" \/>\n<meta property=\"og:site_name\" content=\"Metropolitn\u00fd in\u0161tit\u00fat Bratislavy\" \/>\n<meta property=\"article:modified_time\" content=\"2026-02-13T12:56:48+00:00\" \/>\n<meta name=\"twitter:card\" content=\"summary_large_image\" \/>\n<script type=\"application\/ld+json\" class=\"yoast-schema-graph\">{\"@context\":\"https:\/\/schema.org\",\"@graph\":[{\"@type\":\"WebPage\",\"@id\":\"https:\/\/mib.sk\/en\/organizacna-struktura\/urban-spaces-development-section\/city-buildings-department\/\",\"url\":\"https:\/\/mib.sk\/en\/organizacna-struktura\/urban-spaces-development-section\/city-buildings-department\/\",\"name\":\"City Buildings Department - Metropolitn\u00fd in\u0161tit\u00fat Bratislavy\",\"isPartOf\":{\"@id\":\"https:\/\/mib.sk\/#website\"},\"datePublished\":\"2024-10-20T14:12:16+00:00\",\"dateModified\":\"2026-02-13T12:56:48+00:00\",\"breadcrumb\":{\"@id\":\"https:\/\/mib.sk\/en\/organizacna-struktura\/urban-spaces-development-section\/city-buildings-department\/#breadcrumb\"},\"inLanguage\":\"en-US\",\"potentialAction\":[{\"@type\":\"ReadAction\",\"target\":[\"https:\/\/mib.sk\/en\/organizacna-struktura\/urban-spaces-development-section\/city-buildings-department\/\"]}]},{\"@type\":\"BreadcrumbList\",\"@id\":\"https:\/\/mib.sk\/en\/organizacna-struktura\/urban-spaces-development-section\/city-buildings-department\/#breadcrumb\",\"itemListElement\":[{\"@type\":\"ListItem\",\"position\":1,\"name\":\"Home\",\"item\":\"https:\/\/mib.sk\/en\/\"},{\"@type\":\"ListItem\",\"position\":2,\"name\":\"Organizational structure\",\"item\":\"https:\/\/mib.sk\/en\/organizacna-struktura\/\"},{\"@type\":\"ListItem\",\"position\":3,\"name\":\"Urban Spaces Development Section\",\"item\":\"https:\/\/mib.sk\/en\/organizacna-struktura\/urban-spaces-development-section\/\"},{\"@type\":\"ListItem\",\"position\":4,\"name\":\"City Buildings Department\"}]},{\"@type\":\"WebSite\",\"@id\":\"https:\/\/mib.sk\/#website\",\"url\":\"https:\/\/mib.sk\/\",\"name\":\"Metropolitn\u00fd in\u0161tit\u00fat Bratislavy\",\"description\":\"\",\"potentialAction\":[{\"@type\":\"SearchAction\",\"target\":{\"@type\":\"EntryPoint\",\"urlTemplate\":\"https:\/\/mib.sk\/?s={search_term_string}\"},\"query-input\":{\"@type\":\"PropertyValueSpecification\",\"valueRequired\":true,\"valueName\":\"search_term_string\"}}],\"inLanguage\":\"en-US\"}]}<\/script>\n<!-- \/ Yoast SEO plugin. -->","yoast_head_json":{"title":"City Buildings Department - Metropolitn\u00fd in\u0161tit\u00fat Bratislavy","robots":{"index":"index","follow":"follow","max-snippet":"max-snippet:-1","max-image-preview":"max-image-preview:large","max-video-preview":"max-video-preview:-1"},"canonical":"https:\/\/mib.sk\/en\/organizacna-struktura\/urban-spaces-development-section\/city-buildings-department\/","og_locale":"en_US","og_type":"article","og_title":"City Buildings Department - Metropolitn\u00fd in\u0161tit\u00fat Bratislavy","og_url":"https:\/\/mib.sk\/en\/organizacna-struktura\/urban-spaces-development-section\/city-buildings-department\/","og_site_name":"Metropolitn\u00fd in\u0161tit\u00fat Bratislavy","article_modified_time":"2026-02-13T12:56:48+00:00","twitter_card":"summary_large_image","schema":{"@context":"https:\/\/schema.org","@graph":[{"@type":"WebPage","@id":"https:\/\/mib.sk\/en\/organizacna-struktura\/urban-spaces-development-section\/city-buildings-department\/","url":"https:\/\/mib.sk\/en\/organizacna-struktura\/urban-spaces-development-section\/city-buildings-department\/","name":"City Buildings Department - Metropolitn\u00fd in\u0161tit\u00fat Bratislavy","isPartOf":{"@id":"https:\/\/mib.sk\/#website"},"datePublished":"2024-10-20T14:12:16+00:00","dateModified":"2026-02-13T12:56:48+00:00","breadcrumb":{"@id":"https:\/\/mib.sk\/en\/organizacna-struktura\/urban-spaces-development-section\/city-buildings-department\/#breadcrumb"},"inLanguage":"en-US","potentialAction":[{"@type":"ReadAction","target":["https:\/\/mib.sk\/en\/organizacna-struktura\/urban-spaces-development-section\/city-buildings-department\/"]}]},{"@type":"BreadcrumbList","@id":"https:\/\/mib.sk\/en\/organizacna-struktura\/urban-spaces-development-section\/city-buildings-department\/#breadcrumb","itemListElement":[{"@type":"ListItem","position":1,"name":"Home","item":"https:\/\/mib.sk\/en\/"},{"@type":"ListItem","position":2,"name":"Organizational structure","item":"https:\/\/mib.sk\/en\/organizacna-struktura\/"},{"@type":"ListItem","position":3,"name":"Urban Spaces Development Section","item":"https:\/\/mib.sk\/en\/organizacna-struktura\/urban-spaces-development-section\/"},{"@type":"ListItem","position":4,"name":"City Buildings Department"}]},{"@type":"WebSite","@id":"https:\/\/mib.sk\/#website","url":"https:\/\/mib.sk\/","name":"Metropolitn\u00fd in\u0161tit\u00fat Bratislavy","description":"","potentialAction":[{"@type":"SearchAction","target":{"@type":"EntryPoint","urlTemplate":"https:\/\/mib.sk\/?s={search_term_string}"},"query-input":{"@type":"PropertyValueSpecification","valueRequired":true,"valueName":"search_term_string"}}],"inLanguage":"en-US"}]}},"_links":{"self":[{"href":"https:\/\/mib.sk\/en\/wp-json\/wp\/v2\/pages\/25621"}],"collection":[{"href":"https:\/\/mib.sk\/en\/wp-json\/wp\/v2\/pages"}],"about":[{"href":"https:\/\/mib.sk\/en\/wp-json\/wp\/v2\/types\/page"}],"author":[{"embeddable":true,"href":"https:\/\/mib.sk\/en\/wp-json\/wp\/v2\/users\/7"}],"replies":[{"embeddable":true,"href":"https:\/\/mib.sk\/en\/wp-json\/wp\/v2\/comments?post=25621"}],"version-history":[{"count":5,"href":"https:\/\/mib.sk\/en\/wp-json\/wp\/v2\/pages\/25621\/revisions"}],"predecessor-version":[{"id":30956,"href":"https:\/\/mib.sk\/en\/wp-json\/wp\/v2\/pages\/25621\/revisions\/30956"}],"up":[{"embeddable":true,"href":"https:\/\/mib.sk\/en\/wp-json\/wp\/v2\/pages\/22809"}],"wp:attachment":[{"href":"https:\/\/mib.sk\/en\/wp-json\/wp\/v2\/media?parent=25621"}],"curies":[{"name":"wp","href":"https:\/\/api.w.org\/{rel}","templated":true}]}}