	{"id":24234,"date":"2024-04-23T16:22:07","date_gmt":"2024-04-23T14:22:07","guid":{"rendered":"https:\/\/mib.sk\/?page_id=24234"},"modified":"2026-02-13T13:51:35","modified_gmt":"2026-02-13T12:51:35","slug":"public-space-concepts-section","status":"publish","type":"page","link":"https:\/\/mib.sk\/en\/organizacna-struktura\/public-space-concepts-section\/","title":{"rendered":"Public Space Concepts Section"},"content":{"rendered":"\n<h4 class=\"wp-block-heading\"><strong>The public space in which we move around significantly influences how we feel in the city, how we live in our surroundings. We want public spaces to be functional, easy to maintain and inclusive for all groups of residents or visitors to the city.&nbsp;&nbsp;<\/strong><\/h4>\n\n\n\n<p>The aim of the section is to ensure that public realm projects in the city are based on consistent principles and principles, so that their overall visual appearance is compact.<\/p>\n\n\n\n<p>The Public Space Concepts Section therefore develops methodologies, principles and principles for the creation and renovation of public spaces. It systematically prepares &#8216;public space manuals&#8217; for individual public space themes. The manuals are mainly intended for planners who apply these principles in their projects.<\/p>\n\n\n\n<p>In addition to the development of the methodologies, we are continuously involved in the development of specifications, tender conditions or evaluation criteria for projects that are currently being designed and implemented in the public realm, whether at the MIB or other public and private organisations.<\/p>\n\n\n    <div class=\"person-big-block\">\r\n        \r\n        <div class=\"container\">\r\n            <div class=\"row\">\r\n\r\n                \r\n                                    <div class=\"col-lg-6 static\">\r\n                        <div class=\"person\">\r\n                            <div class=\"person-info\">\r\n                                                                    <div class=\"person-img\">\r\n                                        <img decoding=\"async\" width=\"260\" height=\"260\" src=\"https:\/\/mib.sk\/wp-content\/uploads\/2025\/04\/Jaroslava-Wlachovska-260x260.jpg\" class=\"attachment-person_260x260 size-person_260x260\" alt=\"\" srcset=\"https:\/\/mib.sk\/wp-content\/uploads\/2025\/04\/Jaroslava-Wlachovska-260x260.jpg 260w, https:\/\/mib.sk\/wp-content\/uploads\/2025\/04\/Jaroslava-Wlachovska-300x300.jpg 300w, https:\/\/mib.sk\/wp-content\/uploads\/2025\/04\/Jaroslava-Wlachovska-1024x1024.jpg 1024w, https:\/\/mib.sk\/wp-content\/uploads\/2025\/04\/Jaroslava-Wlachovska-150x150.jpg 150w, https:\/\/mib.sk\/wp-content\/uploads\/2025\/04\/Jaroslava-Wlachovska-768x768.jpg 768w, https:\/\/mib.sk\/wp-content\/uploads\/2025\/04\/Jaroslava-Wlachovska-1536x1536.jpg 1536w, https:\/\/mib.sk\/wp-content\/uploads\/2025\/04\/Jaroslava-Wlachovska-2048x2048.jpg 2048w, https:\/\/mib.sk\/wp-content\/uploads\/2025\/04\/Jaroslava-Wlachovska-1000x1000.jpg 1000w, https:\/\/mib.sk\/wp-content\/uploads\/2025\/04\/Jaroslava-Wlachovska-270x270.jpg 270w, https:\/\/mib.sk\/wp-content\/uploads\/2025\/04\/Jaroslava-Wlachovska-305x305.jpg 305w, https:\/\/mib.sk\/wp-content\/uploads\/2025\/04\/Jaroslava-Wlachovska-400x400.jpg 400w, https:\/\/mib.sk\/wp-content\/uploads\/2025\/04\/Jaroslava-Wlachovska-180x180.jpg 180w, https:\/\/mib.sk\/wp-content\/uploads\/2025\/04\/Jaroslava-Wlachovska-280x280.jpg 280w, https:\/\/mib.sk\/wp-content\/uploads\/2025\/04\/Jaroslava-Wlachovska-635x635.jpg 635w, https:\/\/mib.sk\/wp-content\/uploads\/2025\/04\/Jaroslava-Wlachovska-740x740.jpg 740w, https:\/\/mib.sk\/wp-content\/uploads\/2025\/04\/Jaroslava-Wlachovska-370x370.jpg 370w\" sizes=\"(max-width: 260px) 100vw, 260px\" \/>                                    <\/div>\r\n                                                                <div class=\"person-meta\">\r\n                                                                            <h4>Ing. arch. Jaroslava Wlachovsk\u00e1<\/h4>\r\n                                                                                                                <div class=\"position\">Temporarily appointed Head of the Public Space Concepts Section<\/div>\r\n                                                                                                                <a href=\"mailto:jaroslava.wlachovska@mib.sk\">jaroslava.wlachovska@mib.sk<\/a>\r\n                                                                        \r\n                                                                        \r\n                                <\/div>\r\n                            <\/div>\r\n                            <div class=\"person-desc\">\r\n                                                                                            <\/div>\r\n                        <\/div>\r\n                    <\/div>\r\n                            <\/div>\r\n        <\/div>\r\n    <\/div>\r\n\n\n    <div class=\"person-big-block\">\r\n        \r\n        <div class=\"container\">\r\n            <div class=\"row\">\r\n\r\n                \r\n                                    <div class=\"col-lg-6 static\">\r\n                        <div class=\"person\">\r\n                            <div class=\"person-info\">\r\n                                                                    <div class=\"person-img\">\r\n                                        <img decoding=\"async\" width=\"256\" height=\"260\" src=\"https:\/\/mib.sk\/wp-content\/uploads\/2020\/07\/DSCF1776-scaled-e1681215308896-256x260.jpg\" class=\"attachment-person_260x260 size-person_260x260\" alt=\"\" srcset=\"https:\/\/mib.sk\/wp-content\/uploads\/2020\/07\/DSCF1776-scaled-e1681215308896-256x260.jpg 256w, https:\/\/mib.sk\/wp-content\/uploads\/2020\/07\/DSCF1776-scaled-e1681215308896-295x300.jpg 295w, https:\/\/mib.sk\/wp-content\/uploads\/2020\/07\/DSCF1776-scaled-e1681215308896-266x270.jpg 266w, https:\/\/mib.sk\/wp-content\/uploads\/2020\/07\/DSCF1776-scaled-e1681215308896-300x305.jpg 300w, https:\/\/mib.sk\/wp-content\/uploads\/2020\/07\/DSCF1776-scaled-e1681215308896-394x400.jpg 394w, https:\/\/mib.sk\/wp-content\/uploads\/2020\/07\/DSCF1776-scaled-e1681215308896-177x180.jpg 177w, https:\/\/mib.sk\/wp-content\/uploads\/2020\/07\/DSCF1776-scaled-e1681215308896-275x280.jpg 275w, https:\/\/mib.sk\/wp-content\/uploads\/2020\/07\/DSCF1776-scaled-e1681215308896-625x635.jpg 625w, https:\/\/mib.sk\/wp-content\/uploads\/2020\/07\/DSCF1776-scaled-e1681215308896-370x376.jpg 370w, https:\/\/mib.sk\/wp-content\/uploads\/2020\/07\/DSCF1776-scaled-e1681215308896.jpg 666w\" sizes=\"(max-width: 256px) 100vw, 256px\" \/>                                    <\/div>\r\n                                                                <div class=\"person-meta\">\r\n                                                                            <h4>Ing. arch. Oto Nov\u00e1\u010dek<\/h4>\r\n                                                                                                                <div class=\"position\">Architect<\/div>\r\n                                                                                                                <a href=\"mailto:oto.novacek@mib.sk\">oto.novacek@mib.sk<\/a>\r\n                                                                        \r\n                                                                        \r\n                                <\/div>\r\n                            <\/div>\r\n                            <div class=\"person-desc\">\r\n                                                                                            <\/div>\r\n                        <\/div>\r\n                    <\/div>\r\n                                    <div class=\"col-lg-6 static\">\r\n                        <div class=\"person\">\r\n                            <div class=\"person-info\">\r\n                                                                    <div class=\"person-img\">\r\n                                        <img decoding=\"async\" width=\"260\" height=\"260\" src=\"https:\/\/mib.sk\/wp-content\/uploads\/2024\/04\/lucia-grigorova-260x260.jpg\" class=\"attachment-person_260x260 size-person_260x260\" alt=\"\" srcset=\"https:\/\/mib.sk\/wp-content\/uploads\/2024\/04\/lucia-grigorova-260x260.jpg 260w, https:\/\/mib.sk\/wp-content\/uploads\/2024\/04\/lucia-grigorova-300x300.jpg 300w, https:\/\/mib.sk\/wp-content\/uploads\/2024\/04\/lucia-grigorova-1024x1024.jpg 1024w, https:\/\/mib.sk\/wp-content\/uploads\/2024\/04\/lucia-grigorova-150x150.jpg 150w, https:\/\/mib.sk\/wp-content\/uploads\/2024\/04\/lucia-grigorova-768x768.jpg 768w, https:\/\/mib.sk\/wp-content\/uploads\/2024\/04\/lucia-grigorova-1536x1536.jpg 1536w, https:\/\/mib.sk\/wp-content\/uploads\/2024\/04\/lucia-grigorova-2048x2048.jpg 2048w, https:\/\/mib.sk\/wp-content\/uploads\/2024\/04\/lucia-grigorova-270x270.jpg 270w, https:\/\/mib.sk\/wp-content\/uploads\/2024\/04\/lucia-grigorova-305x305.jpg 305w, https:\/\/mib.sk\/wp-content\/uploads\/2024\/04\/lucia-grigorova-400x400.jpg 400w, https:\/\/mib.sk\/wp-content\/uploads\/2024\/04\/lucia-grigorova-180x180.jpg 180w, https:\/\/mib.sk\/wp-content\/uploads\/2024\/04\/lucia-grigorova-280x280.jpg 280w, https:\/\/mib.sk\/wp-content\/uploads\/2024\/04\/lucia-grigorova-635x635.jpg 635w, https:\/\/mib.sk\/wp-content\/uploads\/2024\/04\/lucia-grigorova-740x740.jpg 740w, https:\/\/mib.sk\/wp-content\/uploads\/2024\/04\/lucia-grigorova-370x370.jpg 370w\" sizes=\"(max-width: 260px) 100vw, 260px\" \/>                                    <\/div>\r\n                                                                <div class=\"person-meta\">\r\n                                                                            <h4>Ing. arch. Lucia Grigov\u00e1<\/h4>\r\n                                                                                                                <div class=\"position\">Junior Architect<\/div>\r\n                                                                                                                <a href=\"mailto:lucia.grigova@mib.sk\">lucia.grigova@mib.sk<\/a>\r\n                                                                        \r\n                                                                        \r\n                                <\/div>\r\n                            <\/div>\r\n                            <div class=\"person-desc\">\r\n                                                                                            <\/div>\r\n                        <\/div>\r\n                    <\/div>\r\n                                    <div class=\"col-lg-6 static\">\r\n                        <div class=\"person\">\r\n                            <div class=\"person-info\">\r\n                                                                    <div class=\"person-img\">\r\n                                        <img decoding=\"async\" width=\"258\" height=\"260\" src=\"https:\/\/mib.sk\/wp-content\/uploads\/2024\/04\/Jakub-Kypus-258x260.jpg\" class=\"attachment-person_260x260 size-person_260x260\" alt=\"\" srcset=\"https:\/\/mib.sk\/wp-content\/uploads\/2024\/04\/Jakub-Kypus-258x260.jpg 258w, https:\/\/mib.sk\/wp-content\/uploads\/2024\/04\/Jakub-Kypus-298x300.jpg 298w, https:\/\/mib.sk\/wp-content\/uploads\/2024\/04\/Jakub-Kypus-1017x1024.jpg 1017w, https:\/\/mib.sk\/wp-content\/uploads\/2024\/04\/Jakub-Kypus-150x150.jpg 150w, https:\/\/mib.sk\/wp-content\/uploads\/2024\/04\/Jakub-Kypus-768x774.jpg 768w, https:\/\/mib.sk\/wp-content\/uploads\/2024\/04\/Jakub-Kypus-1525x1536.jpg 1525w, https:\/\/mib.sk\/wp-content\/uploads\/2024\/04\/Jakub-Kypus-2033x2048.jpg 2033w, https:\/\/mib.sk\/wp-content\/uploads\/2024\/04\/Jakub-Kypus-268x270.jpg 268w, https:\/\/mib.sk\/wp-content\/uploads\/2024\/04\/Jakub-Kypus-303x305.jpg 303w, https:\/\/mib.sk\/wp-content\/uploads\/2024\/04\/Jakub-Kypus-397x400.jpg 397w, https:\/\/mib.sk\/wp-content\/uploads\/2024\/04\/Jakub-Kypus-179x180.jpg 179w, https:\/\/mib.sk\/wp-content\/uploads\/2024\/04\/Jakub-Kypus-278x280.jpg 278w, https:\/\/mib.sk\/wp-content\/uploads\/2024\/04\/Jakub-Kypus-630x635.jpg 630w, https:\/\/mib.sk\/wp-content\/uploads\/2024\/04\/Jakub-Kypus-735x740.jpg 735w, https:\/\/mib.sk\/wp-content\/uploads\/2024\/04\/Jakub-Kypus-370x373.jpg 370w\" sizes=\"(max-width: 258px) 100vw, 258px\" \/>                                    <\/div>\r\n                                                                <div class=\"person-meta\">\r\n                                                                            <h4>Ing. arch. Jakub Kypus<\/h4>\r\n                                                                                                                <div class=\"position\">Senior Architect<\/div>\r\n                                                                                                                <a href=\"mailto:jakub.kypus@mib.sk\">jakub.kypus@mib.sk<\/a>\r\n                                                                        \r\n                                                                        \r\n                                <\/div>\r\n                            <\/div>\r\n                            <div class=\"person-desc\">\r\n                                                                                            <\/div>\r\n                        <\/div>\r\n                    <\/div>\r\n                                    <div class=\"col-lg-6 static\">\r\n                        <div class=\"person\">\r\n                            <div class=\"person-info\">\r\n                                                                    <div class=\"person-img\">\r\n                                        <img decoding=\"async\" width=\"180\" height=\"180\" src=\"https:\/\/mib.sk\/wp-content\/uploads\/2025\/06\/anon-260x260-1-180x180-1.png\" class=\"attachment-person_260x260 size-person_260x260\" alt=\"\" srcset=\"https:\/\/mib.sk\/wp-content\/uploads\/2025\/06\/anon-260x260-1-180x180-1.png 180w, https:\/\/mib.sk\/wp-content\/uploads\/2025\/06\/anon-260x260-1-180x180-1-150x150.png 150w\" sizes=\"(max-width: 180px) 100vw, 180px\" \/>                                    <\/div>\r\n                                                                <div class=\"person-meta\">\r\n                                                                            <h4>Ing. arch. Marianna P\u00e1len\u00edkov\u00e1<\/h4>\r\n                                                                                                                <div class=\"position\">Architect<\/div>\r\n                                                                                                            \r\n                                                                        \r\n                                <\/div>\r\n                            <\/div>\r\n                            <div class=\"person-desc\">\r\n                                                                                            <\/div>\r\n                        <\/div>\r\n                    <\/div>\r\n                                    <div class=\"col-lg-6 static\">\r\n                        <div class=\"person\">\r\n                            <div class=\"person-info\">\r\n                                                                    <div class=\"person-img\">\r\n                                        <img decoding=\"async\" width=\"180\" height=\"180\" src=\"https:\/\/mib.sk\/wp-content\/uploads\/2025\/06\/anon-260x260-1-180x180-1.png\" class=\"attachment-person_260x260 size-person_260x260\" alt=\"\" srcset=\"https:\/\/mib.sk\/wp-content\/uploads\/2025\/06\/anon-260x260-1-180x180-1.png 180w, https:\/\/mib.sk\/wp-content\/uploads\/2025\/06\/anon-260x260-1-180x180-1-150x150.png 150w\" sizes=\"(max-width: 180px) 100vw, 180px\" \/>                                    <\/div>\r\n                                                                <div class=\"person-meta\">\r\n                                                                            <h4>MSc. Miroslav Hud\u00e1k<\/h4>\r\n                                                                                                                <div class=\"position\">GIS Specialist<\/div>\r\n                                                                                                                <a href=\"mailto:miroslav.hudak@mib.sk\">miroslav.hudak@mib.sk<\/a>\r\n                                                                        \r\n                                                                        \r\n                                <\/div>\r\n                            <\/div>\r\n                            <div class=\"person-desc\">\r\n                                                                                            <\/div>\r\n                        <\/div>\r\n                    <\/div>\r\n                                    <div class=\"col-lg-6 static\">\r\n                        <div class=\"person\">\r\n                            <div class=\"person-info\">\r\n                                                                    <div class=\"person-img\">\r\n                                        <img decoding=\"async\" width=\"180\" height=\"180\" src=\"https:\/\/mib.sk\/wp-content\/uploads\/2025\/06\/anon-260x260-1-180x180-1.png\" class=\"attachment-person_260x260 size-person_260x260\" alt=\"\" srcset=\"https:\/\/mib.sk\/wp-content\/uploads\/2025\/06\/anon-260x260-1-180x180-1.png 180w, https:\/\/mib.sk\/wp-content\/uploads\/2025\/06\/anon-260x260-1-180x180-1-150x150.png 150w\" sizes=\"(max-width: 180px) 100vw, 180px\" \/>                                    <\/div>\r\n                                                                <div class=\"person-meta\">\r\n                                                                            <h4>Mgr. Jakub Hrub\u00fd<\/h4>\r\n                                                                                                                <div class=\"position\">Project Manager<\/div>\r\n                                                                                                                <a href=\"mailto:jakub.hruby@mib.sk\">jakub.hruby@mib.sk<\/a>\r\n                                                                        \r\n                                                                        \r\n                                <\/div>\r\n                            <\/div>\r\n                            <div class=\"person-desc\">\r\n                                                                                            <\/div>\r\n                        <\/div>\r\n                    <\/div>\r\n                            <\/div>\r\n        <\/div>\r\n    <\/div>\r\n\n\n\n<p><\/p>\n","protected":false},"excerpt":{"rendered":"<p>The public space in which we move around significantly influences how we feel in the city, how we live in our surroundings. We want public spaces to be functional, easy to maintain and inclusive for all groups of residents or visitors to the city.&nbsp;&nbsp; The aim of the section is to ensure that public realm&#8230;<\/p>\n","protected":false},"author":7,"featured_media":0,"parent":3959,"menu_order":0,"comment_status":"closed","ping_status":"closed","template":"organisation.php","meta":{"_acf_changed":false,"inline_featured_image":false,"footnotes":""},"class_list":["post-24234","page","type-page","status-publish","hentry"],"acf":[],"yoast_head":"<!-- This site is optimized with the Yoast SEO plugin v23.4 - https:\/\/yoast.com\/wordpress\/plugins\/seo\/ -->\n<title>Public Space Concepts Section - Metropolitn\u00fd in\u0161tit\u00fat Bratislavy<\/title>\n<meta name=\"robots\" content=\"index, follow, max-snippet:-1, max-image-preview:large, max-video-preview:-1\" \/>\n<link rel=\"canonical\" href=\"https:\/\/mib.sk\/en\/organizacna-struktura\/public-space-concepts-section\/\" \/>\n<meta property=\"og:locale\" content=\"en_US\" \/>\n<meta property=\"og:type\" content=\"article\" \/>\n<meta property=\"og:title\" content=\"Public Space Concepts Section - Metropolitn\u00fd in\u0161tit\u00fat Bratislavy\" \/>\n<meta property=\"og:description\" content=\"The public space in which we move around significantly influences how we feel in the city, how we live in our surroundings. We want public spaces to be functional, easy to maintain and inclusive for all groups of residents or visitors to the city.&nbsp;&nbsp; The aim of the section is to ensure that public realm...\" \/>\n<meta property=\"og:url\" content=\"https:\/\/mib.sk\/en\/organizacna-struktura\/public-space-concepts-section\/\" \/>\n<meta property=\"og:site_name\" content=\"Metropolitn\u00fd in\u0161tit\u00fat Bratislavy\" \/>\n<meta property=\"article:modified_time\" content=\"2026-02-13T12:51:35+00:00\" \/>\n<meta name=\"twitter:card\" content=\"summary_large_image\" \/>\n<meta name=\"twitter:label1\" content=\"Est. reading time\" \/>\n\t<meta name=\"twitter:data1\" content=\"1 minute\" \/>\n<script type=\"application\/ld+json\" class=\"yoast-schema-graph\">{\"@context\":\"https:\/\/schema.org\",\"@graph\":[{\"@type\":\"WebPage\",\"@id\":\"https:\/\/mib.sk\/en\/organizacna-struktura\/public-space-concepts-section\/\",\"url\":\"https:\/\/mib.sk\/en\/organizacna-struktura\/public-space-concepts-section\/\",\"name\":\"Public Space Concepts Section - Metropolitn\u00fd in\u0161tit\u00fat Bratislavy\",\"isPartOf\":{\"@id\":\"https:\/\/mib.sk\/#website\"},\"datePublished\":\"2024-04-23T14:22:07+00:00\",\"dateModified\":\"2026-02-13T12:51:35+00:00\",\"breadcrumb\":{\"@id\":\"https:\/\/mib.sk\/en\/organizacna-struktura\/public-space-concepts-section\/#breadcrumb\"},\"inLanguage\":\"en-US\",\"potentialAction\":[{\"@type\":\"ReadAction\",\"target\":[\"https:\/\/mib.sk\/en\/organizacna-struktura\/public-space-concepts-section\/\"]}]},{\"@type\":\"BreadcrumbList\",\"@id\":\"https:\/\/mib.sk\/en\/organizacna-struktura\/public-space-concepts-section\/#breadcrumb\",\"itemListElement\":[{\"@type\":\"ListItem\",\"position\":1,\"name\":\"Home\",\"item\":\"https:\/\/mib.sk\/en\/\"},{\"@type\":\"ListItem\",\"position\":2,\"name\":\"Organizational structure\",\"item\":\"https:\/\/mib.sk\/en\/organizacna-struktura\/\"},{\"@type\":\"ListItem\",\"position\":3,\"name\":\"Public Space Concepts Section\"}]},{\"@type\":\"WebSite\",\"@id\":\"https:\/\/mib.sk\/#website\",\"url\":\"https:\/\/mib.sk\/\",\"name\":\"Metropolitn\u00fd in\u0161tit\u00fat Bratislavy\",\"description\":\"\",\"potentialAction\":[{\"@type\":\"SearchAction\",\"target\":{\"@type\":\"EntryPoint\",\"urlTemplate\":\"https:\/\/mib.sk\/?s={search_term_string}\"},\"query-input\":{\"@type\":\"PropertyValueSpecification\",\"valueRequired\":true,\"valueName\":\"search_term_string\"}}],\"inLanguage\":\"en-US\"}]}<\/script>\n<!-- \/ Yoast SEO plugin. -->","yoast_head_json":{"title":"Public Space Concepts Section - Metropolitn\u00fd in\u0161tit\u00fat Bratislavy","robots":{"index":"index","follow":"follow","max-snippet":"max-snippet:-1","max-image-preview":"max-image-preview:large","max-video-preview":"max-video-preview:-1"},"canonical":"https:\/\/mib.sk\/en\/organizacna-struktura\/public-space-concepts-section\/","og_locale":"en_US","og_type":"article","og_title":"Public Space Concepts Section - Metropolitn\u00fd in\u0161tit\u00fat Bratislavy","og_description":"The public space in which we move around significantly influences how we feel in the city, how we live in our surroundings. We want public spaces to be functional, easy to maintain and inclusive for all groups of residents or visitors to the city.&nbsp;&nbsp; The aim of the section is to ensure that public realm...","og_url":"https:\/\/mib.sk\/en\/organizacna-struktura\/public-space-concepts-section\/","og_site_name":"Metropolitn\u00fd in\u0161tit\u00fat Bratislavy","article_modified_time":"2026-02-13T12:51:35+00:00","twitter_card":"summary_large_image","twitter_misc":{"Est. reading time":"1 minute"},"schema":{"@context":"https:\/\/schema.org","@graph":[{"@type":"WebPage","@id":"https:\/\/mib.sk\/en\/organizacna-struktura\/public-space-concepts-section\/","url":"https:\/\/mib.sk\/en\/organizacna-struktura\/public-space-concepts-section\/","name":"Public Space Concepts Section - Metropolitn\u00fd in\u0161tit\u00fat Bratislavy","isPartOf":{"@id":"https:\/\/mib.sk\/#website"},"datePublished":"2024-04-23T14:22:07+00:00","dateModified":"2026-02-13T12:51:35+00:00","breadcrumb":{"@id":"https:\/\/mib.sk\/en\/organizacna-struktura\/public-space-concepts-section\/#breadcrumb"},"inLanguage":"en-US","potentialAction":[{"@type":"ReadAction","target":["https:\/\/mib.sk\/en\/organizacna-struktura\/public-space-concepts-section\/"]}]},{"@type":"BreadcrumbList","@id":"https:\/\/mib.sk\/en\/organizacna-struktura\/public-space-concepts-section\/#breadcrumb","itemListElement":[{"@type":"ListItem","position":1,"name":"Home","item":"https:\/\/mib.sk\/en\/"},{"@type":"ListItem","position":2,"name":"Organizational structure","item":"https:\/\/mib.sk\/en\/organizacna-struktura\/"},{"@type":"ListItem","position":3,"name":"Public Space Concepts Section"}]},{"@type":"WebSite","@id":"https:\/\/mib.sk\/#website","url":"https:\/\/mib.sk\/","name":"Metropolitn\u00fd in\u0161tit\u00fat Bratislavy","description":"","potentialAction":[{"@type":"SearchAction","target":{"@type":"EntryPoint","urlTemplate":"https:\/\/mib.sk\/?s={search_term_string}"},"query-input":{"@type":"PropertyValueSpecification","valueRequired":true,"valueName":"search_term_string"}}],"inLanguage":"en-US"}]}},"_links":{"self":[{"href":"https:\/\/mib.sk\/en\/wp-json\/wp\/v2\/pages\/24234"}],"collection":[{"href":"https:\/\/mib.sk\/en\/wp-json\/wp\/v2\/pages"}],"about":[{"href":"https:\/\/mib.sk\/en\/wp-json\/wp\/v2\/types\/page"}],"author":[{"embeddable":true,"href":"https:\/\/mib.sk\/en\/wp-json\/wp\/v2\/users\/7"}],"replies":[{"embeddable":true,"href":"https:\/\/mib.sk\/en\/wp-json\/wp\/v2\/comments?post=24234"}],"version-history":[{"count":11,"href":"https:\/\/mib.sk\/en\/wp-json\/wp\/v2\/pages\/24234\/revisions"}],"predecessor-version":[{"id":30949,"href":"https:\/\/mib.sk\/en\/wp-json\/wp\/v2\/pages\/24234\/revisions\/30949"}],"up":[{"embeddable":true,"href":"https:\/\/mib.sk\/en\/wp-json\/wp\/v2\/pages\/3959"}],"wp:attachment":[{"href":"https:\/\/mib.sk\/en\/wp-json\/wp\/v2\/media?parent=24234"}],"curies":[{"name":"wp","href":"https:\/\/api.w.org\/{rel}","templated":true}]}}