	{"id":22809,"date":"2023-10-13T18:54:25","date_gmt":"2023-10-13T16:54:25","guid":{"rendered":"https:\/\/mib.sk\/?page_id=22809"},"modified":"2026-02-13T13:54:11","modified_gmt":"2026-02-13T12:54:11","slug":"urban-spaces-development-section","status":"publish","type":"page","link":"https:\/\/mib.sk\/en\/organizacna-struktura\/urban-spaces-development-section\/","title":{"rendered":"Urban Spaces Development Section"},"content":{"rendered":"\n<h4 class=\"wp-block-heading\"><strong>Section coordinates the City&#8217;s long-term and short-term architectural projects by covering the complex architectural project management process. <\/strong><\/h4>\n\n\n\n<p>Coordination of individual municipal organizations or contractors and collaborators during the selection of the project, its preparatory phase, architectural design, implementation and partly also during operation is crucial to ensure that the requirements for quality, functionality and aesthetics of the solution are met. This process includes research, concept development, validation studies, the preparation of documents for the architectural competition, and last but not least, coordination during implementation. <\/p>\n\n\n\n<p>The department also acts as a consultative and advisory body for the Municipality&#8217;s departments, municipal districts or the private sector in matters of urban development.\u202fIn the implementations covered by the department, the architects look at the city as a whole, but always take into account the specific, local needs of the individual districts. <\/p>\n\n\n\n<p>In addition to architectural projects, the department ensures the development of uniform concepts and processes in the use of urban spaces, such as rules for the rental of urban spaces or the occupation of public spaces. <\/p>\n\n\n\n<p>The long-term vision is that the department will also bring proposals for new projects selected based on its own research and evaluation of data from the urban environment.<\/p>\n\n\n\n\n\n\n","protected":false},"excerpt":{"rendered":"<p>Section coordinates the City&#8217;s long-term and short-term architectural projects by covering the complex architectural project management process. Coordination of individual municipal organizations or contractors and collaborators during the selection of the project, its preparatory phase, architectural design, implementation and partly also during operation is crucial to ensure that the requirements for quality, functionality and aesthetics&#8230;<\/p>\n","protected":false},"author":7,"featured_media":0,"parent":3959,"menu_order":0,"comment_status":"closed","ping_status":"closed","template":"organisation.php","meta":{"_acf_changed":false,"inline_featured_image":false,"footnotes":""},"class_list":["post-22809","page","type-page","status-publish","hentry"],"acf":[],"yoast_head":"<!-- This site is optimized with the Yoast SEO plugin v23.4 - https:\/\/yoast.com\/wordpress\/plugins\/seo\/ -->\n<title>Urban Spaces Development Section - Metropolitn\u00fd in\u0161tit\u00fat Bratislavy<\/title>\n<meta name=\"robots\" content=\"index, follow, max-snippet:-1, max-image-preview:large, max-video-preview:-1\" \/>\n<link rel=\"canonical\" href=\"https:\/\/mib.sk\/en\/organizacna-struktura\/urban-spaces-development-section\/\" \/>\n<meta property=\"og:locale\" content=\"en_US\" \/>\n<meta property=\"og:type\" content=\"article\" \/>\n<meta property=\"og:title\" content=\"Urban Spaces Development Section - Metropolitn\u00fd in\u0161tit\u00fat Bratislavy\" \/>\n<meta property=\"og:description\" content=\"Section coordinates the City&#8217;s long-term and short-term architectural projects by covering the complex architectural project management process. Coordination of individual municipal organizations or contractors and collaborators during the selection of the project, its preparatory phase, architectural design, implementation and partly also during operation is crucial to ensure that the requirements for quality, functionality and aesthetics...\" \/>\n<meta property=\"og:url\" content=\"https:\/\/mib.sk\/en\/organizacna-struktura\/urban-spaces-development-section\/\" \/>\n<meta property=\"og:site_name\" content=\"Metropolitn\u00fd in\u0161tit\u00fat Bratislavy\" \/>\n<meta property=\"article:modified_time\" content=\"2026-02-13T12:54:11+00:00\" \/>\n<meta name=\"twitter:card\" content=\"summary_large_image\" \/>\n<meta name=\"twitter:label1\" content=\"Est. reading time\" \/>\n\t<meta name=\"twitter:data1\" content=\"2 minutes\" \/>\n<script type=\"application\/ld+json\" class=\"yoast-schema-graph\">{\"@context\":\"https:\/\/schema.org\",\"@graph\":[{\"@type\":\"WebPage\",\"@id\":\"https:\/\/mib.sk\/en\/organizacna-struktura\/urban-spaces-development-section\/\",\"url\":\"https:\/\/mib.sk\/en\/organizacna-struktura\/urban-spaces-development-section\/\",\"name\":\"Urban Spaces Development Section - Metropolitn\u00fd in\u0161tit\u00fat Bratislavy\",\"isPartOf\":{\"@id\":\"https:\/\/mib.sk\/#website\"},\"datePublished\":\"2023-10-13T16:54:25+00:00\",\"dateModified\":\"2026-02-13T12:54:11+00:00\",\"breadcrumb\":{\"@id\":\"https:\/\/mib.sk\/en\/organizacna-struktura\/urban-spaces-development-section\/#breadcrumb\"},\"inLanguage\":\"en-US\",\"potentialAction\":[{\"@type\":\"ReadAction\",\"target\":[\"https:\/\/mib.sk\/en\/organizacna-struktura\/urban-spaces-development-section\/\"]}]},{\"@type\":\"BreadcrumbList\",\"@id\":\"https:\/\/mib.sk\/en\/organizacna-struktura\/urban-spaces-development-section\/#breadcrumb\",\"itemListElement\":[{\"@type\":\"ListItem\",\"position\":1,\"name\":\"Home\",\"item\":\"https:\/\/mib.sk\/en\/\"},{\"@type\":\"ListItem\",\"position\":2,\"name\":\"Organizational structure\",\"item\":\"https:\/\/mib.sk\/en\/organizacna-struktura\/\"},{\"@type\":\"ListItem\",\"position\":3,\"name\":\"Urban Spaces Development Section\"}]},{\"@type\":\"WebSite\",\"@id\":\"https:\/\/mib.sk\/#website\",\"url\":\"https:\/\/mib.sk\/\",\"name\":\"Metropolitn\u00fd in\u0161tit\u00fat Bratislavy\",\"description\":\"\",\"potentialAction\":[{\"@type\":\"SearchAction\",\"target\":{\"@type\":\"EntryPoint\",\"urlTemplate\":\"https:\/\/mib.sk\/?s={search_term_string}\"},\"query-input\":{\"@type\":\"PropertyValueSpecification\",\"valueRequired\":true,\"valueName\":\"search_term_string\"}}],\"inLanguage\":\"en-US\"}]}<\/script>\n<!-- \/ Yoast SEO plugin. -->","yoast_head_json":{"title":"Urban Spaces Development Section - Metropolitn\u00fd in\u0161tit\u00fat Bratislavy","robots":{"index":"index","follow":"follow","max-snippet":"max-snippet:-1","max-image-preview":"max-image-preview:large","max-video-preview":"max-video-preview:-1"},"canonical":"https:\/\/mib.sk\/en\/organizacna-struktura\/urban-spaces-development-section\/","og_locale":"en_US","og_type":"article","og_title":"Urban Spaces Development Section - Metropolitn\u00fd in\u0161tit\u00fat Bratislavy","og_description":"Section coordinates the City&#8217;s long-term and short-term architectural projects by covering the complex architectural project management process. Coordination of individual municipal organizations or contractors and collaborators during the selection of the project, its preparatory phase, architectural design, implementation and partly also during operation is crucial to ensure that the requirements for quality, functionality and aesthetics...","og_url":"https:\/\/mib.sk\/en\/organizacna-struktura\/urban-spaces-development-section\/","og_site_name":"Metropolitn\u00fd in\u0161tit\u00fat Bratislavy","article_modified_time":"2026-02-13T12:54:11+00:00","twitter_card":"summary_large_image","twitter_misc":{"Est. reading time":"2 minutes"},"schema":{"@context":"https:\/\/schema.org","@graph":[{"@type":"WebPage","@id":"https:\/\/mib.sk\/en\/organizacna-struktura\/urban-spaces-development-section\/","url":"https:\/\/mib.sk\/en\/organizacna-struktura\/urban-spaces-development-section\/","name":"Urban Spaces Development Section - Metropolitn\u00fd in\u0161tit\u00fat Bratislavy","isPartOf":{"@id":"https:\/\/mib.sk\/#website"},"datePublished":"2023-10-13T16:54:25+00:00","dateModified":"2026-02-13T12:54:11+00:00","breadcrumb":{"@id":"https:\/\/mib.sk\/en\/organizacna-struktura\/urban-spaces-development-section\/#breadcrumb"},"inLanguage":"en-US","potentialAction":[{"@type":"ReadAction","target":["https:\/\/mib.sk\/en\/organizacna-struktura\/urban-spaces-development-section\/"]}]},{"@type":"BreadcrumbList","@id":"https:\/\/mib.sk\/en\/organizacna-struktura\/urban-spaces-development-section\/#breadcrumb","itemListElement":[{"@type":"ListItem","position":1,"name":"Home","item":"https:\/\/mib.sk\/en\/"},{"@type":"ListItem","position":2,"name":"Organizational structure","item":"https:\/\/mib.sk\/en\/organizacna-struktura\/"},{"@type":"ListItem","position":3,"name":"Urban Spaces Development Section"}]},{"@type":"WebSite","@id":"https:\/\/mib.sk\/#website","url":"https:\/\/mib.sk\/","name":"Metropolitn\u00fd in\u0161tit\u00fat Bratislavy","description":"","potentialAction":[{"@type":"SearchAction","target":{"@type":"EntryPoint","urlTemplate":"https:\/\/mib.sk\/?s={search_term_string}"},"query-input":{"@type":"PropertyValueSpecification","valueRequired":true,"valueName":"search_term_string"}}],"inLanguage":"en-US"}]}},"_links":{"self":[{"href":"https:\/\/mib.sk\/en\/wp-json\/wp\/v2\/pages\/22809"}],"collection":[{"href":"https:\/\/mib.sk\/en\/wp-json\/wp\/v2\/pages"}],"about":[{"href":"https:\/\/mib.sk\/en\/wp-json\/wp\/v2\/types\/page"}],"author":[{"embeddable":true,"href":"https:\/\/mib.sk\/en\/wp-json\/wp\/v2\/users\/7"}],"replies":[{"embeddable":true,"href":"https:\/\/mib.sk\/en\/wp-json\/wp\/v2\/comments?post=22809"}],"version-history":[{"count":17,"href":"https:\/\/mib.sk\/en\/wp-json\/wp\/v2\/pages\/22809\/revisions"}],"predecessor-version":[{"id":30953,"href":"https:\/\/mib.sk\/en\/wp-json\/wp\/v2\/pages\/22809\/revisions\/30953"}],"up":[{"embeddable":true,"href":"https:\/\/mib.sk\/en\/wp-json\/wp\/v2\/pages\/3959"}],"wp:attachment":[{"href":"https:\/\/mib.sk\/en\/wp-json\/wp\/v2\/media?parent=22809"}],"curies":[{"name":"wp","href":"https:\/\/api.w.org\/{rel}","templated":true}]}}