	{"id":19977,"date":"2023-04-05T15:46:47","date_gmt":"2023-04-05T13:46:47","guid":{"rendered":"https:\/\/mib.sk\/?page_id=19977"},"modified":"2024-10-20T19:53:45","modified_gmt":"2024-10-20T17:53:45","slug":"department-of-changes-and-supplements","status":"publish","type":"page","link":"https:\/\/mib.sk\/en\/organizacna-struktura\/uzemne-planovanie\/department-of-changes-and-supplements\/","title":{"rendered":"Department of Changes and Supplements"},"content":{"rendered":"\n<h4 class=\"wp-block-heading\">The Spatial Plan of the Capital City of the Slovak Republic of Bratislava is one of the basic strategic development documents of the city. The Spatial Plan is the basis for assessing the location of new buildings, investment plans and the development of individual zones of the city. In order to keep this document up to date, it is necessary to continuously review its status and update it. In practice, this means preparing its Amendments.<\/h4>\n\n\n\n<p>Amendments change elements that are already included in the land use plan, such as the functional use of land or the transport network. Amendments add phenomena that the master plan does not yet contain &#8211; for example, new nature conservation areas. Outdated information from the spatial plan is also deleted, for example invalid ordinances and laws. Changes generally concern both the graphic and the textual part. Amendments to the Spatial plan are approved by the city council after discussion with experts and the public.<\/p>\n\n\n\n<p>The role of the department is to:<\/p>\n\n\n\n<ul class=\"wp-block-list\">\n<li>Preparing its own analyses of the land-use plan.<\/li>\n\n\n\n<li>Evaluating the status and phenomena of the Spatial Plan.<\/li>\n\n\n\n<li>Preparation of documents for the Amendments.<\/li>\n\n\n\n<li>Cooperation with the contracting authority in the preparation of the Amendments.<\/li>\n\n\n\n<li>Preparation of the Amendments to the Spatial Plan.<\/li>\n\n\n\n<li>Presentation of the Amendments to the Spatial Plan to the public.<\/li>\n\n\n\n<li>Coordination of plans.<\/li>\n<\/ul>\n\n\n    <div class=\"person-big-block\">\r\n        \r\n        <div class=\"container\">\r\n            <div class=\"row\">\r\n\r\n                \r\n                                    <div class=\"col-lg-6 static\">\r\n                        <div class=\"person\">\r\n                            <div class=\"person-info\">\r\n                                                                    <div class=\"person-img\">\r\n                                        <img decoding=\"async\" width=\"260\" height=\"260\" src=\"https:\/\/mib.sk\/wp-content\/uploads\/2024\/04\/karin_toto-260x260.jpg\" class=\"attachment-person_260x260 size-person_260x260\" alt=\"\" srcset=\"https:\/\/mib.sk\/wp-content\/uploads\/2024\/04\/karin_toto-260x260.jpg 260w, https:\/\/mib.sk\/wp-content\/uploads\/2024\/04\/karin_toto-300x300.jpg 300w, https:\/\/mib.sk\/wp-content\/uploads\/2024\/04\/karin_toto-1024x1024.jpg 1024w, https:\/\/mib.sk\/wp-content\/uploads\/2024\/04\/karin_toto-150x150.jpg 150w, https:\/\/mib.sk\/wp-content\/uploads\/2024\/04\/karin_toto-768x768.jpg 768w, https:\/\/mib.sk\/wp-content\/uploads\/2024\/04\/karin_toto-1536x1536.jpg 1536w, https:\/\/mib.sk\/wp-content\/uploads\/2024\/04\/karin_toto-2048x2048.jpg 2048w, https:\/\/mib.sk\/wp-content\/uploads\/2024\/04\/karin_toto-270x270.jpg 270w, https:\/\/mib.sk\/wp-content\/uploads\/2024\/04\/karin_toto-305x305.jpg 305w, https:\/\/mib.sk\/wp-content\/uploads\/2024\/04\/karin_toto-400x400.jpg 400w, https:\/\/mib.sk\/wp-content\/uploads\/2024\/04\/karin_toto-180x180.jpg 180w, https:\/\/mib.sk\/wp-content\/uploads\/2024\/04\/karin_toto-280x280.jpg 280w, https:\/\/mib.sk\/wp-content\/uploads\/2024\/04\/karin_toto-635x635.jpg 635w, https:\/\/mib.sk\/wp-content\/uploads\/2024\/04\/karin_toto-740x740.jpg 740w, https:\/\/mib.sk\/wp-content\/uploads\/2024\/04\/karin_toto-370x370.jpg 370w\" sizes=\"(max-width: 260px) 100vw, 260px\" \/>                                    <\/div>\r\n                                                                <div class=\"person-meta\">\r\n                                                                            <h4>Ing. arch. Karin Lexmann<\/h4>\r\n                                                                                                                <div class=\"position\">Head of the Changes and Supplements Department<\/div>\r\n                                                                                                                <a href=\"mailto:karin.lexmann@mib.sk\">karin.lexmann@mib.sk<\/a>\r\n                                                                        \r\n                                                                        \r\n                                <\/div>\r\n                            <\/div>\r\n                            <div class=\"person-desc\">\r\n                                                                                            <\/div>\r\n                        <\/div>\r\n                    <\/div>\r\n                            <\/div>\r\n        <\/div>\r\n    <\/div>\r\n\n\n    <div class=\"person-big-block\">\r\n        \r\n        <div class=\"container\">\r\n            <div class=\"row\">\r\n\r\n                \r\n                                    <div class=\"col-lg-6 static\">\r\n                        <div class=\"person\">\r\n                            <div class=\"person-info\">\r\n                                                                    <div class=\"person-img\">\r\n                                        <img decoding=\"async\" width=\"222\" height=\"260\" src=\"https:\/\/mib.sk\/wp-content\/uploads\/2024\/04\/Romana-Hajdukova-1-222x260.jpg\" class=\"attachment-person_260x260 size-person_260x260\" alt=\"\" srcset=\"https:\/\/mib.sk\/wp-content\/uploads\/2024\/04\/Romana-Hajdukova-1-222x260.jpg 222w, https:\/\/mib.sk\/wp-content\/uploads\/2024\/04\/Romana-Hajdukova-1-256x300.jpg 256w, https:\/\/mib.sk\/wp-content\/uploads\/2024\/04\/Romana-Hajdukova-1-874x1024.jpg 874w, https:\/\/mib.sk\/wp-content\/uploads\/2024\/04\/Romana-Hajdukova-1-768x900.jpg 768w, https:\/\/mib.sk\/wp-content\/uploads\/2024\/04\/Romana-Hajdukova-1-1311x1536.jpg 1311w, https:\/\/mib.sk\/wp-content\/uploads\/2024\/04\/Romana-Hajdukova-1-1748x2048.jpg 1748w, https:\/\/mib.sk\/wp-content\/uploads\/2024\/04\/Romana-Hajdukova-1-230x270.jpg 230w, https:\/\/mib.sk\/wp-content\/uploads\/2024\/04\/Romana-Hajdukova-1-260x305.jpg 260w, https:\/\/mib.sk\/wp-content\/uploads\/2024\/04\/Romana-Hajdukova-1-341x400.jpg 341w, https:\/\/mib.sk\/wp-content\/uploads\/2024\/04\/Romana-Hajdukova-1-154x180.jpg 154w, https:\/\/mib.sk\/wp-content\/uploads\/2024\/04\/Romana-Hajdukova-1-239x280.jpg 239w, https:\/\/mib.sk\/wp-content\/uploads\/2024\/04\/Romana-Hajdukova-1-542x635.jpg 542w, https:\/\/mib.sk\/wp-content\/uploads\/2024\/04\/Romana-Hajdukova-1-632x740.jpg 632w\" sizes=\"(max-width: 222px) 100vw, 222px\" \/>                                    <\/div>\r\n                                                                <div class=\"person-meta\">\r\n                                                                            <h4>Ing. arch. Romana Hajdukov\u00e1<\/h4>\r\n                                                                                                                <div class=\"position\">Architect\/Urban planner<\/div>\r\n                                                                                                                <a href=\"mailto:romana.hajdukova@mib.sk\">romana.hajdukova@mib.sk<\/a>\r\n                                                                        \r\n                                                                        \r\n                                <\/div>\r\n                            <\/div>\r\n                            <div class=\"person-desc\">\r\n                                                                                            <\/div>\r\n                        <\/div>\r\n                    <\/div>\r\n                                    <div class=\"col-lg-6 static\">\r\n                        <div class=\"person\">\r\n                            <div class=\"person-info\">\r\n                                                                    <div class=\"person-img\">\r\n                                        <img decoding=\"async\" width=\"260\" height=\"260\" src=\"https:\/\/mib.sk\/wp-content\/uploads\/2024\/02\/Ludmila-Holikova-260x260.jpg\" class=\"attachment-person_260x260 size-person_260x260\" alt=\"\" srcset=\"https:\/\/mib.sk\/wp-content\/uploads\/2024\/02\/Ludmila-Holikova-260x260.jpg 260w, https:\/\/mib.sk\/wp-content\/uploads\/2024\/02\/Ludmila-Holikova-300x300.jpg 300w, https:\/\/mib.sk\/wp-content\/uploads\/2024\/02\/Ludmila-Holikova-1024x1024.jpg 1024w, https:\/\/mib.sk\/wp-content\/uploads\/2024\/02\/Ludmila-Holikova-150x150.jpg 150w, https:\/\/mib.sk\/wp-content\/uploads\/2024\/02\/Ludmila-Holikova-768x768.jpg 768w, https:\/\/mib.sk\/wp-content\/uploads\/2024\/02\/Ludmila-Holikova-1536x1536.jpg 1536w, https:\/\/mib.sk\/wp-content\/uploads\/2024\/02\/Ludmila-Holikova-2048x2048.jpg 2048w, https:\/\/mib.sk\/wp-content\/uploads\/2024\/02\/Ludmila-Holikova-270x270.jpg 270w, https:\/\/mib.sk\/wp-content\/uploads\/2024\/02\/Ludmila-Holikova-305x305.jpg 305w, https:\/\/mib.sk\/wp-content\/uploads\/2024\/02\/Ludmila-Holikova-400x400.jpg 400w, https:\/\/mib.sk\/wp-content\/uploads\/2024\/02\/Ludmila-Holikova-180x180.jpg 180w, https:\/\/mib.sk\/wp-content\/uploads\/2024\/02\/Ludmila-Holikova-280x280.jpg 280w, https:\/\/mib.sk\/wp-content\/uploads\/2024\/02\/Ludmila-Holikova-635x635.jpg 635w, https:\/\/mib.sk\/wp-content\/uploads\/2024\/02\/Ludmila-Holikova-740x740.jpg 740w, https:\/\/mib.sk\/wp-content\/uploads\/2024\/02\/Ludmila-Holikova-370x370.jpg 370w\" sizes=\"(max-width: 260px) 100vw, 260px\" \/>                                    <\/div>\r\n                                                                <div class=\"person-meta\">\r\n                                                                            <h4>Ing. arch. \u013dudmila Hol\u00edkov\u00e1<\/h4>\r\n                                                                                                                <div class=\"position\">Architect\/Urban planner<\/div>\r\n                                                                                                                <a href=\"mailto:ludmila.holikova@mib.sk\">ludmila.holikova@mib.sk<\/a>\r\n                                                                        \r\n                                                                        \r\n                                <\/div>\r\n                            <\/div>\r\n                            <div class=\"person-desc\">\r\n                                                                                            <\/div>\r\n                        <\/div>\r\n                    <\/div>\r\n                                    <div class=\"col-lg-6 static\">\r\n                        <div class=\"person\">\r\n                            <div class=\"person-info\">\r\n                                                                    <div class=\"person-img\">\r\n                                        <img decoding=\"async\" width=\"260\" height=\"260\" src=\"https:\/\/mib.sk\/wp-content\/uploads\/2020\/07\/anon-260x260.png\" class=\"attachment-person_260x260 size-person_260x260\" alt=\"\" srcset=\"https:\/\/mib.sk\/wp-content\/uploads\/2020\/07\/anon-260x260.png 260w, https:\/\/mib.sk\/wp-content\/uploads\/2020\/07\/anon-300x300.png 300w, https:\/\/mib.sk\/wp-content\/uploads\/2020\/07\/anon-150x150.png 150w, https:\/\/mib.sk\/wp-content\/uploads\/2020\/07\/anon-270x270.png 270w, https:\/\/mib.sk\/wp-content\/uploads\/2020\/07\/anon-305x305.png 305w, https:\/\/mib.sk\/wp-content\/uploads\/2020\/07\/anon-180x180.png 180w, https:\/\/mib.sk\/wp-content\/uploads\/2020\/07\/anon-280x280.png 280w, https:\/\/mib.sk\/wp-content\/uploads\/2020\/07\/anon.png 320w\" sizes=\"(max-width: 260px) 100vw, 260px\" \/>                                    <\/div>\r\n                                                                <div class=\"person-meta\">\r\n                                                                            <h4>Ing. \u013dubica Bednarovi\u010dov\u00e1<\/h4>\r\n                                                                                                                <div class=\"position\">Spatial Planning Specialist<\/div>\r\n                                                                                                                <a href=\"mailto:lubica.bednarovicova@mib.sk\">lubica.bednarovicova@mib.sk<\/a>\r\n                                                                        \r\n                                                                        \r\n                                <\/div>\r\n                            <\/div>\r\n                            <div class=\"person-desc\">\r\n                                                                                            <\/div>\r\n                        <\/div>\r\n                    <\/div>\r\n                            <\/div>\r\n        <\/div>\r\n    <\/div>\r\n","protected":false},"excerpt":{"rendered":"<p>The Spatial Plan of the Capital City of the Slovak Republic of Bratislava is one of the basic strategic development documents of the city. The Spatial Plan is the basis for assessing the location of new buildings, investment plans and the development of individual zones of the city. In order to keep this document up&#8230;<\/p>\n","protected":false},"author":7,"featured_media":0,"parent":4014,"menu_order":0,"comment_status":"closed","ping_status":"closed","template":"","meta":{"_acf_changed":false,"inline_featured_image":false,"footnotes":""},"class_list":["post-19977","page","type-page","status-publish","hentry"],"acf":[],"yoast_head":"<!-- This site is optimized with the Yoast SEO plugin v23.4 - https:\/\/yoast.com\/wordpress\/plugins\/seo\/ -->\n<title>Department of Changes and Supplements - Metropolitn\u00fd in\u0161tit\u00fat Bratislavy<\/title>\n<meta name=\"robots\" content=\"index, follow, max-snippet:-1, max-image-preview:large, max-video-preview:-1\" \/>\n<link rel=\"canonical\" href=\"https:\/\/mib.sk\/en\/organizacna-struktura\/uzemne-planovanie\/department-of-changes-and-supplements\/\" \/>\n<meta property=\"og:locale\" content=\"en_US\" \/>\n<meta property=\"og:type\" content=\"article\" \/>\n<meta property=\"og:title\" content=\"Department of Changes and Supplements - Metropolitn\u00fd in\u0161tit\u00fat Bratislavy\" \/>\n<meta property=\"og:description\" content=\"The Spatial Plan of the Capital City of the Slovak Republic of Bratislava is one of the basic strategic development documents of the city. The Spatial Plan is the basis for assessing the location of new buildings, investment plans and the development of individual zones of the city. In order to keep this document up...\" \/>\n<meta property=\"og:url\" content=\"https:\/\/mib.sk\/en\/organizacna-struktura\/uzemne-planovanie\/department-of-changes-and-supplements\/\" \/>\n<meta property=\"og:site_name\" content=\"Metropolitn\u00fd in\u0161tit\u00fat Bratislavy\" \/>\n<meta property=\"article:modified_time\" content=\"2024-10-20T17:53:45+00:00\" \/>\n<meta name=\"twitter:card\" content=\"summary_large_image\" \/>\n<meta name=\"twitter:label1\" content=\"Est. reading time\" \/>\n\t<meta name=\"twitter:data1\" content=\"2 minutes\" \/>\n<script type=\"application\/ld+json\" class=\"yoast-schema-graph\">{\"@context\":\"https:\/\/schema.org\",\"@graph\":[{\"@type\":\"WebPage\",\"@id\":\"https:\/\/mib.sk\/en\/organizacna-struktura\/uzemne-planovanie\/department-of-changes-and-supplements\/\",\"url\":\"https:\/\/mib.sk\/en\/organizacna-struktura\/uzemne-planovanie\/department-of-changes-and-supplements\/\",\"name\":\"Department of Changes and Supplements - Metropolitn\u00fd in\u0161tit\u00fat Bratislavy\",\"isPartOf\":{\"@id\":\"https:\/\/mib.sk\/#website\"},\"datePublished\":\"2023-04-05T13:46:47+00:00\",\"dateModified\":\"2024-10-20T17:53:45+00:00\",\"breadcrumb\":{\"@id\":\"https:\/\/mib.sk\/en\/organizacna-struktura\/uzemne-planovanie\/department-of-changes-and-supplements\/#breadcrumb\"},\"inLanguage\":\"en-US\",\"potentialAction\":[{\"@type\":\"ReadAction\",\"target\":[\"https:\/\/mib.sk\/en\/organizacna-struktura\/uzemne-planovanie\/department-of-changes-and-supplements\/\"]}]},{\"@type\":\"BreadcrumbList\",\"@id\":\"https:\/\/mib.sk\/en\/organizacna-struktura\/uzemne-planovanie\/department-of-changes-and-supplements\/#breadcrumb\",\"itemListElement\":[{\"@type\":\"ListItem\",\"position\":1,\"name\":\"Home\",\"item\":\"https:\/\/mib.sk\/en\/\"},{\"@type\":\"ListItem\",\"position\":2,\"name\":\"Organizational structure\",\"item\":\"https:\/\/mib.sk\/en\/organizacna-struktura\/\"},{\"@type\":\"ListItem\",\"position\":3,\"name\":\"Spatial Planning Section\",\"item\":\"https:\/\/mib.sk\/en\/organizacna-struktura\/uzemne-planovanie\/\"},{\"@type\":\"ListItem\",\"position\":4,\"name\":\"Department of Changes and Supplements\"}]},{\"@type\":\"WebSite\",\"@id\":\"https:\/\/mib.sk\/#website\",\"url\":\"https:\/\/mib.sk\/\",\"name\":\"Metropolitn\u00fd in\u0161tit\u00fat Bratislavy\",\"description\":\"\",\"potentialAction\":[{\"@type\":\"SearchAction\",\"target\":{\"@type\":\"EntryPoint\",\"urlTemplate\":\"https:\/\/mib.sk\/?s={search_term_string}\"},\"query-input\":{\"@type\":\"PropertyValueSpecification\",\"valueRequired\":true,\"valueName\":\"search_term_string\"}}],\"inLanguage\":\"en-US\"}]}<\/script>\n<!-- \/ Yoast SEO plugin. -->","yoast_head_json":{"title":"Department of Changes and Supplements - Metropolitn\u00fd in\u0161tit\u00fat Bratislavy","robots":{"index":"index","follow":"follow","max-snippet":"max-snippet:-1","max-image-preview":"max-image-preview:large","max-video-preview":"max-video-preview:-1"},"canonical":"https:\/\/mib.sk\/en\/organizacna-struktura\/uzemne-planovanie\/department-of-changes-and-supplements\/","og_locale":"en_US","og_type":"article","og_title":"Department of Changes and Supplements - Metropolitn\u00fd in\u0161tit\u00fat Bratislavy","og_description":"The Spatial Plan of the Capital City of the Slovak Republic of Bratislava is one of the basic strategic development documents of the city. The Spatial Plan is the basis for assessing the location of new buildings, investment plans and the development of individual zones of the city. In order to keep this document up...","og_url":"https:\/\/mib.sk\/en\/organizacna-struktura\/uzemne-planovanie\/department-of-changes-and-supplements\/","og_site_name":"Metropolitn\u00fd in\u0161tit\u00fat Bratislavy","article_modified_time":"2024-10-20T17:53:45+00:00","twitter_card":"summary_large_image","twitter_misc":{"Est. reading time":"2 minutes"},"schema":{"@context":"https:\/\/schema.org","@graph":[{"@type":"WebPage","@id":"https:\/\/mib.sk\/en\/organizacna-struktura\/uzemne-planovanie\/department-of-changes-and-supplements\/","url":"https:\/\/mib.sk\/en\/organizacna-struktura\/uzemne-planovanie\/department-of-changes-and-supplements\/","name":"Department of Changes and Supplements - Metropolitn\u00fd in\u0161tit\u00fat Bratislavy","isPartOf":{"@id":"https:\/\/mib.sk\/#website"},"datePublished":"2023-04-05T13:46:47+00:00","dateModified":"2024-10-20T17:53:45+00:00","breadcrumb":{"@id":"https:\/\/mib.sk\/en\/organizacna-struktura\/uzemne-planovanie\/department-of-changes-and-supplements\/#breadcrumb"},"inLanguage":"en-US","potentialAction":[{"@type":"ReadAction","target":["https:\/\/mib.sk\/en\/organizacna-struktura\/uzemne-planovanie\/department-of-changes-and-supplements\/"]}]},{"@type":"BreadcrumbList","@id":"https:\/\/mib.sk\/en\/organizacna-struktura\/uzemne-planovanie\/department-of-changes-and-supplements\/#breadcrumb","itemListElement":[{"@type":"ListItem","position":1,"name":"Home","item":"https:\/\/mib.sk\/en\/"},{"@type":"ListItem","position":2,"name":"Organizational structure","item":"https:\/\/mib.sk\/en\/organizacna-struktura\/"},{"@type":"ListItem","position":3,"name":"Spatial Planning Section","item":"https:\/\/mib.sk\/en\/organizacna-struktura\/uzemne-planovanie\/"},{"@type":"ListItem","position":4,"name":"Department of Changes and Supplements"}]},{"@type":"WebSite","@id":"https:\/\/mib.sk\/#website","url":"https:\/\/mib.sk\/","name":"Metropolitn\u00fd in\u0161tit\u00fat Bratislavy","description":"","potentialAction":[{"@type":"SearchAction","target":{"@type":"EntryPoint","urlTemplate":"https:\/\/mib.sk\/?s={search_term_string}"},"query-input":{"@type":"PropertyValueSpecification","valueRequired":true,"valueName":"search_term_string"}}],"inLanguage":"en-US"}]}},"_links":{"self":[{"href":"https:\/\/mib.sk\/en\/wp-json\/wp\/v2\/pages\/19977"}],"collection":[{"href":"https:\/\/mib.sk\/en\/wp-json\/wp\/v2\/pages"}],"about":[{"href":"https:\/\/mib.sk\/en\/wp-json\/wp\/v2\/types\/page"}],"author":[{"embeddable":true,"href":"https:\/\/mib.sk\/en\/wp-json\/wp\/v2\/users\/7"}],"replies":[{"embeddable":true,"href":"https:\/\/mib.sk\/en\/wp-json\/wp\/v2\/comments?post=19977"}],"version-history":[{"count":18,"href":"https:\/\/mib.sk\/en\/wp-json\/wp\/v2\/pages\/19977\/revisions"}],"predecessor-version":[{"id":25641,"href":"https:\/\/mib.sk\/en\/wp-json\/wp\/v2\/pages\/19977\/revisions\/25641"}],"up":[{"embeddable":true,"href":"https:\/\/mib.sk\/en\/wp-json\/wp\/v2\/pages\/4014"}],"wp:attachment":[{"href":"https:\/\/mib.sk\/en\/wp-json\/wp\/v2\/media?parent=19977"}],"curies":[{"name":"wp","href":"https:\/\/api.w.org\/{rel}","templated":true}]}}