	{"id":19971,"date":"2023-04-05T15:51:07","date_gmt":"2023-04-05T13:51:07","guid":{"rendered":"https:\/\/mib.sk\/?page_id=19971"},"modified":"2025-06-20T10:07:46","modified_gmt":"2025-06-20T08:07:46","slug":"department-of-metropolitan-planning","status":"publish","type":"page","link":"https:\/\/mib.sk\/en\/organizacna-struktura\/uzemne-planovanie\/department-of-metropolitan-planning\/","title":{"rendered":"Department of Metropolitan Planning"},"content":{"rendered":"    <div class=\"person-big-block\">\r\n        \r\n        <div class=\"container\">\r\n            <div class=\"row\">\r\n\r\n                \r\n                                    <div class=\"col-lg-6 static\">\r\n                        <div class=\"person\">\r\n                            <div class=\"person-info\">\r\n                                                                    <div class=\"person-img\">\r\n                                        <img decoding=\"async\" width=\"260\" height=\"260\" src=\"https:\/\/mib.sk\/wp-content\/uploads\/2020\/07\/anon-260x260.png\" class=\"attachment-person_260x260 size-person_260x260\" alt=\"\" srcset=\"https:\/\/mib.sk\/wp-content\/uploads\/2020\/07\/anon-260x260.png 260w, https:\/\/mib.sk\/wp-content\/uploads\/2020\/07\/anon-300x300.png 300w, https:\/\/mib.sk\/wp-content\/uploads\/2020\/07\/anon-150x150.png 150w, https:\/\/mib.sk\/wp-content\/uploads\/2020\/07\/anon-270x270.png 270w, https:\/\/mib.sk\/wp-content\/uploads\/2020\/07\/anon-305x305.png 305w, https:\/\/mib.sk\/wp-content\/uploads\/2020\/07\/anon-180x180.png 180w, https:\/\/mib.sk\/wp-content\/uploads\/2020\/07\/anon-280x280.png 280w, https:\/\/mib.sk\/wp-content\/uploads\/2020\/07\/anon.png 320w\" sizes=\"(max-width: 260px) 100vw, 260px\" \/>                                    <\/div>\r\n                                                                <div class=\"person-meta\">\r\n                                                                            <h4>Ing. arch. Viktor Kasala<\/h4>\r\n                                                                                                                <div class=\"position\">Head of Department of Metropolitan Planning<\/div>\r\n                                                                                                                <a href=\"mailto:viktor.kasala@mib.sk\">viktor.kasala@mib.sk<\/a>\r\n                                                                        \r\n                                                                        \r\n                                <\/div>\r\n                            <\/div>\r\n                            <div class=\"person-desc\">\r\n                                                                                            <\/div>\r\n                        <\/div>\r\n                    <\/div>\r\n                            <\/div>\r\n        <\/div>\r\n    <\/div>\r\n\n\n    <div class=\"person-big-block\">\r\n        \r\n        <div class=\"container\">\r\n            <div class=\"row\">\r\n\r\n                \r\n                                    <div class=\"col-lg-6 static\">\r\n                        <div class=\"person\">\r\n                            <div class=\"person-info\">\r\n                                                                    <div class=\"person-img\">\r\n                                        <img decoding=\"async\" width=\"260\" height=\"260\" src=\"https:\/\/mib.sk\/wp-content\/uploads\/2025\/04\/Dubcova_Maria-260x260.jpg\" class=\"attachment-person_260x260 size-person_260x260\" alt=\"\" srcset=\"https:\/\/mib.sk\/wp-content\/uploads\/2025\/04\/Dubcova_Maria-260x260.jpg 260w, https:\/\/mib.sk\/wp-content\/uploads\/2025\/04\/Dubcova_Maria-300x300.jpg 300w, https:\/\/mib.sk\/wp-content\/uploads\/2025\/04\/Dubcova_Maria-1024x1024.jpg 1024w, https:\/\/mib.sk\/wp-content\/uploads\/2025\/04\/Dubcova_Maria-150x150.jpg 150w, https:\/\/mib.sk\/wp-content\/uploads\/2025\/04\/Dubcova_Maria-768x768.jpg 768w, https:\/\/mib.sk\/wp-content\/uploads\/2025\/04\/Dubcova_Maria-1536x1536.jpg 1536w, https:\/\/mib.sk\/wp-content\/uploads\/2025\/04\/Dubcova_Maria-2048x2048.jpg 2048w, https:\/\/mib.sk\/wp-content\/uploads\/2025\/04\/Dubcova_Maria-1000x1000.jpg 1000w, https:\/\/mib.sk\/wp-content\/uploads\/2025\/04\/Dubcova_Maria-270x270.jpg 270w, https:\/\/mib.sk\/wp-content\/uploads\/2025\/04\/Dubcova_Maria-305x305.jpg 305w, https:\/\/mib.sk\/wp-content\/uploads\/2025\/04\/Dubcova_Maria-400x400.jpg 400w, https:\/\/mib.sk\/wp-content\/uploads\/2025\/04\/Dubcova_Maria-180x180.jpg 180w, https:\/\/mib.sk\/wp-content\/uploads\/2025\/04\/Dubcova_Maria-280x280.jpg 280w, https:\/\/mib.sk\/wp-content\/uploads\/2025\/04\/Dubcova_Maria-635x635.jpg 635w, https:\/\/mib.sk\/wp-content\/uploads\/2025\/04\/Dubcova_Maria-740x740.jpg 740w, https:\/\/mib.sk\/wp-content\/uploads\/2025\/04\/Dubcova_Maria-370x370.jpg 370w\" sizes=\"(max-width: 260px) 100vw, 260px\" \/>                                    <\/div>\r\n                                                                <div class=\"person-meta\">\r\n                                                                            <h4>Ing. M\u00e1ria Dubcov\u00e1, PhD.<\/h4>\r\n                                                                                                                <div class=\"position\">Environmental Specialist<\/div>\r\n                                                                                                                <a href=\"mailto:maria.dubcova@mib.sk\">maria.dubcova@mib.sk<\/a>\r\n                                                                        \r\n                                                                        \r\n                                <\/div>\r\n                            <\/div>\r\n                            <div class=\"person-desc\">\r\n                                                                                            <\/div>\r\n                        <\/div>\r\n                    <\/div>\r\n                                    <div class=\"col-lg-6 static\">\r\n                        <div class=\"person\">\r\n                            <div class=\"person-info\">\r\n                                                                    <div class=\"person-img\">\r\n                                        <img decoding=\"async\" width=\"260\" height=\"260\" src=\"https:\/\/mib.sk\/wp-content\/uploads\/2020\/07\/Lucia-Trajterova-scaled-e1681215744172-260x260.jpg\" class=\"attachment-person_260x260 size-person_260x260\" alt=\"\" srcset=\"https:\/\/mib.sk\/wp-content\/uploads\/2020\/07\/Lucia-Trajterova-scaled-e1681215744172-260x260.jpg 260w, https:\/\/mib.sk\/wp-content\/uploads\/2020\/07\/Lucia-Trajterova-scaled-e1681215744172-300x300.jpg 300w, https:\/\/mib.sk\/wp-content\/uploads\/2020\/07\/Lucia-Trajterova-scaled-e1681215744172-150x150.jpg 150w, https:\/\/mib.sk\/wp-content\/uploads\/2020\/07\/Lucia-Trajterova-scaled-e1681215744172-270x270.jpg 270w, https:\/\/mib.sk\/wp-content\/uploads\/2020\/07\/Lucia-Trajterova-scaled-e1681215744172-305x305.jpg 305w, https:\/\/mib.sk\/wp-content\/uploads\/2020\/07\/Lucia-Trajterova-scaled-e1681215744172-400x400.jpg 400w, https:\/\/mib.sk\/wp-content\/uploads\/2020\/07\/Lucia-Trajterova-scaled-e1681215744172-180x180.jpg 180w, https:\/\/mib.sk\/wp-content\/uploads\/2020\/07\/Lucia-Trajterova-scaled-e1681215744172-280x280.jpg 280w, https:\/\/mib.sk\/wp-content\/uploads\/2020\/07\/Lucia-Trajterova-scaled-e1681215744172-635x635.jpg 635w, https:\/\/mib.sk\/wp-content\/uploads\/2020\/07\/Lucia-Trajterova-scaled-e1681215744172-370x370.jpg 370w, https:\/\/mib.sk\/wp-content\/uploads\/2020\/07\/Lucia-Trajterova-scaled-e1681215744172.jpg 667w\" sizes=\"(max-width: 260px) 100vw, 260px\" \/>                                    <\/div>\r\n                                                                <div class=\"person-meta\">\r\n                                                                            <h4>Ing. arch. Lucia Trajterov\u00e1<\/h4>\r\n                                                                                                                <div class=\"position\">Architect\/Urban Planner<\/div>\r\n                                                                                                                <a href=\"mailto:lucia.trajterova@mib.sk\">lucia.trajterova@mib.sk<\/a>\r\n                                                                        \r\n                                                                        \r\n                                <\/div>\r\n                            <\/div>\r\n                            <div class=\"person-desc\">\r\n                                                                                            <\/div>\r\n                        <\/div>\r\n                    <\/div>\r\n                                    <div class=\"col-lg-6 static\">\r\n                        <div class=\"person\">\r\n                            <div class=\"person-info\">\r\n                                                                    <div class=\"person-img\">\r\n                                        <img decoding=\"async\" width=\"173\" height=\"260\" src=\"https:\/\/mib.sk\/wp-content\/uploads\/2024\/04\/Daniel-Tomko-173x260.jpg\" class=\"attachment-person_260x260 size-person_260x260\" alt=\"\" srcset=\"https:\/\/mib.sk\/wp-content\/uploads\/2024\/04\/Daniel-Tomko-173x260.jpg 173w, https:\/\/mib.sk\/wp-content\/uploads\/2024\/04\/Daniel-Tomko-200x300.jpg 200w, https:\/\/mib.sk\/wp-content\/uploads\/2024\/04\/Daniel-Tomko-683x1024.jpg 683w, https:\/\/mib.sk\/wp-content\/uploads\/2024\/04\/Daniel-Tomko-768x1152.jpg 768w, https:\/\/mib.sk\/wp-content\/uploads\/2024\/04\/Daniel-Tomko-1024x1536.jpg 1024w, https:\/\/mib.sk\/wp-content\/uploads\/2024\/04\/Daniel-Tomko-1365x2048.jpg 1365w, https:\/\/mib.sk\/wp-content\/uploads\/2024\/04\/Daniel-Tomko-180x270.jpg 180w, https:\/\/mib.sk\/wp-content\/uploads\/2024\/04\/Daniel-Tomko-203x305.jpg 203w, https:\/\/mib.sk\/wp-content\/uploads\/2024\/04\/Daniel-Tomko-267x400.jpg 267w, https:\/\/mib.sk\/wp-content\/uploads\/2024\/04\/Daniel-Tomko-120x180.jpg 120w, https:\/\/mib.sk\/wp-content\/uploads\/2024\/04\/Daniel-Tomko-187x280.jpg 187w, https:\/\/mib.sk\/wp-content\/uploads\/2024\/04\/Daniel-Tomko-423x635.jpg 423w, https:\/\/mib.sk\/wp-content\/uploads\/2024\/04\/Daniel-Tomko-493x740.jpg 493w, https:\/\/mib.sk\/wp-content\/uploads\/2024\/04\/Daniel-Tomko-scaled.jpg 1707w\" sizes=\"(max-width: 173px) 100vw, 173px\" \/>                                    <\/div>\r\n                                                                <div class=\"person-meta\">\r\n                                                                            <h4>Daniel Tomko M.Arch RIBA II<\/h4>\r\n                                                                                                                <div class=\"position\">Architect\/Urban Planner<\/div>\r\n                                                                                                                <a href=\"mailto:daniel.tomko@mib.sk\">daniel.tomko@mib.sk<\/a>\r\n                                                                        \r\n                                                                        \r\n                                <\/div>\r\n                            <\/div>\r\n                            <div class=\"person-desc\">\r\n                                                                                            <\/div>\r\n                        <\/div>\r\n                    <\/div>\r\n                                    <div class=\"col-lg-6 static\">\r\n                        <div class=\"person\">\r\n                            <div class=\"person-info\">\r\n                                                                    <div class=\"person-img\">\r\n                                        <img decoding=\"async\" width=\"260\" height=\"260\" src=\"https:\/\/mib.sk\/wp-content\/uploads\/2023\/10\/becka_square-260x260.jpg\" class=\"attachment-person_260x260 size-person_260x260\" alt=\"\" srcset=\"https:\/\/mib.sk\/wp-content\/uploads\/2023\/10\/becka_square-260x260.jpg 260w, https:\/\/mib.sk\/wp-content\/uploads\/2023\/10\/becka_square-300x300.jpg 300w, https:\/\/mib.sk\/wp-content\/uploads\/2023\/10\/becka_square-1024x1024.jpg 1024w, https:\/\/mib.sk\/wp-content\/uploads\/2023\/10\/becka_square-150x150.jpg 150w, https:\/\/mib.sk\/wp-content\/uploads\/2023\/10\/becka_square-768x768.jpg 768w, https:\/\/mib.sk\/wp-content\/uploads\/2023\/10\/becka_square-1536x1536.jpg 1536w, https:\/\/mib.sk\/wp-content\/uploads\/2023\/10\/becka_square-2048x2048.jpg 2048w, https:\/\/mib.sk\/wp-content\/uploads\/2023\/10\/becka_square-270x270.jpg 270w, https:\/\/mib.sk\/wp-content\/uploads\/2023\/10\/becka_square-305x305.jpg 305w, https:\/\/mib.sk\/wp-content\/uploads\/2023\/10\/becka_square-400x400.jpg 400w, https:\/\/mib.sk\/wp-content\/uploads\/2023\/10\/becka_square-180x180.jpg 180w, https:\/\/mib.sk\/wp-content\/uploads\/2023\/10\/becka_square-280x280.jpg 280w, https:\/\/mib.sk\/wp-content\/uploads\/2023\/10\/becka_square-635x635.jpg 635w, https:\/\/mib.sk\/wp-content\/uploads\/2023\/10\/becka_square-740x740.jpg 740w, https:\/\/mib.sk\/wp-content\/uploads\/2023\/10\/becka_square-370x370.jpg 370w\" sizes=\"(max-width: 260px) 100vw, 260px\" \/>                                    <\/div>\r\n                                                                <div class=\"person-meta\">\r\n                                                                            <h4>Ing. Roman Be\u010dka<\/h4>\r\n                                                                                                                <div class=\"position\">Traffic Specialist<\/div>\r\n                                                                                                                <a href=\"mailto:roman.becka@mib.sk\">roman.becka@mib.sk<\/a>\r\n                                                                        \r\n                                                                        \r\n                                <\/div>\r\n                            <\/div>\r\n                            <div class=\"person-desc\">\r\n                                                                                            <\/div>\r\n                        <\/div>\r\n                    <\/div>\r\n                                    <div class=\"col-lg-6 static\">\r\n                        <div class=\"person\">\r\n                            <div class=\"person-info\">\r\n                                                                    <div class=\"person-img\">\r\n                                        <img decoding=\"async\" width=\"260\" height=\"260\" src=\"https:\/\/mib.sk\/wp-content\/uploads\/2025\/04\/Denis-Zeman-260x260.jpg\" class=\"attachment-person_260x260 size-person_260x260\" alt=\"\" srcset=\"https:\/\/mib.sk\/wp-content\/uploads\/2025\/04\/Denis-Zeman-260x260.jpg 260w, https:\/\/mib.sk\/wp-content\/uploads\/2025\/04\/Denis-Zeman-300x300.jpg 300w, https:\/\/mib.sk\/wp-content\/uploads\/2025\/04\/Denis-Zeman-1024x1024.jpg 1024w, https:\/\/mib.sk\/wp-content\/uploads\/2025\/04\/Denis-Zeman-150x150.jpg 150w, https:\/\/mib.sk\/wp-content\/uploads\/2025\/04\/Denis-Zeman-768x768.jpg 768w, https:\/\/mib.sk\/wp-content\/uploads\/2025\/04\/Denis-Zeman-1536x1536.jpg 1536w, https:\/\/mib.sk\/wp-content\/uploads\/2025\/04\/Denis-Zeman-2048x2048.jpg 2048w, https:\/\/mib.sk\/wp-content\/uploads\/2025\/04\/Denis-Zeman-1000x1000.jpg 1000w, https:\/\/mib.sk\/wp-content\/uploads\/2025\/04\/Denis-Zeman-270x270.jpg 270w, https:\/\/mib.sk\/wp-content\/uploads\/2025\/04\/Denis-Zeman-305x305.jpg 305w, https:\/\/mib.sk\/wp-content\/uploads\/2025\/04\/Denis-Zeman-400x400.jpg 400w, https:\/\/mib.sk\/wp-content\/uploads\/2025\/04\/Denis-Zeman-180x180.jpg 180w, https:\/\/mib.sk\/wp-content\/uploads\/2025\/04\/Denis-Zeman-280x280.jpg 280w, https:\/\/mib.sk\/wp-content\/uploads\/2025\/04\/Denis-Zeman-635x635.jpg 635w, https:\/\/mib.sk\/wp-content\/uploads\/2025\/04\/Denis-Zeman-740x740.jpg 740w, https:\/\/mib.sk\/wp-content\/uploads\/2025\/04\/Denis-Zeman-370x370.jpg 370w\" sizes=\"(max-width: 260px) 100vw, 260px\" \/>                                    <\/div>\r\n                                                                <div class=\"person-meta\">\r\n                                                                            <h4>Denis Zeman<\/h4>\r\n                                                                                                                <div class=\"position\">Urbanist<\/div>\r\n                                                                                                                <a href=\"mailto:denis.zeman@mib.sk\">denis.zeman@mib.sk<\/a>\r\n                                                                        \r\n                                                                        \r\n                                <\/div>\r\n                            <\/div>\r\n                            <div class=\"person-desc\">\r\n                                                                                            <\/div>\r\n                        <\/div>\r\n                    <\/div>\r\n                                    <div class=\"col-lg-6 static\">\r\n                        <div class=\"person\">\r\n                            <div class=\"person-info\">\r\n                                                                    <div class=\"person-img\">\r\n                                        <img decoding=\"async\" width=\"180\" height=\"180\" src=\"https:\/\/mib.sk\/wp-content\/uploads\/2025\/06\/anon-260x260-1-180x180-1.png\" class=\"attachment-person_260x260 size-person_260x260\" alt=\"\" srcset=\"https:\/\/mib.sk\/wp-content\/uploads\/2025\/06\/anon-260x260-1-180x180-1.png 180w, https:\/\/mib.sk\/wp-content\/uploads\/2025\/06\/anon-260x260-1-180x180-1-150x150.png 150w\" sizes=\"(max-width: 180px) 100vw, 180px\" \/>                                    <\/div>\r\n                                                                <div class=\"person-meta\">\r\n                                                                            <h4>Ing. arch. Dana Kme\u0165kov\u00e1<\/h4>\r\n                                                                                                                <div class=\"position\">Architect<\/div>\r\n                                                                                                            \r\n                                                                        \r\n                                <\/div>\r\n                            <\/div>\r\n                            <div class=\"person-desc\">\r\n                                                                                            <\/div>\r\n                        <\/div>\r\n                    <\/div>\r\n                                    <div class=\"col-lg-6 static\">\r\n                        <div class=\"person\">\r\n                            <div class=\"person-info\">\r\n                                                                    <div class=\"person-img\">\r\n                                        <img decoding=\"async\" width=\"180\" height=\"180\" src=\"https:\/\/mib.sk\/wp-content\/uploads\/2025\/06\/anon-260x260-1-180x180-1.png\" class=\"attachment-person_260x260 size-person_260x260\" alt=\"\" srcset=\"https:\/\/mib.sk\/wp-content\/uploads\/2025\/06\/anon-260x260-1-180x180-1.png 180w, https:\/\/mib.sk\/wp-content\/uploads\/2025\/06\/anon-260x260-1-180x180-1-150x150.png 150w\" sizes=\"(max-width: 180px) 100vw, 180px\" \/>                                    <\/div>\r\n                                                                <div class=\"person-meta\">\r\n                                                                            <h4>Ing. arch. Zdenka Mr\u00e1zov\u00e1<\/h4>\r\n                                                                                                                <div class=\"position\">Urbanist<\/div>\r\n                                                                                                            \r\n                                                                        \r\n                                <\/div>\r\n                            <\/div>\r\n                            <div class=\"person-desc\">\r\n                                                                                            <\/div>\r\n                        <\/div>\r\n                    <\/div>\r\n                            <\/div>\r\n        <\/div>\r\n    <\/div>\r\n","protected":false},"excerpt":{"rendered":"","protected":false},"author":7,"featured_media":0,"parent":4014,"menu_order":0,"comment_status":"closed","ping_status":"closed","template":"","meta":{"_acf_changed":false,"inline_featured_image":false,"footnotes":""},"class_list":["post-19971","page","type-page","status-publish","hentry"],"acf":[],"yoast_head":"<!-- This site is optimized with the Yoast SEO plugin v23.4 - https:\/\/yoast.com\/wordpress\/plugins\/seo\/ -->\n<title>Department of Metropolitan Planning - Metropolitn\u00fd in\u0161tit\u00fat Bratislavy<\/title>\n<meta name=\"robots\" content=\"index, follow, max-snippet:-1, max-image-preview:large, max-video-preview:-1\" \/>\n<link rel=\"canonical\" href=\"https:\/\/mib.sk\/en\/organizacna-struktura\/uzemne-planovanie\/department-of-metropolitan-planning\/\" \/>\n<meta property=\"og:locale\" content=\"en_US\" \/>\n<meta property=\"og:type\" content=\"article\" \/>\n<meta property=\"og:title\" content=\"Department of Metropolitan Planning - Metropolitn\u00fd in\u0161tit\u00fat Bratislavy\" \/>\n<meta property=\"og:url\" content=\"https:\/\/mib.sk\/en\/organizacna-struktura\/uzemne-planovanie\/department-of-metropolitan-planning\/\" \/>\n<meta property=\"og:site_name\" content=\"Metropolitn\u00fd in\u0161tit\u00fat Bratislavy\" \/>\n<meta property=\"article:modified_time\" content=\"2025-06-20T08:07:46+00:00\" \/>\n<meta name=\"twitter:card\" content=\"summary_large_image\" \/>\n<script type=\"application\/ld+json\" class=\"yoast-schema-graph\">{\"@context\":\"https:\/\/schema.org\",\"@graph\":[{\"@type\":\"WebPage\",\"@id\":\"https:\/\/mib.sk\/en\/organizacna-struktura\/uzemne-planovanie\/department-of-metropolitan-planning\/\",\"url\":\"https:\/\/mib.sk\/en\/organizacna-struktura\/uzemne-planovanie\/department-of-metropolitan-planning\/\",\"name\":\"Department of Metropolitan Planning - Metropolitn\u00fd in\u0161tit\u00fat Bratislavy\",\"isPartOf\":{\"@id\":\"https:\/\/mib.sk\/#website\"},\"datePublished\":\"2023-04-05T13:51:07+00:00\",\"dateModified\":\"2025-06-20T08:07:46+00:00\",\"breadcrumb\":{\"@id\":\"https:\/\/mib.sk\/en\/organizacna-struktura\/uzemne-planovanie\/department-of-metropolitan-planning\/#breadcrumb\"},\"inLanguage\":\"en-US\",\"potentialAction\":[{\"@type\":\"ReadAction\",\"target\":[\"https:\/\/mib.sk\/en\/organizacna-struktura\/uzemne-planovanie\/department-of-metropolitan-planning\/\"]}]},{\"@type\":\"BreadcrumbList\",\"@id\":\"https:\/\/mib.sk\/en\/organizacna-struktura\/uzemne-planovanie\/department-of-metropolitan-planning\/#breadcrumb\",\"itemListElement\":[{\"@type\":\"ListItem\",\"position\":1,\"name\":\"Home\",\"item\":\"https:\/\/mib.sk\/en\/\"},{\"@type\":\"ListItem\",\"position\":2,\"name\":\"Organizational structure\",\"item\":\"https:\/\/mib.sk\/en\/organizacna-struktura\/\"},{\"@type\":\"ListItem\",\"position\":3,\"name\":\"Spatial Planning Section\",\"item\":\"https:\/\/mib.sk\/en\/organizacna-struktura\/uzemne-planovanie\/\"},{\"@type\":\"ListItem\",\"position\":4,\"name\":\"Department of Metropolitan Planning\"}]},{\"@type\":\"WebSite\",\"@id\":\"https:\/\/mib.sk\/#website\",\"url\":\"https:\/\/mib.sk\/\",\"name\":\"Metropolitn\u00fd in\u0161tit\u00fat Bratislavy\",\"description\":\"\",\"potentialAction\":[{\"@type\":\"SearchAction\",\"target\":{\"@type\":\"EntryPoint\",\"urlTemplate\":\"https:\/\/mib.sk\/?s={search_term_string}\"},\"query-input\":{\"@type\":\"PropertyValueSpecification\",\"valueRequired\":true,\"valueName\":\"search_term_string\"}}],\"inLanguage\":\"en-US\"}]}<\/script>\n<!-- \/ Yoast SEO plugin. -->","yoast_head_json":{"title":"Department of Metropolitan Planning - Metropolitn\u00fd in\u0161tit\u00fat Bratislavy","robots":{"index":"index","follow":"follow","max-snippet":"max-snippet:-1","max-image-preview":"max-image-preview:large","max-video-preview":"max-video-preview:-1"},"canonical":"https:\/\/mib.sk\/en\/organizacna-struktura\/uzemne-planovanie\/department-of-metropolitan-planning\/","og_locale":"en_US","og_type":"article","og_title":"Department of Metropolitan Planning - Metropolitn\u00fd in\u0161tit\u00fat Bratislavy","og_url":"https:\/\/mib.sk\/en\/organizacna-struktura\/uzemne-planovanie\/department-of-metropolitan-planning\/","og_site_name":"Metropolitn\u00fd in\u0161tit\u00fat Bratislavy","article_modified_time":"2025-06-20T08:07:46+00:00","twitter_card":"summary_large_image","schema":{"@context":"https:\/\/schema.org","@graph":[{"@type":"WebPage","@id":"https:\/\/mib.sk\/en\/organizacna-struktura\/uzemne-planovanie\/department-of-metropolitan-planning\/","url":"https:\/\/mib.sk\/en\/organizacna-struktura\/uzemne-planovanie\/department-of-metropolitan-planning\/","name":"Department of Metropolitan Planning - Metropolitn\u00fd in\u0161tit\u00fat Bratislavy","isPartOf":{"@id":"https:\/\/mib.sk\/#website"},"datePublished":"2023-04-05T13:51:07+00:00","dateModified":"2025-06-20T08:07:46+00:00","breadcrumb":{"@id":"https:\/\/mib.sk\/en\/organizacna-struktura\/uzemne-planovanie\/department-of-metropolitan-planning\/#breadcrumb"},"inLanguage":"en-US","potentialAction":[{"@type":"ReadAction","target":["https:\/\/mib.sk\/en\/organizacna-struktura\/uzemne-planovanie\/department-of-metropolitan-planning\/"]}]},{"@type":"BreadcrumbList","@id":"https:\/\/mib.sk\/en\/organizacna-struktura\/uzemne-planovanie\/department-of-metropolitan-planning\/#breadcrumb","itemListElement":[{"@type":"ListItem","position":1,"name":"Home","item":"https:\/\/mib.sk\/en\/"},{"@type":"ListItem","position":2,"name":"Organizational structure","item":"https:\/\/mib.sk\/en\/organizacna-struktura\/"},{"@type":"ListItem","position":3,"name":"Spatial Planning Section","item":"https:\/\/mib.sk\/en\/organizacna-struktura\/uzemne-planovanie\/"},{"@type":"ListItem","position":4,"name":"Department of Metropolitan Planning"}]},{"@type":"WebSite","@id":"https:\/\/mib.sk\/#website","url":"https:\/\/mib.sk\/","name":"Metropolitn\u00fd in\u0161tit\u00fat Bratislavy","description":"","potentialAction":[{"@type":"SearchAction","target":{"@type":"EntryPoint","urlTemplate":"https:\/\/mib.sk\/?s={search_term_string}"},"query-input":{"@type":"PropertyValueSpecification","valueRequired":true,"valueName":"search_term_string"}}],"inLanguage":"en-US"}]}},"_links":{"self":[{"href":"https:\/\/mib.sk\/en\/wp-json\/wp\/v2\/pages\/19971"}],"collection":[{"href":"https:\/\/mib.sk\/en\/wp-json\/wp\/v2\/pages"}],"about":[{"href":"https:\/\/mib.sk\/en\/wp-json\/wp\/v2\/types\/page"}],"author":[{"embeddable":true,"href":"https:\/\/mib.sk\/en\/wp-json\/wp\/v2\/users\/7"}],"replies":[{"embeddable":true,"href":"https:\/\/mib.sk\/en\/wp-json\/wp\/v2\/comments?post=19971"}],"version-history":[{"count":28,"href":"https:\/\/mib.sk\/en\/wp-json\/wp\/v2\/pages\/19971\/revisions"}],"predecessor-version":[{"id":27989,"href":"https:\/\/mib.sk\/en\/wp-json\/wp\/v2\/pages\/19971\/revisions\/27989"}],"up":[{"embeddable":true,"href":"https:\/\/mib.sk\/en\/wp-json\/wp\/v2\/pages\/4014"}],"wp:attachment":[{"href":"https:\/\/mib.sk\/en\/wp-json\/wp\/v2\/media?parent=19971"}],"curies":[{"name":"wp","href":"https:\/\/api.w.org\/{rel}","templated":true}]}}