	{"id":15454,"date":"2022-09-02T14:29:53","date_gmt":"2022-09-02T12:29:53","guid":{"rendered":"https:\/\/mib.sk\/?page_id=15454"},"modified":"2022-09-05T13:38:13","modified_gmt":"2022-09-05T11:38:13","slug":"sample-competition-conditions","status":"publish","type":"page","link":"https:\/\/mib.sk\/en\/sample-competition-conditions\/","title":{"rendered":"Sample Competition Conditions"},"content":{"rendered":"\n<p><strong>We have prepared sample competition conditions to help other institutions prepare transparent, functional, and efficient architectural competitions.\u00a0<\/strong><\/p>\n\n\n\n<p>The Competitions Section of the MIB has developed sample competition terms and conditions to be used for the formulation of architecture competitions.\u00a0The authors of the document drew on previous experience with competitons at the Metropolitan Institute of Bratislava, thanks to which they were able to prepare guidelines for efficient, functional, and transparent architectural competitions intended for other contracting authorities interested in architecture projects.\u00a0The MIB intended to facilitate the work of fellow architects as well as public institutions, while at the same time offering uniform and functional rules for competitions.\u00a0<\/p>\n\n\n\n<p>The documents, which can be downloaded below, deal with three types of conditions for competition:&nbsp;<\/p>\n\n\n\n<ul class=\"wp-block-list\"><li>terms and conditions for small competitions,\u00a0<\/li><li>the terms and conditions for the single-round competition,\u00a0<\/li><li>info document for the competitive dialogue.\u00a0<\/li><\/ul>\n\n\n\n<p>The Declaration of Participant and Authors can be found in an annex.\u00a0<\/p>\n\n\n    <div class=\"document-block-container max-width\">\r\n        <div class=\"container\">\r\n            <h4>Documents for download:<\/h4>\r\n            <div class=\"row\">\r\n                                    <div class=\"col-md-6\">\r\n                        <div class=\"document-block\">\r\n                            <a target=\"_blank\" href=\"https:\/\/mib.sk\/wp-content\/uploads\/2022\/05\/A01_mala-sutaz_sutazne-podmienky_05-2022.docx\" class=\"document-block-background\">\r\n                                <img decoding=\"async\" src=\"https:\/\/mib.sk\/wp-content\/themes\/mib\/img\/file.svg\" alt=\"\">\r\n                            <\/a>\r\n                            <div class=\"document-block-text\">\r\n                                <a href=\"https:\/\/mib.sk\/wp-content\/uploads\/2022\/05\/A01_mala-sutaz_sutazne-podmienky_05-2022.docx\" target=\"_blank\">A01_mala-sutaz_sutazne-podmienky_05-2022<\/a>\r\n                            <\/div>\r\n                        <\/div>\r\n                    <\/div>\r\n                                    <div class=\"col-md-6\">\r\n                        <div class=\"document-block\">\r\n                            <a target=\"_blank\" href=\"https:\/\/mib.sk\/wp-content\/uploads\/2022\/05\/A02_vyhlasenie-ucastnika-a-autorov-1.docx\" class=\"document-block-background\">\r\n                                <img decoding=\"async\" src=\"https:\/\/mib.sk\/wp-content\/themes\/mib\/img\/file.svg\" alt=\"\">\r\n                            <\/a>\r\n                            <div class=\"document-block-text\">\r\n                                <a href=\"https:\/\/mib.sk\/wp-content\/uploads\/2022\/05\/A02_vyhlasenie-ucastnika-a-autorov-1.docx\" target=\"_blank\">A02_vyhlasenie ucastnika a autorov<\/a>\r\n                            <\/div>\r\n                        <\/div>\r\n                    <\/div>\r\n                                    <div class=\"col-md-6\">\r\n                        <div class=\"document-block\">\r\n                            <a target=\"_blank\" href=\"https:\/\/mib.sk\/wp-content\/uploads\/2022\/05\/B01_sutaz-navrhov-jednokolova_sutazne-podmienky_05-2022.docx\" class=\"document-block-background\">\r\n                                <img decoding=\"async\" src=\"https:\/\/mib.sk\/wp-content\/themes\/mib\/img\/file.svg\" alt=\"\">\r\n                            <\/a>\r\n                            <div class=\"document-block-text\">\r\n                                <a href=\"https:\/\/mib.sk\/wp-content\/uploads\/2022\/05\/B01_sutaz-navrhov-jednokolova_sutazne-podmienky_05-2022.docx\" target=\"_blank\">B01_sutaz-navrhov-jednokolova_sutazne-podmienky_05-2022<\/a>\r\n                            <\/div>\r\n                        <\/div>\r\n                    <\/div>\r\n                                    <div class=\"col-md-6\">\r\n                        <div class=\"document-block\">\r\n                            <a target=\"_blank\" href=\"https:\/\/mib.sk\/wp-content\/uploads\/2022\/05\/B02_vyhlasenie-ucastnika-a-autorov-1.docx\" class=\"document-block-background\">\r\n                                <img decoding=\"async\" src=\"https:\/\/mib.sk\/wp-content\/themes\/mib\/img\/file.svg\" alt=\"\">\r\n                            <\/a>\r\n                            <div class=\"document-block-text\">\r\n                                <a href=\"https:\/\/mib.sk\/wp-content\/uploads\/2022\/05\/B02_vyhlasenie-ucastnika-a-autorov-1.docx\" target=\"_blank\">B02_vyhlasenie ucastnika a autorov<\/a>\r\n                            <\/div>\r\n                        <\/div>\r\n                    <\/div>\r\n                                    <div class=\"col-md-6\">\r\n                        <div class=\"document-block\">\r\n                            <a target=\"_blank\" href=\"https:\/\/mib.sk\/wp-content\/uploads\/2022\/05\/C_sutazny-dialog_informativny-dokument_05-2022.docx\" class=\"document-block-background\">\r\n                                <img decoding=\"async\" src=\"https:\/\/mib.sk\/wp-content\/themes\/mib\/img\/file.svg\" alt=\"\">\r\n                            <\/a>\r\n                            <div class=\"document-block-text\">\r\n                                <a href=\"https:\/\/mib.sk\/wp-content\/uploads\/2022\/05\/C_sutazny-dialog_informativny-dokument_05-2022.docx\" target=\"_blank\">C_sutazny-dialog_informativny-dokument_05-2022<\/a>\r\n                            <\/div>\r\n                        <\/div>\r\n                    <\/div>\r\n                                    <div class=\"col-md-6\">\r\n                        <div class=\"document-block\">\r\n                            <a target=\"_blank\" href=\"https:\/\/mib.sk\/wp-content\/uploads\/2022\/05\/slovnik-2.docx\" class=\"document-block-background\">\r\n                                <img decoding=\"async\" src=\"https:\/\/mib.sk\/wp-content\/themes\/mib\/img\/file.svg\" alt=\"\">\r\n                            <\/a>\r\n                            <div class=\"document-block-text\">\r\n                                <a href=\"https:\/\/mib.sk\/wp-content\/uploads\/2022\/05\/slovnik-2.docx\" target=\"_blank\">slovnik<\/a>\r\n                            <\/div>\r\n                        <\/div>\r\n                    <\/div>\r\n                            <\/div>\r\n        <\/div>\r\n    <\/div>\r\n\n\n\n<p>We would also like to draw your attention to the <strong>Manual of Architectural Competitions<\/strong> prepared by The Slovak Chamber of Architects.&nbsp;<\/p>\n\n\n\n<p>You can watch the recording of the online webinar where the authors of the sample conditions explained how to work with them.\u00a0<\/p>\n\n\n\n<figure class=\"wp-block-embed is-type-rich is-provider-vlozit-handler wp-block-embed-vlozit-handler wp-embed-aspect-16-9 wp-has-aspect-ratio\"><div class=\"wp-block-embed__wrapper\">\n<iframe loading=\"lazy\" title=\"Webina\u0301r: Vzorove\u0301 su\u0301t\u030caz\u030cne\u0301 podmienky\" width=\"640\" height=\"360\" src=\"https:\/\/www.youtube.com\/embed\/xnhdhG0MahA?feature=oembed\" frameborder=\"0\" allow=\"accelerometer; autoplay; clipboard-write; encrypted-media; gyroscope; picture-in-picture; web-share\" referrerpolicy=\"strict-origin-when-cross-origin\" allowfullscreen><\/iframe>\n<\/div><\/figure>\n","protected":false},"excerpt":{"rendered":"<p>We have prepared sample competition conditions to help other institutions prepare transparent, functional, and efficient architectural competitions.\u00a0 The Competitions Section of the MIB has developed sample competition terms and conditions to be used for the formulation of architecture competitions.\u00a0The authors of the document drew on previous experience with competitons at the Metropolitan Institute of Bratislava,&#8230;<\/p>\n","protected":false},"author":11,"featured_media":0,"parent":0,"menu_order":0,"comment_status":"closed","ping_status":"closed","template":"","meta":{"_acf_changed":false,"inline_featured_image":false,"footnotes":""},"class_list":["post-15454","page","type-page","status-publish","hentry"],"acf":[],"yoast_head":"<!-- This site is optimized with the Yoast SEO plugin v23.4 - https:\/\/yoast.com\/wordpress\/plugins\/seo\/ -->\n<title>Sample Competition Conditions - Metropolitn\u00fd in\u0161tit\u00fat Bratislavy<\/title>\n<meta name=\"robots\" content=\"index, follow, max-snippet:-1, max-image-preview:large, max-video-preview:-1\" \/>\n<link rel=\"canonical\" href=\"https:\/\/mib.sk\/en\/sample-competition-conditions\/\" \/>\n<meta property=\"og:locale\" content=\"en_US\" \/>\n<meta property=\"og:type\" content=\"article\" \/>\n<meta property=\"og:title\" content=\"Sample Competition Conditions - Metropolitn\u00fd in\u0161tit\u00fat Bratislavy\" \/>\n<meta property=\"og:description\" content=\"We have prepared sample competition conditions to help other institutions prepare transparent, functional, and efficient architectural competitions.\u00a0 The Competitions Section of the MIB has developed sample competition terms and conditions to be used for the formulation of architecture competitions.\u00a0The authors of the document drew on previous experience with competitons at the Metropolitan Institute of Bratislava,...\" \/>\n<meta property=\"og:url\" content=\"https:\/\/mib.sk\/en\/sample-competition-conditions\/\" \/>\n<meta property=\"og:site_name\" content=\"Metropolitn\u00fd in\u0161tit\u00fat Bratislavy\" \/>\n<meta property=\"article:modified_time\" content=\"2022-09-05T11:38:13+00:00\" \/>\n<meta name=\"twitter:card\" content=\"summary_large_image\" \/>\n<meta name=\"twitter:label1\" content=\"Est. reading time\" \/>\n\t<meta name=\"twitter:data1\" content=\"2 minutes\" \/>\n<script type=\"application\/ld+json\" class=\"yoast-schema-graph\">{\"@context\":\"https:\/\/schema.org\",\"@graph\":[{\"@type\":\"WebPage\",\"@id\":\"https:\/\/mib.sk\/en\/sample-competition-conditions\/\",\"url\":\"https:\/\/mib.sk\/en\/sample-competition-conditions\/\",\"name\":\"Sample Competition Conditions - Metropolitn\u00fd in\u0161tit\u00fat Bratislavy\",\"isPartOf\":{\"@id\":\"https:\/\/mib.sk\/#website\"},\"datePublished\":\"2022-09-02T12:29:53+00:00\",\"dateModified\":\"2022-09-05T11:38:13+00:00\",\"breadcrumb\":{\"@id\":\"https:\/\/mib.sk\/en\/sample-competition-conditions\/#breadcrumb\"},\"inLanguage\":\"en-US\",\"potentialAction\":[{\"@type\":\"ReadAction\",\"target\":[\"https:\/\/mib.sk\/en\/sample-competition-conditions\/\"]}]},{\"@type\":\"BreadcrumbList\",\"@id\":\"https:\/\/mib.sk\/en\/sample-competition-conditions\/#breadcrumb\",\"itemListElement\":[{\"@type\":\"ListItem\",\"position\":1,\"name\":\"Home\",\"item\":\"https:\/\/mib.sk\/en\/\"},{\"@type\":\"ListItem\",\"position\":2,\"name\":\"Sample Competition Conditions\"}]},{\"@type\":\"WebSite\",\"@id\":\"https:\/\/mib.sk\/#website\",\"url\":\"https:\/\/mib.sk\/\",\"name\":\"Metropolitn\u00fd in\u0161tit\u00fat Bratislavy\",\"description\":\"\",\"potentialAction\":[{\"@type\":\"SearchAction\",\"target\":{\"@type\":\"EntryPoint\",\"urlTemplate\":\"https:\/\/mib.sk\/?s={search_term_string}\"},\"query-input\":{\"@type\":\"PropertyValueSpecification\",\"valueRequired\":true,\"valueName\":\"search_term_string\"}}],\"inLanguage\":\"en-US\"}]}<\/script>\n<!-- \/ Yoast SEO plugin. -->","yoast_head_json":{"title":"Sample Competition Conditions - Metropolitn\u00fd in\u0161tit\u00fat Bratislavy","robots":{"index":"index","follow":"follow","max-snippet":"max-snippet:-1","max-image-preview":"max-image-preview:large","max-video-preview":"max-video-preview:-1"},"canonical":"https:\/\/mib.sk\/en\/sample-competition-conditions\/","og_locale":"en_US","og_type":"article","og_title":"Sample Competition Conditions - Metropolitn\u00fd in\u0161tit\u00fat Bratislavy","og_description":"We have prepared sample competition conditions to help other institutions prepare transparent, functional, and efficient architectural competitions.\u00a0 The Competitions Section of the MIB has developed sample competition terms and conditions to be used for the formulation of architecture competitions.\u00a0The authors of the document drew on previous experience with competitons at the Metropolitan Institute of Bratislava,...","og_url":"https:\/\/mib.sk\/en\/sample-competition-conditions\/","og_site_name":"Metropolitn\u00fd in\u0161tit\u00fat Bratislavy","article_modified_time":"2022-09-05T11:38:13+00:00","twitter_card":"summary_large_image","twitter_misc":{"Est. reading time":"2 minutes"},"schema":{"@context":"https:\/\/schema.org","@graph":[{"@type":"WebPage","@id":"https:\/\/mib.sk\/en\/sample-competition-conditions\/","url":"https:\/\/mib.sk\/en\/sample-competition-conditions\/","name":"Sample Competition Conditions - Metropolitn\u00fd in\u0161tit\u00fat Bratislavy","isPartOf":{"@id":"https:\/\/mib.sk\/#website"},"datePublished":"2022-09-02T12:29:53+00:00","dateModified":"2022-09-05T11:38:13+00:00","breadcrumb":{"@id":"https:\/\/mib.sk\/en\/sample-competition-conditions\/#breadcrumb"},"inLanguage":"en-US","potentialAction":[{"@type":"ReadAction","target":["https:\/\/mib.sk\/en\/sample-competition-conditions\/"]}]},{"@type":"BreadcrumbList","@id":"https:\/\/mib.sk\/en\/sample-competition-conditions\/#breadcrumb","itemListElement":[{"@type":"ListItem","position":1,"name":"Home","item":"https:\/\/mib.sk\/en\/"},{"@type":"ListItem","position":2,"name":"Sample Competition Conditions"}]},{"@type":"WebSite","@id":"https:\/\/mib.sk\/#website","url":"https:\/\/mib.sk\/","name":"Metropolitn\u00fd in\u0161tit\u00fat Bratislavy","description":"","potentialAction":[{"@type":"SearchAction","target":{"@type":"EntryPoint","urlTemplate":"https:\/\/mib.sk\/?s={search_term_string}"},"query-input":{"@type":"PropertyValueSpecification","valueRequired":true,"valueName":"search_term_string"}}],"inLanguage":"en-US"}]}},"_links":{"self":[{"href":"https:\/\/mib.sk\/en\/wp-json\/wp\/v2\/pages\/15454"}],"collection":[{"href":"https:\/\/mib.sk\/en\/wp-json\/wp\/v2\/pages"}],"about":[{"href":"https:\/\/mib.sk\/en\/wp-json\/wp\/v2\/types\/page"}],"author":[{"embeddable":true,"href":"https:\/\/mib.sk\/en\/wp-json\/wp\/v2\/users\/11"}],"replies":[{"embeddable":true,"href":"https:\/\/mib.sk\/en\/wp-json\/wp\/v2\/comments?post=15454"}],"version-history":[{"count":2,"href":"https:\/\/mib.sk\/en\/wp-json\/wp\/v2\/pages\/15454\/revisions"}],"predecessor-version":[{"id":15482,"href":"https:\/\/mib.sk\/en\/wp-json\/wp\/v2\/pages\/15454\/revisions\/15482"}],"wp:attachment":[{"href":"https:\/\/mib.sk\/en\/wp-json\/wp\/v2\/media?parent=15454"}],"curies":[{"name":"wp","href":"https:\/\/api.w.org\/{rel}","templated":true}]}}