	{"id":15451,"date":"2022-09-02T14:26:45","date_gmt":"2022-09-02T12:26:45","guid":{"rendered":"https:\/\/mib.sk\/?page_id=15451"},"modified":"2022-09-05T13:38:06","modified_gmt":"2022-09-05T11:38:06","slug":"manual-for-participative-planning-and-socio-spatial-mapping","status":"publish","type":"page","link":"https:\/\/mib.sk\/en\/manual-for-participative-planning-and-socio-spatial-mapping\/","title":{"rendered":"Manual for Participative Planning and Socio-Spatial Mapping"},"content":{"rendered":"\n<p><strong>The new Participative Manual provides guidance on how to involve people in city planning.\u00a0Municipalities, architects, and developers can draw inspiration from it.\u00a0<\/strong><\/p>\n\n\n\n<p>A participatory process can improve the quality of projects by mutual acknowledgment of each other&#8217;s views, reconciling diverging interests and avoiding conflicts, as well as strengthening people&#8217;s trust in each other, especially in local governments.\u00a0The new Participative Manual summarizes the experience of MIB&#8217;s experts and practitioners and offers a comprehensive guide for all those who wish to consider the interests of all groups of people present in their projects.\u00a0<\/p>\n\n\n\n<p>Face-to-face meetings, leaflets in mailboxes, online questionnaires, in-depth interviews or all-day media broadcasts for the public with the opportunity to ask questions.\u00a0All this is participation, which tries to find common solutions to various problems in urban life.\u00a0The participatory process could be part of the construction of a new building, the revitalization of public space, a brownfield, or a renovation of an existing building.\u00a0The aim is to learn about public opinion and requirements for the area, which increases the chances that people will be satisfied with the outcome of the project.\u00a0<\/p>\n\n\n\n<p><strong>Manual for Better Planning<\/strong>&nbsp;<\/p>\n\n\n\n<p>The nearly 300-page manual on participation was prepared by a team of internal and external experts led by the Urban Studies and Participation Section of the MIB.\u00a0It is a comprehensive document that can be used by the council, mayors, governors and regional representatives, as well as non-profits, investors, architects, or developers.\u00a0It summarises detailed guidelines on how to understand, engage and interpret the views and needs of people in a particular setting.\u00a0There are clear instructions on how to proceed with the participatory process, as well as practical tips on how to avoid common mistakes.\u00a0<\/p>\n\n\n\n<p><strong>Training<\/strong>&nbsp;<\/p>\n\n\n\n<p>The office team also offers training sessions that convey the principles of the book to the planning practice.\u00a0The first one took place in May 2022 at Ko\u0161ice City Hall.\u00a0If you are interested in similar training yourself, please do not hesitate to ask.\u00a0<\/p>\n\n\n\n<p><strong>Manual of Participatory Planning and Socio-Spatial Mapping in Bratislava<\/strong>\u00a0<\/p>\n\n\n<div class=\"manual-block-container\">\r\n        <div class=\"manual-block\">\r\n                    <div class=\"manual-image\">\r\n                <img decoding=\"async\" width=\"370\" height=\"370\" src=\"https:\/\/mib.sk\/wp-content\/uploads\/2021\/11\/MIB-Manual-participacie-2-370x370.png\" class=\"attachment-img_370x400 size-img_370x400\" alt=\"\" srcset=\"https:\/\/mib.sk\/wp-content\/uploads\/2021\/11\/MIB-Manual-participacie-2-370x370.png 370w, https:\/\/mib.sk\/wp-content\/uploads\/2021\/11\/MIB-Manual-participacie-2-300x300.png 300w, https:\/\/mib.sk\/wp-content\/uploads\/2021\/11\/MIB-Manual-participacie-2-1024x1024.png 1024w, https:\/\/mib.sk\/wp-content\/uploads\/2021\/11\/MIB-Manual-participacie-2-150x150.png 150w, https:\/\/mib.sk\/wp-content\/uploads\/2021\/11\/MIB-Manual-participacie-2-768x768.png 768w, https:\/\/mib.sk\/wp-content\/uploads\/2021\/11\/MIB-Manual-participacie-2-270x270.png 270w, https:\/\/mib.sk\/wp-content\/uploads\/2021\/11\/MIB-Manual-participacie-2-305x305.png 305w, https:\/\/mib.sk\/wp-content\/uploads\/2021\/11\/MIB-Manual-participacie-2-400x400.png 400w, https:\/\/mib.sk\/wp-content\/uploads\/2021\/11\/MIB-Manual-participacie-2-180x180.png 180w, https:\/\/mib.sk\/wp-content\/uploads\/2021\/11\/MIB-Manual-participacie-2-280x280.png 280w, https:\/\/mib.sk\/wp-content\/uploads\/2021\/11\/MIB-Manual-participacie-2-635x635.png 635w, https:\/\/mib.sk\/wp-content\/uploads\/2021\/11\/MIB-Manual-participacie-2-740x740.png 740w, https:\/\/mib.sk\/wp-content\/uploads\/2021\/11\/MIB-Manual-participacie-2-260x260.png 260w, https:\/\/mib.sk\/wp-content\/uploads\/2021\/11\/MIB-Manual-participacie-2.png 1080w\" sizes=\"(max-width: 370px) 100vw, 370px\" \/>            <\/div>\r\n                <div class=\"manual-buttons\">\r\n                            <a class=\"btn download\" target=\"_blank\" href=\"https:\/\/mib.sk\/wp-content\/uploads\/2021\/11\/MANUAL_VERZIA_FINAL.pdf\">Download<\/a>\r\n                                <\/div>\r\n    <\/div>\r\n<\/div>","protected":false},"excerpt":{"rendered":"<p>The new Participative Manual provides guidance on how to involve people in city planning.\u00a0Municipalities, architects, and developers can draw inspiration from it.\u00a0 A participatory process can improve the quality of projects by mutual acknowledgment of each other&#8217;s views, reconciling diverging interests and avoiding conflicts, as well as strengthening people&#8217;s trust in each other, especially in&#8230;<\/p>\n","protected":false},"author":11,"featured_media":0,"parent":0,"menu_order":0,"comment_status":"closed","ping_status":"closed","template":"","meta":{"_acf_changed":false,"inline_featured_image":false,"footnotes":""},"class_list":["post-15451","page","type-page","status-publish","hentry"],"acf":[],"yoast_head":"<!-- This site is optimized with the Yoast SEO plugin v23.4 - https:\/\/yoast.com\/wordpress\/plugins\/seo\/ -->\n<title>Manual for Participative Planning and Socio-Spatial Mapping - Metropolitn\u00fd in\u0161tit\u00fat Bratislavy<\/title>\n<meta name=\"robots\" content=\"index, follow, max-snippet:-1, max-image-preview:large, max-video-preview:-1\" \/>\n<link rel=\"canonical\" href=\"https:\/\/mib.sk\/en\/manual-for-participative-planning-and-socio-spatial-mapping\/\" \/>\n<meta property=\"og:locale\" content=\"en_US\" \/>\n<meta property=\"og:type\" content=\"article\" \/>\n<meta property=\"og:title\" content=\"Manual for Participative Planning and Socio-Spatial Mapping - Metropolitn\u00fd in\u0161tit\u00fat Bratislavy\" \/>\n<meta property=\"og:description\" content=\"The new Participative Manual provides guidance on how to involve people in city planning.\u00a0Municipalities, architects, and developers can draw inspiration from it.\u00a0 A participatory process can improve the quality of projects by mutual acknowledgment of each other&#8217;s views, reconciling diverging interests and avoiding conflicts, as well as strengthening people&#8217;s trust in each other, especially in...\" \/>\n<meta property=\"og:url\" content=\"https:\/\/mib.sk\/en\/manual-for-participative-planning-and-socio-spatial-mapping\/\" \/>\n<meta property=\"og:site_name\" content=\"Metropolitn\u00fd in\u0161tit\u00fat Bratislavy\" \/>\n<meta property=\"article:modified_time\" content=\"2022-09-05T11:38:06+00:00\" \/>\n<meta name=\"twitter:card\" content=\"summary_large_image\" \/>\n<meta name=\"twitter:label1\" content=\"Est. reading time\" \/>\n\t<meta name=\"twitter:data1\" content=\"2 minutes\" \/>\n<script type=\"application\/ld+json\" class=\"yoast-schema-graph\">{\"@context\":\"https:\/\/schema.org\",\"@graph\":[{\"@type\":\"WebPage\",\"@id\":\"https:\/\/mib.sk\/en\/manual-for-participative-planning-and-socio-spatial-mapping\/\",\"url\":\"https:\/\/mib.sk\/en\/manual-for-participative-planning-and-socio-spatial-mapping\/\",\"name\":\"Manual for Participative Planning and Socio-Spatial Mapping - Metropolitn\u00fd in\u0161tit\u00fat Bratislavy\",\"isPartOf\":{\"@id\":\"https:\/\/mib.sk\/#website\"},\"datePublished\":\"2022-09-02T12:26:45+00:00\",\"dateModified\":\"2022-09-05T11:38:06+00:00\",\"breadcrumb\":{\"@id\":\"https:\/\/mib.sk\/en\/manual-for-participative-planning-and-socio-spatial-mapping\/#breadcrumb\"},\"inLanguage\":\"en-US\",\"potentialAction\":[{\"@type\":\"ReadAction\",\"target\":[\"https:\/\/mib.sk\/en\/manual-for-participative-planning-and-socio-spatial-mapping\/\"]}]},{\"@type\":\"BreadcrumbList\",\"@id\":\"https:\/\/mib.sk\/en\/manual-for-participative-planning-and-socio-spatial-mapping\/#breadcrumb\",\"itemListElement\":[{\"@type\":\"ListItem\",\"position\":1,\"name\":\"Home\",\"item\":\"https:\/\/mib.sk\/en\/\"},{\"@type\":\"ListItem\",\"position\":2,\"name\":\"Manual for Participative Planning and Socio-Spatial Mapping\"}]},{\"@type\":\"WebSite\",\"@id\":\"https:\/\/mib.sk\/#website\",\"url\":\"https:\/\/mib.sk\/\",\"name\":\"Metropolitn\u00fd in\u0161tit\u00fat Bratislavy\",\"description\":\"\",\"potentialAction\":[{\"@type\":\"SearchAction\",\"target\":{\"@type\":\"EntryPoint\",\"urlTemplate\":\"https:\/\/mib.sk\/?s={search_term_string}\"},\"query-input\":{\"@type\":\"PropertyValueSpecification\",\"valueRequired\":true,\"valueName\":\"search_term_string\"}}],\"inLanguage\":\"en-US\"}]}<\/script>\n<!-- \/ Yoast SEO plugin. -->","yoast_head_json":{"title":"Manual for Participative Planning and Socio-Spatial Mapping - Metropolitn\u00fd in\u0161tit\u00fat Bratislavy","robots":{"index":"index","follow":"follow","max-snippet":"max-snippet:-1","max-image-preview":"max-image-preview:large","max-video-preview":"max-video-preview:-1"},"canonical":"https:\/\/mib.sk\/en\/manual-for-participative-planning-and-socio-spatial-mapping\/","og_locale":"en_US","og_type":"article","og_title":"Manual for Participative Planning and Socio-Spatial Mapping - Metropolitn\u00fd in\u0161tit\u00fat Bratislavy","og_description":"The new Participative Manual provides guidance on how to involve people in city planning.\u00a0Municipalities, architects, and developers can draw inspiration from it.\u00a0 A participatory process can improve the quality of projects by mutual acknowledgment of each other&#8217;s views, reconciling diverging interests and avoiding conflicts, as well as strengthening people&#8217;s trust in each other, especially in...","og_url":"https:\/\/mib.sk\/en\/manual-for-participative-planning-and-socio-spatial-mapping\/","og_site_name":"Metropolitn\u00fd in\u0161tit\u00fat Bratislavy","article_modified_time":"2022-09-05T11:38:06+00:00","twitter_card":"summary_large_image","twitter_misc":{"Est. reading time":"2 minutes"},"schema":{"@context":"https:\/\/schema.org","@graph":[{"@type":"WebPage","@id":"https:\/\/mib.sk\/en\/manual-for-participative-planning-and-socio-spatial-mapping\/","url":"https:\/\/mib.sk\/en\/manual-for-participative-planning-and-socio-spatial-mapping\/","name":"Manual for Participative Planning and Socio-Spatial Mapping - Metropolitn\u00fd in\u0161tit\u00fat Bratislavy","isPartOf":{"@id":"https:\/\/mib.sk\/#website"},"datePublished":"2022-09-02T12:26:45+00:00","dateModified":"2022-09-05T11:38:06+00:00","breadcrumb":{"@id":"https:\/\/mib.sk\/en\/manual-for-participative-planning-and-socio-spatial-mapping\/#breadcrumb"},"inLanguage":"en-US","potentialAction":[{"@type":"ReadAction","target":["https:\/\/mib.sk\/en\/manual-for-participative-planning-and-socio-spatial-mapping\/"]}]},{"@type":"BreadcrumbList","@id":"https:\/\/mib.sk\/en\/manual-for-participative-planning-and-socio-spatial-mapping\/#breadcrumb","itemListElement":[{"@type":"ListItem","position":1,"name":"Home","item":"https:\/\/mib.sk\/en\/"},{"@type":"ListItem","position":2,"name":"Manual for Participative Planning and Socio-Spatial Mapping"}]},{"@type":"WebSite","@id":"https:\/\/mib.sk\/#website","url":"https:\/\/mib.sk\/","name":"Metropolitn\u00fd in\u0161tit\u00fat Bratislavy","description":"","potentialAction":[{"@type":"SearchAction","target":{"@type":"EntryPoint","urlTemplate":"https:\/\/mib.sk\/?s={search_term_string}"},"query-input":{"@type":"PropertyValueSpecification","valueRequired":true,"valueName":"search_term_string"}}],"inLanguage":"en-US"}]}},"_links":{"self":[{"href":"https:\/\/mib.sk\/en\/wp-json\/wp\/v2\/pages\/15451"}],"collection":[{"href":"https:\/\/mib.sk\/en\/wp-json\/wp\/v2\/pages"}],"about":[{"href":"https:\/\/mib.sk\/en\/wp-json\/wp\/v2\/types\/page"}],"author":[{"embeddable":true,"href":"https:\/\/mib.sk\/en\/wp-json\/wp\/v2\/users\/11"}],"replies":[{"embeddable":true,"href":"https:\/\/mib.sk\/en\/wp-json\/wp\/v2\/comments?post=15451"}],"version-history":[{"count":2,"href":"https:\/\/mib.sk\/en\/wp-json\/wp\/v2\/pages\/15451\/revisions"}],"predecessor-version":[{"id":15481,"href":"https:\/\/mib.sk\/en\/wp-json\/wp\/v2\/pages\/15451\/revisions\/15481"}],"wp:attachment":[{"href":"https:\/\/mib.sk\/en\/wp-json\/wp\/v2\/media?parent=15451"}],"curies":[{"name":"wp","href":"https:\/\/api.w.org\/{rel}","templated":true}]}}