	{"id":15446,"date":"2022-09-02T14:22:40","date_gmt":"2022-09-02T12:22:40","guid":{"rendered":"https:\/\/mib.sk\/?page_id=15446"},"modified":"2024-02-27T10:58:40","modified_gmt":"2024-02-27T09:58:40","slug":"the-principles-and-standards","status":"publish","type":"page","link":"https:\/\/mib.sk\/en\/public-spaces-manual\/the-principles-and-standards\/","title":{"rendered":"The Principles and Standards"},"content":{"rendered":"\n<p><strong>The Principles and Standards form the second part of the Manual, building on the values defined in the <a href=\"https:\/\/mib.sk\/en\/public-spaces-manifest\/?preview_id=15443&amp;preview_nonce=929e1aa901\" target=\"_blank\" rel=\"noreferrer noopener\">Manifest<\/a>.&nbsp;<\/strong><\/p>\n\n\n\n<p>It is a set of operational documents of a more technical nature that define the basic rules of specific elements or parts of the public space with a focus on spatial parameters in the city. They are based on the principles of design and implementation.&nbsp;<\/p>\n\n\n\n<p>The Manual deals with principles and rules in general terms and cannot be adopted mechanically, regardless of context. The Manual is not site-specific. Where they are mentioned, this is to point to exemplary solutions and good or rather unfortunate examples in practice. However, these Principles are not an attempt at standardization and uniformity for all kinds of public spaces. To determine the importance of public spaces and specific interventions, a system of hierarchy could prove to be a natural approach during their study.&nbsp;<\/p>\n\n\n\n<p>The scope of the manual corresponds to the current need for information. It is a document that is kept up-to-date to always reflect the necessary updates and changes.&nbsp;&nbsp;<\/p>\n\n\n\n<p>The system of dividing the document into the Manifest and individual Principles and Standards allows the strategic fields to be operationally supplemented with details from practice or completely new topics.&nbsp;<\/p>\n\n\n\n<div class=\"wp-block-buttons is-layout-flex wp-block-buttons-is-layout-flex\">\n<div class=\"wp-block-button\"><a class=\"wp-block-button__link wp-element-button\" href=\"https:\/\/mib.sk\/wp-content\/uploads\/2022\/04\/MIB_Principy-a-standardy-laviciek-v1_02.pdf\" target=\"_blank\" rel=\"noreferrer noopener\">Street Benches<\/a><\/div>\n\n\n\n<div class=\"wp-block-button\"><a class=\"wp-block-button__link wp-element-button\" href=\"https:\/\/mib.sk\/wp-content\/uploads\/2022\/04\/MIB_Principy-a-standardy-smetnych-kosov-v1_02.pdf\" target=\"_blank\" rel=\"noreferrer noopener\">Waste Bins<\/a><\/div>\n\n\n\n<div class=\"wp-block-button\"><a class=\"wp-block-button__link wp-element-button\" href=\"https:\/\/mib.sk\/wp-content\/uploads\/2022\/04\/MIB_Principy-a-standardy-vonkajsich-teras-v1_02.pdf\" target=\"_blank\" rel=\"noreferrer noopener\">Outdoor Terraces<\/a><\/div>\n\n\n\n<div class=\"wp-block-button\"><a class=\"wp-block-button__link wp-element-button\" href=\"https:\/\/mib.sk\/wp-content\/uploads\/2022\/04\/MIB_Principy-a-standardy-stlpikov-v1_02.pdf\" target=\"_blank\" rel=\"noreferrer noopener\">Street Bollards<\/a><\/div>\n\n\n\n<div class=\"wp-block-button\"><a class=\"wp-block-button__link wp-element-button\" href=\"https:\/\/mib.sk\/wp-content\/uploads\/2022\/04\/MIB_Principy-a-standardy-RIS-v1.01.pdf\" target=\"_blank\" rel=\"noreferrer noopener\">Distribution Box Installations<\/a><\/div>\n\n\n\n<div class=\"wp-block-button\"><a class=\"wp-block-button__link wp-element-button\" href=\"https:\/\/mib.sk\/wp-content\/uploads\/2022\/04\/MIB_Principy-a-standardy-pitnych-fontan-v1_01.pdf\" target=\"_blank\" rel=\"noreferrer noopener\">Drinking Fountains<\/a><\/div>\n\n\n\n<div class=\"wp-block-button\"><a class=\"wp-block-button__link wp-element-button\" href=\"https:\/\/mib.sk\/wp-content\/uploads\/2022\/04\/MIB_Principy-a-standardy-verejneho-osvetlenia-v1_01.pdf\" target=\"_blank\" rel=\"noreferrer noopener\">Public Lighting<\/a><\/div>\n\n\n\n<div class=\"wp-block-button\"><a class=\"wp-block-button__link wp-element-button\" href=\"https:\/\/mib.sk\/wp-content\/uploads\/2022\/04\/MIB_Principy-a-standardy-povrchov-chodnikov-v1_01.pdf\" target=\"_blank\" rel=\"noreferrer noopener\">Sidewalk Surfaces<\/a><\/div>\n\n\n\n<div class=\"wp-block-button\"><a class=\"wp-block-button__link wp-element-button\" href=\"https:\/\/mib.sk\/wp-content\/uploads\/2022\/08\/MIB_Principy-a-standardy-priestorov-chodnikov-v1.01.pdf\" target=\"_blank\" rel=\"noreferrer noopener\">Pedestrian Spaces<\/a><\/div>\n\n\n\n<div class=\"wp-block-button\"><a class=\"wp-block-button__link wp-element-button\" href=\"https:\/\/mib.sk\/wp-content\/uploads\/2022\/05\/MIB_Principy_a_standardy_vonkajsej-reklamy_v-1_01.pdf\" target=\"_blank\" rel=\"noreferrer noopener\">Street Advertising<\/a><\/div>\n\n\n\n<div class=\"wp-block-button\"><a class=\"wp-block-button__link wp-element-button\" href=\"https:\/\/mib.sk\/wp-content\/uploads\/2023\/02\/MIB_Principy-a-standardy-zabradli_v1.01.pdf\" target=\"_blank\" rel=\"noreferrer noopener\">Street railings<\/a><\/div>\n<\/div>\n\n\n\n<div class=\"wp-block-buttons is-layout-flex wp-block-buttons-is-layout-flex\">\n<div class=\"wp-block-button\"><a class=\"wp-block-button__link wp-element-button\" href=\"https:\/\/mib.sk\/wp-content\/uploads\/2022\/11\/MIB_Principy-a-standardy-zelene-v-meste_v1.02.pdf\" target=\"_blank\" rel=\"noreferrer noopener\">Greenery in the City<\/a><\/div>\n\n\n\n<div class=\"wp-block-button\"><a class=\"wp-block-button__link wp-element-button\" href=\"https:\/\/mib.sk\/wp-content\/uploads\/2022\/04\/MIB_Principy-a-standardy-starostlivosti-o-zelen-v1.01.pdf\" target=\"_blank\" rel=\"noreferrer noopener\">Green Care<\/a><\/div>\n\n\n\n<div class=\"wp-block-button\"><a class=\"wp-block-button__link wp-element-button\" href=\"https:\/\/mib.sk\/wp-content\/uploads\/2022\/10\/MIB_Principy-a-standardy-vegetacnych-striech-v1_01.pdf\" target=\"_blank\" rel=\"noreferrer noopener\">Green Roofs<\/a><\/div>\n\n\n\n<div class=\"wp-block-button\"><a class=\"wp-block-button__link wp-element-button\" href=\"https:\/\/mib.sk\/wp-content\/uploads\/2022\/10\/MIB_Principy-a-standardy-vegetacnych-ostrovcekov-v1_01.pdf\" target=\"_blank\" rel=\"noreferrer noopener\">Green Islands<\/a><\/div>\n\n\n\n<div class=\"wp-block-button\"><a class=\"wp-block-button__link wp-element-button\" href=\"https:\/\/mib.sk\/wp-content\/uploads\/2022\/10\/MIB_Principy-a-standardy-vegetacnych-stien-v1_01.pdf\" target=\"_blank\" rel=\"noreferrer noopener\">Green Facades<\/a><\/div>\n<\/div>\n\n\n\n<div class=\"wp-block-buttons is-layout-flex wp-block-buttons-is-layout-flex\">\n<div class=\"wp-block-button\"><a class=\"wp-block-button__link wp-element-button\" href=\"https:\/\/mib.sk\/wp-content\/uploads\/2022\/04\/MIB_Principy-a-standardy-zastavok-MHD-v1_01.pdf\" target=\"_blank\" rel=\"noreferrer noopener\">Public Transport Stops<\/a><\/div>\n\n\n\n<div class=\"wp-block-button\"><a class=\"wp-block-button__link wp-element-button\" href=\"https:\/\/mib.sk\/wp-content\/uploads\/2022\/11\/MIB_Principy-a-standardy-povrchov-nastupist-MHD-v1_01-1.pdf\" target=\"_blank\" rel=\"noreferrer noopener\">Public Transport Platform Surfaces<\/a><\/div>\n<\/div>\n\n\n\n<div class=\"wp-block-buttons is-layout-flex wp-block-buttons-is-layout-flex\">\n<div class=\"wp-block-button\"><a class=\"wp-block-button__link wp-element-button\" href=\"https:\/\/mib.sk\/wp-content\/uploads\/2022\/04\/MIB_Principy-a-standardy-stojanov-na-bicykle-v1_02.pdf\" target=\"_blank\" rel=\"noreferrer noopener\">Bicycle Stands<\/a><\/div>\n\n\n\n<div class=\"wp-block-button\"><a class=\"wp-block-button__link wp-element-button\" href=\"https:\/\/mib.sk\/wp-content\/uploads\/2024\/02\/MIB_Principy-a-standardy-priestorov-cyklotras_textblok.pdf\" target=\"_blank\" rel=\"noreferrer noopener\">Bikeway Spaces<\/a><\/div>\n<\/div>\n\n\n\n<div class=\"wp-block-buttons is-layout-flex wp-block-buttons-is-layout-flex\"><\/div>\n","protected":false},"excerpt":{"rendered":"<p>The Principles and Standards form the second part of the Manual, building on the values defined in the Manifest.&nbsp; It is a set of operational documents of a more technical nature that define the basic rules of specific elements or parts of the public space with a focus on spatial parameters in the city. They&#8230;<\/p>\n","protected":false},"author":11,"featured_media":0,"parent":15440,"menu_order":0,"comment_status":"closed","ping_status":"closed","template":"organisation.php","meta":{"_acf_changed":false,"inline_featured_image":false,"footnotes":""},"class_list":["post-15446","page","type-page","status-publish","hentry"],"acf":[],"yoast_head":"<!-- This site is optimized with the Yoast SEO plugin v23.4 - https:\/\/yoast.com\/wordpress\/plugins\/seo\/ -->\n<title>The Principles and Standards - Metropolitn\u00fd in\u0161tit\u00fat Bratislavy<\/title>\n<meta name=\"robots\" content=\"index, follow, max-snippet:-1, max-image-preview:large, max-video-preview:-1\" \/>\n<link rel=\"canonical\" href=\"https:\/\/mib.sk\/en\/public-spaces-manual\/the-principles-and-standards\/\" \/>\n<meta property=\"og:locale\" content=\"en_US\" \/>\n<meta property=\"og:type\" content=\"article\" \/>\n<meta property=\"og:title\" content=\"The Principles and Standards - Metropolitn\u00fd in\u0161tit\u00fat Bratislavy\" \/>\n<meta property=\"og:description\" content=\"The Principles and Standards form the second part of the Manual, building on the values defined in the Manifest.&nbsp; It is a set of operational documents of a more technical nature that define the basic rules of specific elements or parts of the public space with a focus on spatial parameters in the city. They...\" \/>\n<meta property=\"og:url\" content=\"https:\/\/mib.sk\/en\/public-spaces-manual\/the-principles-and-standards\/\" \/>\n<meta property=\"og:site_name\" content=\"Metropolitn\u00fd in\u0161tit\u00fat Bratislavy\" \/>\n<meta property=\"article:modified_time\" content=\"2024-02-27T09:58:40+00:00\" \/>\n<meta name=\"twitter:card\" content=\"summary_large_image\" \/>\n<meta name=\"twitter:label1\" content=\"Est. reading time\" \/>\n\t<meta name=\"twitter:data1\" content=\"2 minutes\" \/>\n<script type=\"application\/ld+json\" class=\"yoast-schema-graph\">{\"@context\":\"https:\/\/schema.org\",\"@graph\":[{\"@type\":\"WebPage\",\"@id\":\"https:\/\/mib.sk\/en\/public-spaces-manual\/the-principles-and-standards\/\",\"url\":\"https:\/\/mib.sk\/en\/public-spaces-manual\/the-principles-and-standards\/\",\"name\":\"The Principles and Standards - Metropolitn\u00fd in\u0161tit\u00fat Bratislavy\",\"isPartOf\":{\"@id\":\"https:\/\/mib.sk\/#website\"},\"datePublished\":\"2022-09-02T12:22:40+00:00\",\"dateModified\":\"2024-02-27T09:58:40+00:00\",\"breadcrumb\":{\"@id\":\"https:\/\/mib.sk\/en\/public-spaces-manual\/the-principles-and-standards\/#breadcrumb\"},\"inLanguage\":\"en-US\",\"potentialAction\":[{\"@type\":\"ReadAction\",\"target\":[\"https:\/\/mib.sk\/en\/public-spaces-manual\/the-principles-and-standards\/\"]}]},{\"@type\":\"BreadcrumbList\",\"@id\":\"https:\/\/mib.sk\/en\/public-spaces-manual\/the-principles-and-standards\/#breadcrumb\",\"itemListElement\":[{\"@type\":\"ListItem\",\"position\":1,\"name\":\"Home\",\"item\":\"https:\/\/mib.sk\/en\/\"},{\"@type\":\"ListItem\",\"position\":2,\"name\":\"Public Spaces Manual\",\"item\":\"https:\/\/mib.sk\/en\/public-spaces-manual\/\"},{\"@type\":\"ListItem\",\"position\":3,\"name\":\"The Principles and Standards\"}]},{\"@type\":\"WebSite\",\"@id\":\"https:\/\/mib.sk\/#website\",\"url\":\"https:\/\/mib.sk\/\",\"name\":\"Metropolitn\u00fd in\u0161tit\u00fat Bratislavy\",\"description\":\"\",\"potentialAction\":[{\"@type\":\"SearchAction\",\"target\":{\"@type\":\"EntryPoint\",\"urlTemplate\":\"https:\/\/mib.sk\/?s={search_term_string}\"},\"query-input\":{\"@type\":\"PropertyValueSpecification\",\"valueRequired\":true,\"valueName\":\"search_term_string\"}}],\"inLanguage\":\"en-US\"}]}<\/script>\n<!-- \/ Yoast SEO plugin. -->","yoast_head_json":{"title":"The Principles and Standards - Metropolitn\u00fd in\u0161tit\u00fat Bratislavy","robots":{"index":"index","follow":"follow","max-snippet":"max-snippet:-1","max-image-preview":"max-image-preview:large","max-video-preview":"max-video-preview:-1"},"canonical":"https:\/\/mib.sk\/en\/public-spaces-manual\/the-principles-and-standards\/","og_locale":"en_US","og_type":"article","og_title":"The Principles and Standards - Metropolitn\u00fd in\u0161tit\u00fat Bratislavy","og_description":"The Principles and Standards form the second part of the Manual, building on the values defined in the Manifest.&nbsp; It is a set of operational documents of a more technical nature that define the basic rules of specific elements or parts of the public space with a focus on spatial parameters in the city. They...","og_url":"https:\/\/mib.sk\/en\/public-spaces-manual\/the-principles-and-standards\/","og_site_name":"Metropolitn\u00fd in\u0161tit\u00fat Bratislavy","article_modified_time":"2024-02-27T09:58:40+00:00","twitter_card":"summary_large_image","twitter_misc":{"Est. reading time":"2 minutes"},"schema":{"@context":"https:\/\/schema.org","@graph":[{"@type":"WebPage","@id":"https:\/\/mib.sk\/en\/public-spaces-manual\/the-principles-and-standards\/","url":"https:\/\/mib.sk\/en\/public-spaces-manual\/the-principles-and-standards\/","name":"The Principles and Standards - Metropolitn\u00fd in\u0161tit\u00fat Bratislavy","isPartOf":{"@id":"https:\/\/mib.sk\/#website"},"datePublished":"2022-09-02T12:22:40+00:00","dateModified":"2024-02-27T09:58:40+00:00","breadcrumb":{"@id":"https:\/\/mib.sk\/en\/public-spaces-manual\/the-principles-and-standards\/#breadcrumb"},"inLanguage":"en-US","potentialAction":[{"@type":"ReadAction","target":["https:\/\/mib.sk\/en\/public-spaces-manual\/the-principles-and-standards\/"]}]},{"@type":"BreadcrumbList","@id":"https:\/\/mib.sk\/en\/public-spaces-manual\/the-principles-and-standards\/#breadcrumb","itemListElement":[{"@type":"ListItem","position":1,"name":"Home","item":"https:\/\/mib.sk\/en\/"},{"@type":"ListItem","position":2,"name":"Public Spaces Manual","item":"https:\/\/mib.sk\/en\/public-spaces-manual\/"},{"@type":"ListItem","position":3,"name":"The Principles and Standards"}]},{"@type":"WebSite","@id":"https:\/\/mib.sk\/#website","url":"https:\/\/mib.sk\/","name":"Metropolitn\u00fd in\u0161tit\u00fat Bratislavy","description":"","potentialAction":[{"@type":"SearchAction","target":{"@type":"EntryPoint","urlTemplate":"https:\/\/mib.sk\/?s={search_term_string}"},"query-input":{"@type":"PropertyValueSpecification","valueRequired":true,"valueName":"search_term_string"}}],"inLanguage":"en-US"}]}},"_links":{"self":[{"href":"https:\/\/mib.sk\/en\/wp-json\/wp\/v2\/pages\/15446"}],"collection":[{"href":"https:\/\/mib.sk\/en\/wp-json\/wp\/v2\/pages"}],"about":[{"href":"https:\/\/mib.sk\/en\/wp-json\/wp\/v2\/types\/page"}],"author":[{"embeddable":true,"href":"https:\/\/mib.sk\/en\/wp-json\/wp\/v2\/users\/11"}],"replies":[{"embeddable":true,"href":"https:\/\/mib.sk\/en\/wp-json\/wp\/v2\/comments?post=15446"}],"version-history":[{"count":8,"href":"https:\/\/mib.sk\/en\/wp-json\/wp\/v2\/pages\/15446\/revisions"}],"predecessor-version":[{"id":23811,"href":"https:\/\/mib.sk\/en\/wp-json\/wp\/v2\/pages\/15446\/revisions\/23811"}],"up":[{"embeddable":true,"href":"https:\/\/mib.sk\/en\/wp-json\/wp\/v2\/pages\/15440"}],"wp:attachment":[{"href":"https:\/\/mib.sk\/en\/wp-json\/wp\/v2\/media?parent=15446"}],"curies":[{"name":"wp","href":"https:\/\/api.w.org\/{rel}","templated":true}]}}