	{"id":15443,"date":"2022-09-02T14:17:10","date_gmt":"2022-09-02T12:17:10","guid":{"rendered":"https:\/\/mib.sk\/?page_id=15443"},"modified":"2022-09-05T13:38:00","modified_gmt":"2022-09-05T11:38:00","slug":"public-spaces-manifest","status":"publish","type":"page","link":"https:\/\/mib.sk\/en\/public-spaces-manifest\/","title":{"rendered":"Public Spaces Manifest"},"content":{"rendered":"\n<p><strong>The Manifest is a value-based conceptual introduction to the manual of principles and standards.\u00a0<\/strong><\/p>\n\n\n\n<p>It is a values-based document dealing with a general analysis of existing problems and defining its principles.&nbsp;<\/p>\n\n\n\n<p>It also includes evaluation of related topics that affect the quality of public spaces. The main themes are mobility, environment and ecology, climate change adaptation, public health, inclusiveness and security, spatial identity, social environment, governance, and maintenance.&nbsp;<\/p>\n\n\n\n<p>The Manifest draws on these topics for further elaboration in the Principles and Standards. The districts are divided into five chapters: Pedestrian-Friendly City, Green City, Caring City, Attractive City, and Clean City.\u00a0<\/p>\n\n\n\n<figure class=\"wp-block-image size-full\"><img decoding=\"async\" width=\"1024\" height=\"803\" src=\"https:\/\/mib.sk\/wp-content\/uploads\/2022\/04\/manifest-ikony-1024x803-1.png\" alt=\"\" class=\"wp-image-10383\" srcset=\"https:\/\/mib.sk\/wp-content\/uploads\/2022\/04\/manifest-ikony-1024x803-1.png 1024w, https:\/\/mib.sk\/wp-content\/uploads\/2022\/04\/manifest-ikony-1024x803-1-300x235.png 300w, https:\/\/mib.sk\/wp-content\/uploads\/2022\/04\/manifest-ikony-1024x803-1-768x602.png 768w, https:\/\/mib.sk\/wp-content\/uploads\/2022\/04\/manifest-ikony-1024x803-1-344x270.png 344w, https:\/\/mib.sk\/wp-content\/uploads\/2022\/04\/manifest-ikony-1024x803-1-389x305.png 389w, https:\/\/mib.sk\/wp-content\/uploads\/2022\/04\/manifest-ikony-1024x803-1-510x400.png 510w, https:\/\/mib.sk\/wp-content\/uploads\/2022\/04\/manifest-ikony-1024x803-1-200x157.png 200w, https:\/\/mib.sk\/wp-content\/uploads\/2022\/04\/manifest-ikony-1024x803-1-230x180.png 230w, https:\/\/mib.sk\/wp-content\/uploads\/2022\/04\/manifest-ikony-1024x803-1-280x220.png 280w, https:\/\/mib.sk\/wp-content\/uploads\/2022\/04\/manifest-ikony-1024x803-1-810x635.png 810w, https:\/\/mib.sk\/wp-content\/uploads\/2022\/04\/manifest-ikony-1024x803-1-944x740.png 944w, https:\/\/mib.sk\/wp-content\/uploads\/2022\/04\/manifest-ikony-1024x803-1-370x290.png 370w, https:\/\/mib.sk\/wp-content\/uploads\/2022\/04\/manifest-ikony-1024x803-1-260x204.png 260w\" sizes=\"(max-width: 1024px) 100vw, 1024px\" \/><\/figure>\n\n\n\n<p>Each of the chapters discusses specific topics. These are interwoven, complementary, and repetitive between the chapters. They thus create a comprehensive view of the issue of public spaces in the city.&nbsp;<\/p>\n\n\n\n<p>The Manifest for Public Spaces is now also available in English\u00a0<\/p>\n\n\n<div class=\"manual-block-container\">\r\n            <h2>Manifesto for Public Space<\/h2>\r\n        <div class=\"manual-block\">\r\n                    <div class=\"manual-image\">\r\n                <img decoding=\"async\" width=\"346\" height=\"400\" src=\"https:\/\/mib.sk\/wp-content\/uploads\/2022\/04\/image-346x400.png\" class=\"attachment-img_370x400 size-img_370x400\" alt=\"\" srcset=\"https:\/\/mib.sk\/wp-content\/uploads\/2022\/04\/image-346x400.png 346w, https:\/\/mib.sk\/wp-content\/uploads\/2022\/04\/image-259x300.png 259w, https:\/\/mib.sk\/wp-content\/uploads\/2022\/04\/image-234x270.png 234w, https:\/\/mib.sk\/wp-content\/uploads\/2022\/04\/image-264x305.png 264w, https:\/\/mib.sk\/wp-content\/uploads\/2022\/04\/image-156x180.png 156w, https:\/\/mib.sk\/wp-content\/uploads\/2022\/04\/image-242x280.png 242w, https:\/\/mib.sk\/wp-content\/uploads\/2022\/04\/image-549x635.png 549w, https:\/\/mib.sk\/wp-content\/uploads\/2022\/04\/image-640x740.png 640w, https:\/\/mib.sk\/wp-content\/uploads\/2022\/04\/image-225x260.png 225w, https:\/\/mib.sk\/wp-content\/uploads\/2022\/04\/image.png 666w\" sizes=\"(max-width: 346px) 100vw, 346px\" \/>            <\/div>\r\n                <div class=\"manual-buttons\">\r\n                            <a class=\"btn download\" target=\"_blank\" href=\"https:\/\/mib.sk\/wp-content\/uploads\/2022\/04\/Manifesto-for-Public-Spaces.pdf\">Download<\/a>\r\n                                <\/div>\r\n    <\/div>\r\n<\/div>","protected":false},"excerpt":{"rendered":"<p>The Manifest is a value-based conceptual introduction to the manual of principles and standards.\u00a0 It is a values-based document dealing with a general analysis of existing problems and defining its principles.&nbsp; It also includes evaluation of related topics that affect the quality of public spaces. The main themes are mobility, environment and ecology, climate change&#8230;<\/p>\n","protected":false},"author":11,"featured_media":0,"parent":0,"menu_order":0,"comment_status":"closed","ping_status":"closed","template":"","meta":{"_acf_changed":false,"inline_featured_image":false,"footnotes":""},"class_list":["post-15443","page","type-page","status-publish","hentry"],"acf":[],"yoast_head":"<!-- This site is optimized with the Yoast SEO plugin v23.4 - https:\/\/yoast.com\/wordpress\/plugins\/seo\/ -->\n<title>Public Spaces Manifest - Metropolitn\u00fd in\u0161tit\u00fat Bratislavy<\/title>\n<meta name=\"robots\" content=\"index, follow, max-snippet:-1, max-image-preview:large, max-video-preview:-1\" \/>\n<link rel=\"canonical\" href=\"https:\/\/mib.sk\/en\/public-spaces-manifest\/\" \/>\n<meta property=\"og:locale\" content=\"en_US\" \/>\n<meta property=\"og:type\" content=\"article\" \/>\n<meta property=\"og:title\" content=\"Public Spaces Manifest - Metropolitn\u00fd in\u0161tit\u00fat Bratislavy\" \/>\n<meta property=\"og:description\" content=\"The Manifest is a value-based conceptual introduction to the manual of principles and standards.\u00a0 It is a values-based document dealing with a general analysis of existing problems and defining its principles.&nbsp; It also includes evaluation of related topics that affect the quality of public spaces. The main themes are mobility, environment and ecology, climate change...\" \/>\n<meta property=\"og:url\" content=\"https:\/\/mib.sk\/en\/public-spaces-manifest\/\" \/>\n<meta property=\"og:site_name\" content=\"Metropolitn\u00fd in\u0161tit\u00fat Bratislavy\" \/>\n<meta property=\"article:modified_time\" content=\"2022-09-05T11:38:00+00:00\" \/>\n<meta property=\"og:image\" content=\"https:\/\/mib.sk\/wp-content\/uploads\/2022\/04\/manifest-ikony-1024x803-1.png\" \/>\n<meta name=\"twitter:card\" content=\"summary_large_image\" \/>\n<meta name=\"twitter:label1\" content=\"Est. reading time\" \/>\n\t<meta name=\"twitter:data1\" content=\"1 minute\" \/>\n<script type=\"application\/ld+json\" class=\"yoast-schema-graph\">{\"@context\":\"https:\/\/schema.org\",\"@graph\":[{\"@type\":\"WebPage\",\"@id\":\"https:\/\/mib.sk\/en\/public-spaces-manifest\/\",\"url\":\"https:\/\/mib.sk\/en\/public-spaces-manifest\/\",\"name\":\"Public Spaces Manifest - Metropolitn\u00fd in\u0161tit\u00fat Bratislavy\",\"isPartOf\":{\"@id\":\"https:\/\/mib.sk\/#website\"},\"primaryImageOfPage\":{\"@id\":\"https:\/\/mib.sk\/en\/public-spaces-manifest\/#primaryimage\"},\"image\":{\"@id\":\"https:\/\/mib.sk\/en\/public-spaces-manifest\/#primaryimage\"},\"thumbnailUrl\":\"https:\/\/mib.sk\/wp-content\/uploads\/2022\/04\/manifest-ikony-1024x803-1.png\",\"datePublished\":\"2022-09-02T12:17:10+00:00\",\"dateModified\":\"2022-09-05T11:38:00+00:00\",\"breadcrumb\":{\"@id\":\"https:\/\/mib.sk\/en\/public-spaces-manifest\/#breadcrumb\"},\"inLanguage\":\"en-US\",\"potentialAction\":[{\"@type\":\"ReadAction\",\"target\":[\"https:\/\/mib.sk\/en\/public-spaces-manifest\/\"]}]},{\"@type\":\"ImageObject\",\"inLanguage\":\"en-US\",\"@id\":\"https:\/\/mib.sk\/en\/public-spaces-manifest\/#primaryimage\",\"url\":\"https:\/\/mib.sk\/wp-content\/uploads\/2022\/04\/manifest-ikony-1024x803-1.png\",\"contentUrl\":\"https:\/\/mib.sk\/wp-content\/uploads\/2022\/04\/manifest-ikony-1024x803-1.png\"},{\"@type\":\"BreadcrumbList\",\"@id\":\"https:\/\/mib.sk\/en\/public-spaces-manifest\/#breadcrumb\",\"itemListElement\":[{\"@type\":\"ListItem\",\"position\":1,\"name\":\"Home\",\"item\":\"https:\/\/mib.sk\/en\/\"},{\"@type\":\"ListItem\",\"position\":2,\"name\":\"Public Spaces Manifest\"}]},{\"@type\":\"WebSite\",\"@id\":\"https:\/\/mib.sk\/#website\",\"url\":\"https:\/\/mib.sk\/\",\"name\":\"Metropolitn\u00fd in\u0161tit\u00fat Bratislavy\",\"description\":\"\",\"potentialAction\":[{\"@type\":\"SearchAction\",\"target\":{\"@type\":\"EntryPoint\",\"urlTemplate\":\"https:\/\/mib.sk\/?s={search_term_string}\"},\"query-input\":{\"@type\":\"PropertyValueSpecification\",\"valueRequired\":true,\"valueName\":\"search_term_string\"}}],\"inLanguage\":\"en-US\"}]}<\/script>\n<!-- \/ Yoast SEO plugin. -->","yoast_head_json":{"title":"Public Spaces Manifest - Metropolitn\u00fd in\u0161tit\u00fat Bratislavy","robots":{"index":"index","follow":"follow","max-snippet":"max-snippet:-1","max-image-preview":"max-image-preview:large","max-video-preview":"max-video-preview:-1"},"canonical":"https:\/\/mib.sk\/en\/public-spaces-manifest\/","og_locale":"en_US","og_type":"article","og_title":"Public Spaces Manifest - Metropolitn\u00fd in\u0161tit\u00fat Bratislavy","og_description":"The Manifest is a value-based conceptual introduction to the manual of principles and standards.\u00a0 It is a values-based document dealing with a general analysis of existing problems and defining its principles.&nbsp; It also includes evaluation of related topics that affect the quality of public spaces. The main themes are mobility, environment and ecology, climate change...","og_url":"https:\/\/mib.sk\/en\/public-spaces-manifest\/","og_site_name":"Metropolitn\u00fd in\u0161tit\u00fat Bratislavy","article_modified_time":"2022-09-05T11:38:00+00:00","og_image":[{"url":"https:\/\/mib.sk\/wp-content\/uploads\/2022\/04\/manifest-ikony-1024x803-1.png"}],"twitter_card":"summary_large_image","twitter_misc":{"Est. reading time":"1 minute"},"schema":{"@context":"https:\/\/schema.org","@graph":[{"@type":"WebPage","@id":"https:\/\/mib.sk\/en\/public-spaces-manifest\/","url":"https:\/\/mib.sk\/en\/public-spaces-manifest\/","name":"Public Spaces Manifest - Metropolitn\u00fd in\u0161tit\u00fat Bratislavy","isPartOf":{"@id":"https:\/\/mib.sk\/#website"},"primaryImageOfPage":{"@id":"https:\/\/mib.sk\/en\/public-spaces-manifest\/#primaryimage"},"image":{"@id":"https:\/\/mib.sk\/en\/public-spaces-manifest\/#primaryimage"},"thumbnailUrl":"https:\/\/mib.sk\/wp-content\/uploads\/2022\/04\/manifest-ikony-1024x803-1.png","datePublished":"2022-09-02T12:17:10+00:00","dateModified":"2022-09-05T11:38:00+00:00","breadcrumb":{"@id":"https:\/\/mib.sk\/en\/public-spaces-manifest\/#breadcrumb"},"inLanguage":"en-US","potentialAction":[{"@type":"ReadAction","target":["https:\/\/mib.sk\/en\/public-spaces-manifest\/"]}]},{"@type":"ImageObject","inLanguage":"en-US","@id":"https:\/\/mib.sk\/en\/public-spaces-manifest\/#primaryimage","url":"https:\/\/mib.sk\/wp-content\/uploads\/2022\/04\/manifest-ikony-1024x803-1.png","contentUrl":"https:\/\/mib.sk\/wp-content\/uploads\/2022\/04\/manifest-ikony-1024x803-1.png"},{"@type":"BreadcrumbList","@id":"https:\/\/mib.sk\/en\/public-spaces-manifest\/#breadcrumb","itemListElement":[{"@type":"ListItem","position":1,"name":"Home","item":"https:\/\/mib.sk\/en\/"},{"@type":"ListItem","position":2,"name":"Public Spaces Manifest"}]},{"@type":"WebSite","@id":"https:\/\/mib.sk\/#website","url":"https:\/\/mib.sk\/","name":"Metropolitn\u00fd in\u0161tit\u00fat Bratislavy","description":"","potentialAction":[{"@type":"SearchAction","target":{"@type":"EntryPoint","urlTemplate":"https:\/\/mib.sk\/?s={search_term_string}"},"query-input":{"@type":"PropertyValueSpecification","valueRequired":true,"valueName":"search_term_string"}}],"inLanguage":"en-US"}]}},"_links":{"self":[{"href":"https:\/\/mib.sk\/en\/wp-json\/wp\/v2\/pages\/15443"}],"collection":[{"href":"https:\/\/mib.sk\/en\/wp-json\/wp\/v2\/pages"}],"about":[{"href":"https:\/\/mib.sk\/en\/wp-json\/wp\/v2\/types\/page"}],"author":[{"embeddable":true,"href":"https:\/\/mib.sk\/en\/wp-json\/wp\/v2\/users\/11"}],"replies":[{"embeddable":true,"href":"https:\/\/mib.sk\/en\/wp-json\/wp\/v2\/comments?post=15443"}],"version-history":[{"count":3,"href":"https:\/\/mib.sk\/en\/wp-json\/wp\/v2\/pages\/15443\/revisions"}],"predecessor-version":[{"id":15480,"href":"https:\/\/mib.sk\/en\/wp-json\/wp\/v2\/pages\/15443\/revisions\/15480"}],"wp:attachment":[{"href":"https:\/\/mib.sk\/en\/wp-json\/wp\/v2\/media?parent=15443"}],"curies":[{"name":"wp","href":"https:\/\/api.w.org\/{rel}","templated":true}]}}