	{"id":14852,"date":"2022-08-03T10:01:08","date_gmt":"2022-08-03T08:01:08","guid":{"rendered":"https:\/\/mib.sk\/?page_id=14852"},"modified":"2024-01-19T18:15:15","modified_gmt":"2024-01-19T17:15:15","slug":"analyses-and-gis","status":"publish","type":"page","link":"https:\/\/mib.sk\/en\/analyses-and-gis\/","title":{"rendered":"Data and GIS"},"content":{"rendered":"\n<p>Responsible management of urban development requires spatial information that is constantly updated, as well as the ability to use that information.&nbsp;&nbsp;<\/p>\n\n\n\n<p>This challenge has made geographic information science and technology an invaluable part of the work of urban planners.&nbsp;<\/p>\n\n\n\n<p>The Geographic Information System (GIS) is a tool used to acquire, analyse, visualize, and manage the spatially referenced data that underpin the system. They contain information about the geographical location and descriptive information about individual objects.&nbsp;<\/p>\n\n\n\n<p>GIS provides for the creation of spatial analysis and modelling which contributes to many important spatial planning tasks and decisions.<\/p>\n\n\n\n<p>Current Team Workload:&nbsp;<\/p>\n\n\n\n<ul class=\"wp-block-list\">\n<li>Digitization and map processing of the urban study of the height zoning of Bratislava&nbsp;<\/li>\n\n\n\n<li>Digitization and map processing of the full text of Bratislava&#8217;s Master Plan.<\/li>\n\n\n\n<li>Update and digitization of territorial generals (education, culture, sports, green spaces, allotment gardens, etc.)&nbsp;&nbsp;<\/li>\n\n\n\n<li>Creation of a more efficient internal system and stock-checking of amendments and supplements to the spatial plan of the capital city of Bratislava&nbsp;&nbsp;<\/li>\n\n\n\n<li>Map Applications Development&nbsp;&nbsp;<\/li>\n\n\n\n<li>Support for GIS education in other MIB departments&nbsp;<\/li>\n<\/ul>\n\n\n\n<div class=\"wp-block-buttons is-layout-flex wp-block-buttons-is-layout-flex\">\n<div class=\"wp-block-button\"><a class=\"wp-block-button__link wp-element-button\" href=\"https:\/\/geoportal.bratislava.sk\/pfa\/apps\/sites\/#\/verejny-mapovy-portal\/pages\/uzemny-plan\" target=\"_blank\" rel=\"noreferrer noopener\">Public Map Portal<\/a><\/div>\n<\/div>\n","protected":false},"excerpt":{"rendered":"<p>Responsible management of urban development requires spatial information that is constantly updated, as well as the ability to use that information.&nbsp;&nbsp; This challenge has made geographic information science and technology an invaluable part of the work of urban planners.&nbsp; The Geographic Information System (GIS) is a tool used to acquire, analyse, visualize, and manage the&#8230;<\/p>\n","protected":false},"author":7,"featured_media":0,"parent":0,"menu_order":0,"comment_status":"closed","ping_status":"closed","template":"organisation.php","meta":{"_acf_changed":false,"inline_featured_image":false,"footnotes":""},"class_list":["post-14852","page","type-page","status-publish","hentry"],"acf":[],"yoast_head":"<!-- This site is optimized with the Yoast SEO plugin v23.4 - https:\/\/yoast.com\/wordpress\/plugins\/seo\/ -->\n<title>Data and GIS - Metropolitn\u00fd in\u0161tit\u00fat Bratislavy<\/title>\n<meta name=\"robots\" content=\"index, follow, max-snippet:-1, max-image-preview:large, max-video-preview:-1\" \/>\n<link rel=\"canonical\" href=\"https:\/\/mib.sk\/en\/analyses-and-gis\/\" \/>\n<meta property=\"og:locale\" content=\"en_US\" \/>\n<meta property=\"og:type\" content=\"article\" \/>\n<meta property=\"og:title\" content=\"Data and GIS - Metropolitn\u00fd in\u0161tit\u00fat Bratislavy\" \/>\n<meta property=\"og:description\" content=\"Responsible management of urban development requires spatial information that is constantly updated, as well as the ability to use that information.&nbsp;&nbsp; This challenge has made geographic information science and technology an invaluable part of the work of urban planners.&nbsp; The Geographic Information System (GIS) is a tool used to acquire, analyse, visualize, and manage the...\" \/>\n<meta property=\"og:url\" content=\"https:\/\/mib.sk\/en\/analyses-and-gis\/\" \/>\n<meta property=\"og:site_name\" content=\"Metropolitn\u00fd in\u0161tit\u00fat Bratislavy\" \/>\n<meta property=\"article:modified_time\" content=\"2024-01-19T17:15:15+00:00\" \/>\n<meta name=\"twitter:card\" content=\"summary_large_image\" \/>\n<meta name=\"twitter:label1\" content=\"Est. reading time\" \/>\n\t<meta name=\"twitter:data1\" content=\"1 minute\" \/>\n<script type=\"application\/ld+json\" class=\"yoast-schema-graph\">{\"@context\":\"https:\/\/schema.org\",\"@graph\":[{\"@type\":\"WebPage\",\"@id\":\"https:\/\/mib.sk\/en\/analyses-and-gis\/\",\"url\":\"https:\/\/mib.sk\/en\/analyses-and-gis\/\",\"name\":\"Data and GIS - Metropolitn\u00fd in\u0161tit\u00fat Bratislavy\",\"isPartOf\":{\"@id\":\"https:\/\/mib.sk\/#website\"},\"datePublished\":\"2022-08-03T08:01:08+00:00\",\"dateModified\":\"2024-01-19T17:15:15+00:00\",\"breadcrumb\":{\"@id\":\"https:\/\/mib.sk\/en\/analyses-and-gis\/#breadcrumb\"},\"inLanguage\":\"en-US\",\"potentialAction\":[{\"@type\":\"ReadAction\",\"target\":[\"https:\/\/mib.sk\/en\/analyses-and-gis\/\"]}]},{\"@type\":\"BreadcrumbList\",\"@id\":\"https:\/\/mib.sk\/en\/analyses-and-gis\/#breadcrumb\",\"itemListElement\":[{\"@type\":\"ListItem\",\"position\":1,\"name\":\"Home\",\"item\":\"https:\/\/mib.sk\/en\/\"},{\"@type\":\"ListItem\",\"position\":2,\"name\":\"Data and GIS\"}]},{\"@type\":\"WebSite\",\"@id\":\"https:\/\/mib.sk\/#website\",\"url\":\"https:\/\/mib.sk\/\",\"name\":\"Metropolitn\u00fd in\u0161tit\u00fat Bratislavy\",\"description\":\"\",\"potentialAction\":[{\"@type\":\"SearchAction\",\"target\":{\"@type\":\"EntryPoint\",\"urlTemplate\":\"https:\/\/mib.sk\/?s={search_term_string}\"},\"query-input\":{\"@type\":\"PropertyValueSpecification\",\"valueRequired\":true,\"valueName\":\"search_term_string\"}}],\"inLanguage\":\"en-US\"}]}<\/script>\n<!-- \/ Yoast SEO plugin. -->","yoast_head_json":{"title":"Data and GIS - Metropolitn\u00fd in\u0161tit\u00fat Bratislavy","robots":{"index":"index","follow":"follow","max-snippet":"max-snippet:-1","max-image-preview":"max-image-preview:large","max-video-preview":"max-video-preview:-1"},"canonical":"https:\/\/mib.sk\/en\/analyses-and-gis\/","og_locale":"en_US","og_type":"article","og_title":"Data and GIS - Metropolitn\u00fd in\u0161tit\u00fat Bratislavy","og_description":"Responsible management of urban development requires spatial information that is constantly updated, as well as the ability to use that information.&nbsp;&nbsp; This challenge has made geographic information science and technology an invaluable part of the work of urban planners.&nbsp; The Geographic Information System (GIS) is a tool used to acquire, analyse, visualize, and manage the...","og_url":"https:\/\/mib.sk\/en\/analyses-and-gis\/","og_site_name":"Metropolitn\u00fd in\u0161tit\u00fat Bratislavy","article_modified_time":"2024-01-19T17:15:15+00:00","twitter_card":"summary_large_image","twitter_misc":{"Est. reading time":"1 minute"},"schema":{"@context":"https:\/\/schema.org","@graph":[{"@type":"WebPage","@id":"https:\/\/mib.sk\/en\/analyses-and-gis\/","url":"https:\/\/mib.sk\/en\/analyses-and-gis\/","name":"Data and GIS - Metropolitn\u00fd in\u0161tit\u00fat Bratislavy","isPartOf":{"@id":"https:\/\/mib.sk\/#website"},"datePublished":"2022-08-03T08:01:08+00:00","dateModified":"2024-01-19T17:15:15+00:00","breadcrumb":{"@id":"https:\/\/mib.sk\/en\/analyses-and-gis\/#breadcrumb"},"inLanguage":"en-US","potentialAction":[{"@type":"ReadAction","target":["https:\/\/mib.sk\/en\/analyses-and-gis\/"]}]},{"@type":"BreadcrumbList","@id":"https:\/\/mib.sk\/en\/analyses-and-gis\/#breadcrumb","itemListElement":[{"@type":"ListItem","position":1,"name":"Home","item":"https:\/\/mib.sk\/en\/"},{"@type":"ListItem","position":2,"name":"Data and GIS"}]},{"@type":"WebSite","@id":"https:\/\/mib.sk\/#website","url":"https:\/\/mib.sk\/","name":"Metropolitn\u00fd in\u0161tit\u00fat Bratislavy","description":"","potentialAction":[{"@type":"SearchAction","target":{"@type":"EntryPoint","urlTemplate":"https:\/\/mib.sk\/?s={search_term_string}"},"query-input":{"@type":"PropertyValueSpecification","valueRequired":true,"valueName":"search_term_string"}}],"inLanguage":"en-US"}]}},"_links":{"self":[{"href":"https:\/\/mib.sk\/en\/wp-json\/wp\/v2\/pages\/14852"}],"collection":[{"href":"https:\/\/mib.sk\/en\/wp-json\/wp\/v2\/pages"}],"about":[{"href":"https:\/\/mib.sk\/en\/wp-json\/wp\/v2\/types\/page"}],"author":[{"embeddable":true,"href":"https:\/\/mib.sk\/en\/wp-json\/wp\/v2\/users\/7"}],"replies":[{"embeddable":true,"href":"https:\/\/mib.sk\/en\/wp-json\/wp\/v2\/comments?post=14852"}],"version-history":[{"count":5,"href":"https:\/\/mib.sk\/en\/wp-json\/wp\/v2\/pages\/14852\/revisions"}],"predecessor-version":[{"id":23578,"href":"https:\/\/mib.sk\/en\/wp-json\/wp\/v2\/pages\/14852\/revisions\/23578"}],"wp:attachment":[{"href":"https:\/\/mib.sk\/en\/wp-json\/wp\/v2\/media?parent=14852"}],"curies":[{"name":"wp","href":"https:\/\/api.w.org\/{rel}","templated":true}]}}