	{"id":14601,"date":"2022-07-28T16:39:51","date_gmt":"2022-07-28T14:39:51","guid":{"rendered":"https:\/\/mib.sk\/?page_id=14601"},"modified":"2026-02-13T13:45:41","modified_gmt":"2026-02-13T12:45:41","slug":"data-and-gis","status":"publish","type":"page","link":"https:\/\/mib.sk\/en\/organizacna-struktura\/uzemne-planovanie\/data-and-gis\/","title":{"rendered":"Data and GIS"},"content":{"rendered":"\n<h4 class=\"wp-block-heading\"><strong>Responsible management of urban development requires spatial information that is constantly updated, as well as the ability to use that information.\u202f\u202f&nbsp;<\/strong><\/h4>\n\n\n\n<p>This challenge has made geographic information science and technology an invaluable part of the work of urban planners.\u202f&nbsp;<\/p>\n\n\n\n<p>The Geographic Information System (GIS) is a tool used to acquire, analyse, visualize, and manage the spatially referenced data that underpin the system. They contain information about the geographical location and descriptive information about individual objects.\u202f&nbsp;<\/p>\n\n\n\n<p>GIS provides for the creation of spatial analysis and modelling which contributes to many important spatial planning tasks and decisions.&nbsp;&nbsp;<\/p>\n\n\n\n<p><strong>Current Team Workload:\u202f&nbsp;<\/strong><\/p>\n\n\n\n<ul class=\"wp-block-list\">\n<li>Digitization and map processing of the urban study of the height zoning of Bratislava.<\/li>\n\n\n\n<li>Digitization and map processing of the full text of Bratislava&#8217;s Spatial Plan.<\/li>\n\n\n\n<li>Update and digitization of territorial generals (education, culture, sports, green spaces, allotment gardens, etc.)\u202f\u202f&nbsp;<\/li>\n\n\n\n<li>Creation of a more efficient internal system and stock-checking of amendments and supplements to the Spatial plan of the capital city of Bratislava.<\/li>\n\n\n\n<li>Map Applications Development.<\/li>\n\n\n\n<li>Support for GIS education in other MIB departments.<\/li>\n<\/ul>\n\n\n\n\n    <div class=\"person-big-block\">\r\n        \r\n        <div class=\"container\">\r\n            <div class=\"row\">\r\n\r\n                \r\n                                    <div class=\"col-lg-6 static\">\r\n                        <div class=\"person\">\r\n                            <div class=\"person-info\">\r\n                                                                    <div class=\"person-img\">\r\n                                        <img decoding=\"async\" width=\"174\" height=\"260\" src=\"https:\/\/mib.sk\/wp-content\/uploads\/2020\/07\/DSCF1388-2-174x260.jpg\" class=\"attachment-person_260x260 size-person_260x260\" alt=\"\" srcset=\"https:\/\/mib.sk\/wp-content\/uploads\/2020\/07\/DSCF1388-2-174x260.jpg 174w, https:\/\/mib.sk\/wp-content\/uploads\/2020\/07\/DSCF1388-2-200x300.jpg 200w, https:\/\/mib.sk\/wp-content\/uploads\/2020\/07\/DSCF1388-2-684x1024.jpg 684w, https:\/\/mib.sk\/wp-content\/uploads\/2020\/07\/DSCF1388-2-768x1150.jpg 768w, https:\/\/mib.sk\/wp-content\/uploads\/2020\/07\/DSCF1388-2-1026x1536.jpg 1026w, https:\/\/mib.sk\/wp-content\/uploads\/2020\/07\/DSCF1388-2-1368x2048.jpg 1368w, https:\/\/mib.sk\/wp-content\/uploads\/2020\/07\/DSCF1388-2-180x270.jpg 180w, https:\/\/mib.sk\/wp-content\/uploads\/2020\/07\/DSCF1388-2-204x305.jpg 204w, https:\/\/mib.sk\/wp-content\/uploads\/2020\/07\/DSCF1388-2-267x400.jpg 267w, https:\/\/mib.sk\/wp-content\/uploads\/2020\/07\/DSCF1388-2-120x180.jpg 120w, https:\/\/mib.sk\/wp-content\/uploads\/2020\/07\/DSCF1388-2-187x280.jpg 187w, https:\/\/mib.sk\/wp-content\/uploads\/2020\/07\/DSCF1388-2-424x635.jpg 424w, https:\/\/mib.sk\/wp-content\/uploads\/2020\/07\/DSCF1388-2-494x740.jpg 494w, https:\/\/mib.sk\/wp-content\/uploads\/2020\/07\/DSCF1388-2-scaled.jpg 1710w\" sizes=\"(max-width: 174px) 100vw, 174px\" \/>                                    <\/div>\r\n                                                                <div class=\"person-meta\">\r\n                                                                            <h4>Ing. Adam Juh\u00e1s<\/h4>\r\n                                                                                                                <div class=\"position\">Entrusted Head of the Data and GIS Department<\/div>\r\n                                                                                                                <a href=\"mailto:adam.juhas@mib.sk\">adam.juhas@mib.sk<\/a>\r\n                                                                        \r\n                                                                        \r\n                                <\/div>\r\n                            <\/div>\r\n                            <div class=\"person-desc\">\r\n                                                                                            <\/div>\r\n                        <\/div>\r\n                    <\/div>\r\n                                    <div class=\"col-lg-6 static\">\r\n                        <div class=\"person\">\r\n                            <div class=\"person-info\">\r\n                                                                    <div class=\"person-img\">\r\n                                        <img decoding=\"async\" width=\"260\" height=\"260\" src=\"https:\/\/mib.sk\/wp-content\/uploads\/2021\/12\/Marek-Mraz-scaled-e1681212657740-260x260.jpg\" class=\"attachment-person_260x260 size-person_260x260\" alt=\"\" srcset=\"https:\/\/mib.sk\/wp-content\/uploads\/2021\/12\/Marek-Mraz-scaled-e1681212657740-260x260.jpg 260w, https:\/\/mib.sk\/wp-content\/uploads\/2021\/12\/Marek-Mraz-scaled-e1681212657740-300x300.jpg 300w, https:\/\/mib.sk\/wp-content\/uploads\/2021\/12\/Marek-Mraz-scaled-e1681212657740-1024x1024.jpg 1024w, https:\/\/mib.sk\/wp-content\/uploads\/2021\/12\/Marek-Mraz-scaled-e1681212657740-150x150.jpg 150w, https:\/\/mib.sk\/wp-content\/uploads\/2021\/12\/Marek-Mraz-scaled-e1681212657740-768x768.jpg 768w, https:\/\/mib.sk\/wp-content\/uploads\/2021\/12\/Marek-Mraz-scaled-e1681212657740-1536x1536.jpg 1536w, https:\/\/mib.sk\/wp-content\/uploads\/2021\/12\/Marek-Mraz-scaled-e1681212657740-270x270.jpg 270w, https:\/\/mib.sk\/wp-content\/uploads\/2021\/12\/Marek-Mraz-scaled-e1681212657740-305x305.jpg 305w, https:\/\/mib.sk\/wp-content\/uploads\/2021\/12\/Marek-Mraz-scaled-e1681212657740-400x400.jpg 400w, https:\/\/mib.sk\/wp-content\/uploads\/2021\/12\/Marek-Mraz-scaled-e1681212657740-180x180.jpg 180w, https:\/\/mib.sk\/wp-content\/uploads\/2021\/12\/Marek-Mraz-scaled-e1681212657740-280x280.jpg 280w, https:\/\/mib.sk\/wp-content\/uploads\/2021\/12\/Marek-Mraz-scaled-e1681212657740-635x635.jpg 635w, https:\/\/mib.sk\/wp-content\/uploads\/2021\/12\/Marek-Mraz-scaled-e1681212657740-740x740.jpg 740w, https:\/\/mib.sk\/wp-content\/uploads\/2021\/12\/Marek-Mraz-scaled-e1681212657740-370x370.jpg 370w, https:\/\/mib.sk\/wp-content\/uploads\/2021\/12\/Marek-Mraz-scaled-e1681212657740.jpg 1707w\" sizes=\"(max-width: 260px) 100vw, 260px\" \/>                                    <\/div>\r\n                                                                <div class=\"person-meta\">\r\n                                                                            <h4>Mgr. Marek Mr\u00e1z<\/h4>\r\n                                                                                                                <div class=\"position\">GIS Specialist<\/div>\r\n                                                                                                                <a href=\"mailto:marek.mraz@mib.sk\">marek.mraz@mib.sk<\/a>\r\n                                                                        \r\n                                                                        \r\n                                <\/div>\r\n                            <\/div>\r\n                            <div class=\"person-desc\">\r\n                                                                                            <\/div>\r\n                        <\/div>\r\n                    <\/div>\r\n                                    <div class=\"col-lg-6 static\">\r\n                        <div class=\"person\">\r\n                            <div class=\"person-info\">\r\n                                                                    <div class=\"person-img\">\r\n                                        <img decoding=\"async\" width=\"260\" height=\"260\" src=\"https:\/\/mib.sk\/wp-content\/uploads\/2023\/10\/Rybnikar_square-260x260.jpg\" class=\"attachment-person_260x260 size-person_260x260\" alt=\"\" srcset=\"https:\/\/mib.sk\/wp-content\/uploads\/2023\/10\/Rybnikar_square-260x260.jpg 260w, https:\/\/mib.sk\/wp-content\/uploads\/2023\/10\/Rybnikar_square-300x300.jpg 300w, https:\/\/mib.sk\/wp-content\/uploads\/2023\/10\/Rybnikar_square-1024x1024.jpg 1024w, https:\/\/mib.sk\/wp-content\/uploads\/2023\/10\/Rybnikar_square-150x150.jpg 150w, https:\/\/mib.sk\/wp-content\/uploads\/2023\/10\/Rybnikar_square-768x768.jpg 768w, https:\/\/mib.sk\/wp-content\/uploads\/2023\/10\/Rybnikar_square-1536x1536.jpg 1536w, https:\/\/mib.sk\/wp-content\/uploads\/2023\/10\/Rybnikar_square-2048x2048.jpg 2048w, https:\/\/mib.sk\/wp-content\/uploads\/2023\/10\/Rybnikar_square-270x270.jpg 270w, https:\/\/mib.sk\/wp-content\/uploads\/2023\/10\/Rybnikar_square-305x305.jpg 305w, https:\/\/mib.sk\/wp-content\/uploads\/2023\/10\/Rybnikar_square-400x400.jpg 400w, https:\/\/mib.sk\/wp-content\/uploads\/2023\/10\/Rybnikar_square-180x180.jpg 180w, https:\/\/mib.sk\/wp-content\/uploads\/2023\/10\/Rybnikar_square-280x280.jpg 280w, https:\/\/mib.sk\/wp-content\/uploads\/2023\/10\/Rybnikar_square-635x635.jpg 635w, https:\/\/mib.sk\/wp-content\/uploads\/2023\/10\/Rybnikar_square-740x740.jpg 740w, https:\/\/mib.sk\/wp-content\/uploads\/2023\/10\/Rybnikar_square-370x370.jpg 370w\" sizes=\"(max-width: 260px) 100vw, 260px\" \/>                                    <\/div>\r\n                                                                <div class=\"person-meta\">\r\n                                                                            <h4>Mgr. \u013dubo\u0161 Rybnik\u00e1r<\/h4>\r\n                                                                                                                <div class=\"position\">GIS Specialist<\/div>\r\n                                                                                                                <a href=\"mailto:lubos.rybnikar@mib.sk\">lubos.rybnikar@mib.sk<\/a>\r\n                                                                        \r\n                                                                        \r\n                                <\/div>\r\n                            <\/div>\r\n                            <div class=\"person-desc\">\r\n                                                                                            <\/div>\r\n                        <\/div>\r\n                    <\/div>\r\n                            <\/div>\r\n        <\/div>\r\n    <\/div>\r\n","protected":false},"excerpt":{"rendered":"<p>Responsible management of urban development requires spatial information that is constantly updated, as well as the ability to use that information.\u202f\u202f&nbsp; This challenge has made geographic information science and technology an invaluable part of the work of urban planners.\u202f&nbsp; The Geographic Information System (GIS) is a tool used to acquire, analyse, visualize, and manage the&#8230;<\/p>\n","protected":false},"author":11,"featured_media":0,"parent":4014,"menu_order":0,"comment_status":"closed","ping_status":"closed","template":"organisation.php","meta":{"_acf_changed":false,"inline_featured_image":false,"footnotes":""},"class_list":["post-14601","page","type-page","status-publish","hentry"],"acf":[],"yoast_head":"<!-- This site is optimized with the Yoast SEO plugin v23.4 - https:\/\/yoast.com\/wordpress\/plugins\/seo\/ -->\n<title>Data and GIS - Metropolitn\u00fd in\u0161tit\u00fat Bratislavy<\/title>\n<meta name=\"robots\" content=\"index, follow, max-snippet:-1, max-image-preview:large, max-video-preview:-1\" \/>\n<link rel=\"canonical\" href=\"https:\/\/mib.sk\/en\/organizacna-struktura\/uzemne-planovanie\/data-and-gis\/\" \/>\n<meta property=\"og:locale\" content=\"en_US\" \/>\n<meta property=\"og:type\" content=\"article\" \/>\n<meta property=\"og:title\" content=\"Data and GIS - Metropolitn\u00fd in\u0161tit\u00fat Bratislavy\" \/>\n<meta property=\"og:description\" content=\"Responsible management of urban development requires spatial information that is constantly updated, as well as the ability to use that information.\u202f\u202f&nbsp; This challenge has made geographic information science and technology an invaluable part of the work of urban planners.\u202f&nbsp; The Geographic Information System (GIS) is a tool used to acquire, analyse, visualize, and manage the...\" \/>\n<meta property=\"og:url\" content=\"https:\/\/mib.sk\/en\/organizacna-struktura\/uzemne-planovanie\/data-and-gis\/\" \/>\n<meta property=\"og:site_name\" content=\"Metropolitn\u00fd in\u0161tit\u00fat Bratislavy\" \/>\n<meta property=\"article:modified_time\" content=\"2026-02-13T12:45:41+00:00\" \/>\n<meta name=\"twitter:card\" content=\"summary_large_image\" \/>\n<meta name=\"twitter:label1\" content=\"Est. reading time\" \/>\n\t<meta name=\"twitter:data1\" content=\"1 minute\" \/>\n<script type=\"application\/ld+json\" class=\"yoast-schema-graph\">{\"@context\":\"https:\/\/schema.org\",\"@graph\":[{\"@type\":\"WebPage\",\"@id\":\"https:\/\/mib.sk\/en\/organizacna-struktura\/uzemne-planovanie\/data-and-gis\/\",\"url\":\"https:\/\/mib.sk\/en\/organizacna-struktura\/uzemne-planovanie\/data-and-gis\/\",\"name\":\"Data and GIS - Metropolitn\u00fd in\u0161tit\u00fat Bratislavy\",\"isPartOf\":{\"@id\":\"https:\/\/mib.sk\/#website\"},\"datePublished\":\"2022-07-28T14:39:51+00:00\",\"dateModified\":\"2026-02-13T12:45:41+00:00\",\"breadcrumb\":{\"@id\":\"https:\/\/mib.sk\/en\/organizacna-struktura\/uzemne-planovanie\/data-and-gis\/#breadcrumb\"},\"inLanguage\":\"en-US\",\"potentialAction\":[{\"@type\":\"ReadAction\",\"target\":[\"https:\/\/mib.sk\/en\/organizacna-struktura\/uzemne-planovanie\/data-and-gis\/\"]}]},{\"@type\":\"BreadcrumbList\",\"@id\":\"https:\/\/mib.sk\/en\/organizacna-struktura\/uzemne-planovanie\/data-and-gis\/#breadcrumb\",\"itemListElement\":[{\"@type\":\"ListItem\",\"position\":1,\"name\":\"Home\",\"item\":\"https:\/\/mib.sk\/en\/\"},{\"@type\":\"ListItem\",\"position\":2,\"name\":\"Organizational structure\",\"item\":\"https:\/\/mib.sk\/en\/organizacna-struktura\/\"},{\"@type\":\"ListItem\",\"position\":3,\"name\":\"Spatial Planning Section\",\"item\":\"https:\/\/mib.sk\/en\/organizacna-struktura\/uzemne-planovanie\/\"},{\"@type\":\"ListItem\",\"position\":4,\"name\":\"Data and GIS\"}]},{\"@type\":\"WebSite\",\"@id\":\"https:\/\/mib.sk\/#website\",\"url\":\"https:\/\/mib.sk\/\",\"name\":\"Metropolitn\u00fd in\u0161tit\u00fat Bratislavy\",\"description\":\"\",\"potentialAction\":[{\"@type\":\"SearchAction\",\"target\":{\"@type\":\"EntryPoint\",\"urlTemplate\":\"https:\/\/mib.sk\/?s={search_term_string}\"},\"query-input\":{\"@type\":\"PropertyValueSpecification\",\"valueRequired\":true,\"valueName\":\"search_term_string\"}}],\"inLanguage\":\"en-US\"}]}<\/script>\n<!-- \/ Yoast SEO plugin. -->","yoast_head_json":{"title":"Data and GIS - Metropolitn\u00fd in\u0161tit\u00fat Bratislavy","robots":{"index":"index","follow":"follow","max-snippet":"max-snippet:-1","max-image-preview":"max-image-preview:large","max-video-preview":"max-video-preview:-1"},"canonical":"https:\/\/mib.sk\/en\/organizacna-struktura\/uzemne-planovanie\/data-and-gis\/","og_locale":"en_US","og_type":"article","og_title":"Data and GIS - Metropolitn\u00fd in\u0161tit\u00fat Bratislavy","og_description":"Responsible management of urban development requires spatial information that is constantly updated, as well as the ability to use that information.\u202f\u202f&nbsp; This challenge has made geographic information science and technology an invaluable part of the work of urban planners.\u202f&nbsp; The Geographic Information System (GIS) is a tool used to acquire, analyse, visualize, and manage the...","og_url":"https:\/\/mib.sk\/en\/organizacna-struktura\/uzemne-planovanie\/data-and-gis\/","og_site_name":"Metropolitn\u00fd in\u0161tit\u00fat Bratislavy","article_modified_time":"2026-02-13T12:45:41+00:00","twitter_card":"summary_large_image","twitter_misc":{"Est. reading time":"1 minute"},"schema":{"@context":"https:\/\/schema.org","@graph":[{"@type":"WebPage","@id":"https:\/\/mib.sk\/en\/organizacna-struktura\/uzemne-planovanie\/data-and-gis\/","url":"https:\/\/mib.sk\/en\/organizacna-struktura\/uzemne-planovanie\/data-and-gis\/","name":"Data and GIS - Metropolitn\u00fd in\u0161tit\u00fat Bratislavy","isPartOf":{"@id":"https:\/\/mib.sk\/#website"},"datePublished":"2022-07-28T14:39:51+00:00","dateModified":"2026-02-13T12:45:41+00:00","breadcrumb":{"@id":"https:\/\/mib.sk\/en\/organizacna-struktura\/uzemne-planovanie\/data-and-gis\/#breadcrumb"},"inLanguage":"en-US","potentialAction":[{"@type":"ReadAction","target":["https:\/\/mib.sk\/en\/organizacna-struktura\/uzemne-planovanie\/data-and-gis\/"]}]},{"@type":"BreadcrumbList","@id":"https:\/\/mib.sk\/en\/organizacna-struktura\/uzemne-planovanie\/data-and-gis\/#breadcrumb","itemListElement":[{"@type":"ListItem","position":1,"name":"Home","item":"https:\/\/mib.sk\/en\/"},{"@type":"ListItem","position":2,"name":"Organizational structure","item":"https:\/\/mib.sk\/en\/organizacna-struktura\/"},{"@type":"ListItem","position":3,"name":"Spatial Planning Section","item":"https:\/\/mib.sk\/en\/organizacna-struktura\/uzemne-planovanie\/"},{"@type":"ListItem","position":4,"name":"Data and GIS"}]},{"@type":"WebSite","@id":"https:\/\/mib.sk\/#website","url":"https:\/\/mib.sk\/","name":"Metropolitn\u00fd in\u0161tit\u00fat Bratislavy","description":"","potentialAction":[{"@type":"SearchAction","target":{"@type":"EntryPoint","urlTemplate":"https:\/\/mib.sk\/?s={search_term_string}"},"query-input":{"@type":"PropertyValueSpecification","valueRequired":true,"valueName":"search_term_string"}}],"inLanguage":"en-US"}]}},"_links":{"self":[{"href":"https:\/\/mib.sk\/en\/wp-json\/wp\/v2\/pages\/14601"}],"collection":[{"href":"https:\/\/mib.sk\/en\/wp-json\/wp\/v2\/pages"}],"about":[{"href":"https:\/\/mib.sk\/en\/wp-json\/wp\/v2\/types\/page"}],"author":[{"embeddable":true,"href":"https:\/\/mib.sk\/en\/wp-json\/wp\/v2\/users\/11"}],"replies":[{"embeddable":true,"href":"https:\/\/mib.sk\/en\/wp-json\/wp\/v2\/comments?post=14601"}],"version-history":[{"count":20,"href":"https:\/\/mib.sk\/en\/wp-json\/wp\/v2\/pages\/14601\/revisions"}],"predecessor-version":[{"id":30942,"href":"https:\/\/mib.sk\/en\/wp-json\/wp\/v2\/pages\/14601\/revisions\/30942"}],"up":[{"embeddable":true,"href":"https:\/\/mib.sk\/en\/wp-json\/wp\/v2\/pages\/4014"}],"wp:attachment":[{"href":"https:\/\/mib.sk\/en\/wp-json\/wp\/v2\/media?parent=14601"}],"curies":[{"name":"wp","href":"https:\/\/api.w.org\/{rel}","templated":true}]}}